{"id":2522,"date":"2023-11-19T19:45:36","date_gmt":"2023-11-19T18:45:36","guid":{"rendered":"https:\/\/feelmypaint.com\/feelmypaint-vyrobce-umeleckych-barev\/"},"modified":"2025-11-27T10:58:23","modified_gmt":"2025-11-27T09:58:23","slug":"feelmypaint-vyrobce-umeleckych-barev","status":"publish","type":"page","link":"https:\/\/feelmypaint.com\/cs\/","title":{"rendered":"FeelMyPaint &#8211; v\u00fdrobce um\u011bleck\u00fdch barev"},"content":{"rendered":"\t\t<div data-elementor-type=\"wp-page\" data-elementor-id=\"2522\" class=\"elementor elementor-2522 elementor-93\" data-elementor-post-type=\"page\">\n\t\t\t\t<div class=\"elementor-element elementor-element-16de0c3 e-con-full e-flex e-con e-parent\" data-id=\"16de0c3\" data-element_type=\"container\">\n\t\t\t\t<\/div>\n\t\t<div class=\"elementor-element elementor-element-a614c2f e-con-full e-flex e-con e-parent\" data-id=\"a614c2f\" data-element_type=\"container\" data-settings=\"{&quot;background_background&quot;:&quot;classic&quot;}\">\n\t\t\t\t<div class=\"elementor-element elementor-element-20da8b9 elementor-widget elementor-widget-video\" data-id=\"20da8b9\" data-element_type=\"widget\" data-settings=\"{&quot;youtube_url&quot;:&quot;https:\\\/\\\/www.youtube.com\\\/watch?v=kK8RhtTPSzk&quot;,&quot;lazy_load&quot;:&quot;yes&quot;,&quot;show_image_overlay&quot;:&quot;yes&quot;,&quot;image_overlay&quot;:{&quot;url&quot;:&quot;https:\\\/\\\/feelmypaint.com\\\/wp-content\\\/uploads\\\/2025\\\/11\\\/collage-2collage_normal_comp.webp&quot;,&quot;id&quot;:3274,&quot;size&quot;:&quot;&quot;,&quot;alt&quot;:&quot;&quot;,&quot;source&quot;:&quot;library&quot;},&quot;video_type&quot;:&quot;youtube&quot;,&quot;controls&quot;:&quot;yes&quot;}\" data-widget_type=\"video.default\">\n\t\t\t\t<div class=\"elementor-widget-container\">\n\t\t\t\t\t\t\t<div class=\"elementor-wrapper elementor-open-inline\">\n\t\t\t<div class=\"elementor-video\"><\/div>\t\t\t\t<div class=\"elementor-custom-embed-image-overlay\" style=\"background-image: url(https:\/\/feelmypaint.com\/wp-content\/uploads\/2025\/11\/collage-2collage_normal_comp.webp);\">\n\t\t\t\t\t\t\t\t\t\t\t\t\t\t\t\t<div class=\"elementor-custom-embed-play\" role=\"button\" aria-label=\"P\u0159ehr\u00e1t video\" tabindex=\"0\">\n\t\t\t\t\t\t\t<svg aria-hidden=\"true\" class=\"e-font-icon-svg e-eicon-play\" viewBox=\"0 0 1000 1000\" xmlns=\"http:\/\/www.w3.org\/2000\/svg\"><path d=\"M838 162C746 71 633 25 500 25 371 25 258 71 163 162 71 254 25 367 25 500 25 633 71 746 163 837 254 929 367 979 500 979 633 979 746 933 838 837 929 746 975 633 975 500 975 367 929 254 838 162M808 192C892 279 933 379 933 500 933 621 892 725 808 808 725 892 621 938 500 938 379 938 279 896 196 808 113 725 67 621 67 500 67 379 108 279 196 192 279 108 383 62 500 62 621 62 721 108 808 192M438 392V642L642 517 438 392Z\"><\/path><\/svg>\t\t\t\t\t\t<\/div>\n\t\t\t\t\t\t\t\t\t<\/div>\n\t\t\t\t\t<\/div>\n\t\t\t\t\t\t<\/div>\n\t\t\t\t<\/div>\n\t\t\t\t<\/div>\n\t\t<div class=\"elementor-element elementor-element-7d543bf e-con-full e-flex e-con e-parent\" data-id=\"7d543bf\" data-element_type=\"container\" data-settings=\"{&quot;background_background&quot;:&quot;classic&quot;}\">\n\t\t\t\t<\/div>\n\t\t<div class=\"elementor-element elementor-element-710f9b5 e-flex e-con-boxed e-con e-parent\" data-id=\"710f9b5\" data-element_type=\"container\">\n\t\t\t\t\t<div class=\"e-con-inner\">\n\t\t<div class=\"elementor-element elementor-element-a57fa4d e-con-full e-flex e-con e-child\" data-id=\"a57fa4d\" data-element_type=\"container\">\n\t\t\t\t<div class=\"elementor-element elementor-element-4c3a5d4 elementor-widget elementor-widget-image\" data-id=\"4c3a5d4\" data-element_type=\"widget\" data-widget_type=\"image.default\">\n\t\t\t\t<div class=\"elementor-widget-container\">\n\t\t\t\t\t\t\t\t\t\t\t\t\t\t\t<img fetchpriority=\"high\" decoding=\"async\" width=\"418\" height=\"182\" src=\"https:\/\/feelmypaint.com\/wp-content\/uploads\/2023\/11\/FMP_logo_black-1.png\" class=\"attachment-full size-full wp-image-2523\" alt=\"\" srcset=\"https:\/\/feelmypaint.com\/wp-content\/uploads\/2023\/11\/FMP_logo_black-1.png 418w, https:\/\/feelmypaint.com\/wp-content\/uploads\/2023\/11\/FMP_logo_black-1-300x131.png 300w\" sizes=\"(max-width: 418px) 100vw, 418px\" \/>\t\t\t\t\t\t\t\t\t\t\t\t\t\t\t<\/div>\n\t\t\t\t<\/div>\n\t\t\t\t<\/div>\n\t\t<div class=\"elementor-element elementor-element-748ba14 e-con-full e-flex e-con e-child\" data-id=\"748ba14\" data-element_type=\"container\">\n\t\t\t\t<div class=\"elementor-element elementor-element-3d9ce83 elementor-widget__width-initial elementor-widget elementor-widget-text-editor\" data-id=\"3d9ce83\" data-element_type=\"widget\" data-widget_type=\"text-editor.default\">\n\t\t\t\t<div class=\"elementor-widget-container\">\n\t\t\t\t\t\t\t\t\t<p style=\"text-align: left;\">NA\u0160E BARVY<\/p>\n<p style=\"text-align: left;\">Na\u0161e barvy jsou vyr\u00e1b\u011bny ru\u010dn\u011b v mal\u00fdch s\u00e9ri\u00edch, aby byla zaji\u0161t\u011bna jejich kvalita a \u010derstvost. Pou\u017e\u00edv\u00e1me 100% akrylovou prysky\u0159ici a sv\u011btlost\u00e1l\u00e9 pigmenty s nejlep\u0161\u00edm mno\u017estv\u00edm pigmentu a plniva pro ka\u017edou barvu. <\/p>\n\t\t\t\t\t\t\t\t<\/div>\n\t\t\t\t<\/div>\n\t\t\t\t<\/div>\n\t\t<div class=\"elementor-element elementor-element-d1ee8a0 e-con-full e-flex e-con e-child\" data-id=\"d1ee8a0\" data-element_type=\"container\">\n\t\t\t\t<div class=\"elementor-element elementor-element-ae4249a elementor-widget__width-initial elementor-widget elementor-widget-text-editor\" data-id=\"ae4249a\" data-element_type=\"widget\" data-widget_type=\"text-editor.default\">\n\t\t\t\t<div class=\"elementor-widget-container\">\n\t\t\t\t\t\t\t\t\t<p>JAK TO D\u011aL\u00c1ME?<\/p>\n<ul>\n<li>V\u0161estrannost<\/li>\n<li>Rychl\u00e9 schnut\u00ed<\/li>\n<li>Rozpustn\u00e9 ve vod\u011b<\/li>\n<li>Flexibilita a vrstven\u00ed<\/li>\n<li>Kompatibilita s jin\u00fdmi barvami<\/li>\n<\/ul>\n\t\t\t\t\t\t\t\t<\/div>\n\t\t\t\t<\/div>\n\t\t\t\t<\/div>\n\t\t\t\t\t<\/div>\n\t\t\t\t<\/div>\n\t\t<div class=\"elementor-element elementor-element-c17b7c7 e-flex e-con-boxed e-con e-parent\" data-id=\"c17b7c7\" data-element_type=\"container\" data-settings=\"{&quot;background_background&quot;:&quot;classic&quot;}\">\n\t\t\t\t\t<div class=\"e-con-inner\">\n\t\t<div class=\"elementor-element elementor-element-8046f1a e-flex e-con-boxed e-con e-child\" data-id=\"8046f1a\" data-element_type=\"container\" data-settings=\"{&quot;background_background&quot;:&quot;classic&quot;}\">\n\t\t\t\t\t<div class=\"e-con-inner\">\n\t\t<div class=\"elementor-element elementor-element-39d566b e-flex e-con-boxed e-con e-child\" data-id=\"39d566b\" data-element_type=\"container\" data-settings=\"{&quot;background_background&quot;:&quot;classic&quot;}\">\n\t\t\t\t\t<div class=\"e-con-inner\">\n\t\t\t\t<div class=\"elementor-element elementor-element-b88d64d elementor-widget elementor-widget-image\" data-id=\"b88d64d\" data-element_type=\"widget\" data-widget_type=\"image.default\">\n\t\t\t\t<div class=\"elementor-widget-container\">\n\t\t\t\t\t\t\t\t\t\t\t\t\t\t\t\t<a href=\"#elementor-action%3Aaction%3Dpopup%3Aopen%26settings%3DeyJpZCI6MjYyNywidG9nZ2xlIjpmYWxzZX0%3D\">\n\t\t\t\t\t\t\t<img decoding=\"async\" width=\"2000\" height=\"2000\" src=\"https:\/\/feelmypaint.com\/wp-content\/uploads\/2025\/07\/black_transparent_compressed.webp\" class=\"attachment-full size-full wp-image-3111\" alt=\"\" srcset=\"https:\/\/feelmypaint.com\/wp-content\/uploads\/2025\/07\/black_transparent_compressed.webp 2000w, https:\/\/feelmypaint.com\/wp-content\/uploads\/2025\/07\/black_transparent_compressed-300x300.webp 300w, https:\/\/feelmypaint.com\/wp-content\/uploads\/2025\/07\/black_transparent_compressed-1024x1024.webp 1024w, https:\/\/feelmypaint.com\/wp-content\/uploads\/2025\/07\/black_transparent_compressed-150x150.webp 150w, https:\/\/feelmypaint.com\/wp-content\/uploads\/2025\/07\/black_transparent_compressed-768x768.webp 768w, https:\/\/feelmypaint.com\/wp-content\/uploads\/2025\/07\/black_transparent_compressed-1536x1536.webp 1536w\" sizes=\"(max-width: 2000px) 100vw, 2000px\" \/>\t\t\t\t\t\t\t\t<\/a>\n\t\t\t\t\t\t\t\t\t\t\t\t\t\t\t<\/div>\n\t\t\t\t<\/div>\n\t\t<div class=\"elementor-element elementor-element-fc7216f e-con-full e-flex e-con e-child\" data-id=\"fc7216f\" data-element_type=\"container\">\n\t\t\t\t<div class=\"elementor-element elementor-element-880a319 elementor-widget elementor-widget-text-editor\" data-id=\"880a319\" data-element_type=\"widget\" data-widget_type=\"text-editor.default\">\n\t\t\t\t<div class=\"elementor-widget-container\">\n\t\t\t\t\t\t\t\t\t<p style=\"text-align: center;\"><b>PBk11<\/b><strong><br \/><\/strong>mars black<strong><br \/>zelaz black<br \/><\/strong> +++ \u25a0 +++<\/p>\n\t\t\t\t\t\t\t\t<\/div>\n\t\t\t\t<\/div>\n\t\t\t\t<\/div>\n\t\t\t\t\t<\/div>\n\t\t\t\t<\/div>\n\t\t\t\t\t<\/div>\n\t\t\t\t<\/div>\n\t\t<div class=\"elementor-element elementor-element-25dd430 e-flex e-con-boxed e-con e-child\" data-id=\"25dd430\" data-element_type=\"container\" data-settings=\"{&quot;background_background&quot;:&quot;classic&quot;}\">\n\t\t\t\t\t<div class=\"e-con-inner\">\n\t\t<div class=\"elementor-element elementor-element-2386f05 e-flex e-con-boxed e-con e-child\" data-id=\"2386f05\" data-element_type=\"container\" data-settings=\"{&quot;background_background&quot;:&quot;classic&quot;}\">\n\t\t\t\t\t<div class=\"e-con-inner\">\n\t\t\t\t<div class=\"elementor-element elementor-element-72e430e elementor-widget elementor-widget-image\" data-id=\"72e430e\" data-element_type=\"widget\" data-widget_type=\"image.default\">\n\t\t\t\t<div class=\"elementor-widget-container\">\n\t\t\t\t\t\t\t\t\t\t\t\t\t\t\t\t<a href=\"#elementor-action%3Aaction%3Dpopup%3Aopen%26settings%3DeyJpZCI6MTA3NSwidG9nZ2xlIjpmYWxzZX0%3D\">\n\t\t\t\t\t\t\t<img decoding=\"async\" width=\"768\" height=\"768\" src=\"https:\/\/feelmypaint.com\/wp-content\/uploads\/2025\/07\/white_transparent_compressed-768x768.webp\" class=\"attachment-medium_large size-medium_large wp-image-3117\" alt=\"\" srcset=\"https:\/\/feelmypaint.com\/wp-content\/uploads\/2025\/07\/white_transparent_compressed-768x768.webp 768w, https:\/\/feelmypaint.com\/wp-content\/uploads\/2025\/07\/white_transparent_compressed-300x300.webp 300w, https:\/\/feelmypaint.com\/wp-content\/uploads\/2025\/07\/white_transparent_compressed-1024x1024.webp 1024w, https:\/\/feelmypaint.com\/wp-content\/uploads\/2025\/07\/white_transparent_compressed-150x150.webp 150w, https:\/\/feelmypaint.com\/wp-content\/uploads\/2025\/07\/white_transparent_compressed-1536x1536.webp 1536w, https:\/\/feelmypaint.com\/wp-content\/uploads\/2025\/07\/white_transparent_compressed.webp 2000w\" sizes=\"(max-width: 768px) 100vw, 768px\" \/>\t\t\t\t\t\t\t\t<\/a>\n\t\t\t\t\t\t\t\t\t\t\t\t\t\t\t<\/div>\n\t\t\t\t<\/div>\n\t\t<div class=\"elementor-element elementor-element-a1f421e e-con-full e-flex e-con e-child\" data-id=\"a1f421e\" data-element_type=\"container\">\n\t\t\t\t<div class=\"elementor-element elementor-element-2fc25ff elementor-widget elementor-widget-text-editor\" data-id=\"2fc25ff\" data-element_type=\"widget\" data-widget_type=\"text-editor.default\">\n\t\t\t\t<div class=\"elementor-widget-container\">\n\t\t\t\t\t\t\t\t\t<p style=\"text-align: center;\"><b>PW6<\/b><strong><br \/><\/strong>titanov\u00e1 b\u00edl\u00e1<strong><br \/>titanov\u00e1<\/strong> b\u00edl\u00e1<strong><br \/>+++ \u25a0<\/strong><strong>\u25a0 titanov\u00e1<\/strong> b\u00edl\u00e1<\/p>\n\t\t\t\t\t\t\t\t<\/div>\n\t\t\t\t<\/div>\n\t\t\t\t<\/div>\n\t\t\t\t\t<\/div>\n\t\t\t\t<\/div>\n\t\t\t\t\t<\/div>\n\t\t\t\t<\/div>\n\t\t<div class=\"elementor-element elementor-element-a49ddb6 e-flex e-con-boxed e-con e-child\" data-id=\"a49ddb6\" data-element_type=\"container\" data-settings=\"{&quot;background_background&quot;:&quot;classic&quot;}\">\n\t\t\t\t\t<div class=\"e-con-inner\">\n\t\t<div class=\"elementor-element elementor-element-2e8eef7 e-flex e-con-boxed e-con e-child\" data-id=\"2e8eef7\" data-element_type=\"container\" data-settings=\"{&quot;background_background&quot;:&quot;classic&quot;}\">\n\t\t\t\t\t<div class=\"e-con-inner\">\n\t\t\t\t<div class=\"elementor-element elementor-element-ce78bd6 elementor-widget elementor-widget-image\" data-id=\"ce78bd6\" data-element_type=\"widget\" data-widget_type=\"image.default\">\n\t\t\t\t<div class=\"elementor-widget-container\">\n\t\t\t\t\t\t\t\t\t\t\t\t\t\t\t\t<a href=\"#elementor-action%3Aaction%3Dpopup%3Aopen%26settings%3DeyJpZCI6MTA2OCwidG9nZ2xlIjpmYWxzZX0%3D\">\n\t\t\t\t\t\t\t<img loading=\"lazy\" decoding=\"async\" width=\"768\" height=\"768\" src=\"https:\/\/feelmypaint.com\/wp-content\/uploads\/2025\/07\/yellow_transparent_compressed-768x768.webp\" class=\"attachment-medium_large size-medium_large wp-image-3123\" alt=\"\" srcset=\"https:\/\/feelmypaint.com\/wp-content\/uploads\/2025\/07\/yellow_transparent_compressed-768x768.webp 768w, https:\/\/feelmypaint.com\/wp-content\/uploads\/2025\/07\/yellow_transparent_compressed-300x300.webp 300w, https:\/\/feelmypaint.com\/wp-content\/uploads\/2025\/07\/yellow_transparent_compressed-1024x1024.webp 1024w, https:\/\/feelmypaint.com\/wp-content\/uploads\/2025\/07\/yellow_transparent_compressed-150x150.webp 150w, https:\/\/feelmypaint.com\/wp-content\/uploads\/2025\/07\/yellow_transparent_compressed-1536x1536.webp 1536w, https:\/\/feelmypaint.com\/wp-content\/uploads\/2025\/07\/yellow_transparent_compressed.webp 2000w\" sizes=\"(max-width: 768px) 100vw, 768px\" \/>\t\t\t\t\t\t\t\t<\/a>\n\t\t\t\t\t\t\t\t\t\t\t\t\t\t\t<\/div>\n\t\t\t\t<\/div>\n\t\t<div class=\"elementor-element elementor-element-8fd6dad e-con-full e-flex e-con e-child\" data-id=\"8fd6dad\" data-element_type=\"container\">\n\t\t\t\t<div class=\"elementor-element elementor-element-fec2bf7 elementor-widget elementor-widget-text-editor\" data-id=\"fec2bf7\" data-element_type=\"widget\" data-widget_type=\"text-editor.default\">\n\t\t\t\t<div class=\"elementor-widget-container\">\n\t\t\t\t\t\t\t\t\t<p style=\"text-align: center;\"><b>PY74<\/b><strong><br \/><\/strong>prim\u00e1rn\u00ed \u017elut\u00e1<strong><br \/>prim\u00e1rn\u00ed \u017elut\u00e1<br \/><\/strong> +++<strong>\u25ea<\/strong><\/p>\n\t\t\t\t\t\t\t\t<\/div>\n\t\t\t\t<\/div>\n\t\t\t\t<\/div>\n\t\t\t\t\t<\/div>\n\t\t\t\t<\/div>\n\t\t\t\t\t<\/div>\n\t\t\t\t<\/div>\n\t\t<div class=\"elementor-element elementor-element-ffa767b e-flex e-con-boxed e-con e-child\" data-id=\"ffa767b\" data-element_type=\"container\" data-settings=\"{&quot;background_background&quot;:&quot;classic&quot;}\">\n\t\t\t\t\t<div class=\"e-con-inner\">\n\t\t<div class=\"elementor-element elementor-element-773f7ef e-flex e-con-boxed e-con e-child\" data-id=\"773f7ef\" data-element_type=\"container\" data-settings=\"{&quot;background_background&quot;:&quot;classic&quot;}\">\n\t\t\t\t\t<div class=\"e-con-inner\">\n\t\t\t\t<div class=\"elementor-element elementor-element-ffc308f elementor-widget elementor-widget-image\" data-id=\"ffc308f\" data-element_type=\"widget\" data-widget_type=\"image.default\">\n\t\t\t\t<div class=\"elementor-widget-container\">\n\t\t\t\t\t\t\t\t\t\t\t\t\t\t\t\t<a href=\"#elementor-action%3Aaction%3Dpopup%3Aopen%26settings%3DeyJpZCI6MTAzMCwidG9nZ2xlIjpmYWxzZX0%3D\">\n\t\t\t\t\t\t\t<img loading=\"lazy\" decoding=\"async\" width=\"768\" height=\"768\" src=\"https:\/\/feelmypaint.com\/wp-content\/uploads\/2025\/07\/ultramarine_transparent_compressed-768x768.webp\" class=\"attachment-medium_large size-medium_large wp-image-3129\" alt=\"\" srcset=\"https:\/\/feelmypaint.com\/wp-content\/uploads\/2025\/07\/ultramarine_transparent_compressed-768x768.webp 768w, https:\/\/feelmypaint.com\/wp-content\/uploads\/2025\/07\/ultramarine_transparent_compressed-300x300.webp 300w, https:\/\/feelmypaint.com\/wp-content\/uploads\/2025\/07\/ultramarine_transparent_compressed-1024x1024.webp 1024w, https:\/\/feelmypaint.com\/wp-content\/uploads\/2025\/07\/ultramarine_transparent_compressed-150x150.webp 150w, https:\/\/feelmypaint.com\/wp-content\/uploads\/2025\/07\/ultramarine_transparent_compressed-1536x1536.webp 1536w, https:\/\/feelmypaint.com\/wp-content\/uploads\/2025\/07\/ultramarine_transparent_compressed.webp 2000w\" sizes=\"(max-width: 768px) 100vw, 768px\" \/>\t\t\t\t\t\t\t\t<\/a>\n\t\t\t\t\t\t\t\t\t\t\t\t\t\t\t<\/div>\n\t\t\t\t<\/div>\n\t\t<div class=\"elementor-element elementor-element-f3d3b0f e-con-full e-flex e-con e-child\" data-id=\"f3d3b0f\" data-element_type=\"container\">\n\t\t\t\t<div class=\"elementor-element elementor-element-6087fcd elementor-widget elementor-widget-text-editor\" data-id=\"6087fcd\" data-element_type=\"widget\" data-widget_type=\"text-editor.default\">\n\t\t\t\t<div class=\"elementor-widget-container\">\n\t\t\t\t\t\t\t\t\t<p style=\"text-align: center;\"><b>PB29<\/b><strong><br \/><\/strong><strong>ultramar\u00edn<br \/>ultramar\u00edn<br \/><\/strong> +++ \u25a1<\/p>\n\t\t\t\t\t\t\t\t<\/div>\n\t\t\t\t<\/div>\n\t\t\t\t<\/div>\n\t\t\t\t\t<\/div>\n\t\t\t\t<\/div>\n\t\t\t\t\t<\/div>\n\t\t\t\t<\/div>\n\t\t\t\t\t<\/div>\n\t\t\t\t<\/div>\n\t\t<div class=\"elementor-element elementor-element-7b1b5e8 e-flex e-con-boxed e-con e-parent\" data-id=\"7b1b5e8\" data-element_type=\"container\" data-settings=\"{&quot;background_background&quot;:&quot;classic&quot;}\">\n\t\t\t\t\t<div class=\"e-con-inner\">\n\t\t\t\t<div class=\"elementor-element elementor-element-b6c4270 elementor-align-center elementor-widget elementor-widget-button\" data-id=\"b6c4270\" data-element_type=\"widget\" data-widget_type=\"button.default\">\n\t\t\t\t<div class=\"elementor-widget-container\">\n\t\t\t\t\t\t\t\t\t<div class=\"elementor-button-wrapper\">\n\t\t\t\t\t<a class=\"elementor-button elementor-button-link elementor-size-lg\" href=\"https:\/\/feelmypaint.com\/cs\/barvy\/\">\n\t\t\t\t\t\t<span class=\"elementor-button-content-wrapper\">\n\t\t\t\t\t\t\t\t\t<span class=\"elementor-button-text\">P\u0159e\u010dt\u011bte si v\u00edce<\/span>\n\t\t\t\t\t<\/span>\n\t\t\t\t\t<\/a>\n\t\t\t\t<\/div>\n\t\t\t\t\t\t\t\t<\/div>\n\t\t\t\t<\/div>\n\t\t\t\t\t<\/div>\n\t\t\t\t<\/div>\n\t\t\t\t<\/div>\n\t\t","protected":false},"excerpt":{"rendered":"<p>NA\u0160E BARVY Na\u0161e barvy jsou vyr\u00e1b\u011bny ru\u010dn\u011b v mal\u00fdch s\u00e9ri\u00edch, aby byla zaji\u0161t\u011bna jejich kvalita a \u010derstvost. Pou\u017e\u00edv\u00e1me 100% akrylovou prysky\u0159ici a sv\u011btlost\u00e1l\u00e9 pigmenty s nejlep\u0161\u00edm mno\u017estv\u00edm pigmentu a plniva pro ka\u017edou barvu. JAK TO D\u011aL\u00c1ME? V\u0161estrannost Rychl\u00e9 schnut\u00ed Rozpustn\u00e9 ve vod\u011b Flexibilita a vrstven\u00ed Kompatibilita s jin\u00fdmi barvami PBk11mars blackzelaz black +++ \u25a0 +++ [&hellip;]<\/p>\n","protected":false},"author":1,"featured_media":0,"parent":0,"menu_order":0,"comment_status":"closed","ping_status":"closed","template":"","meta":{"footnotes":""},"class_list":["post-2522","page","type-page","status-publish","hentry"],"yoast_head":"<!-- This site is optimized with the Yoast SEO plugin v26.5 - https:\/\/yoast.com\/wordpress\/plugins\/seo\/ -->\n<title>FeelMyPaint - v\u00fdrobce um\u011bleck\u00fdch barev - FeelMyPaint<\/title>\n<meta name=\"robots\" content=\"index, follow, max-snippet:-1, max-image-preview:large, max-video-preview:-1\" \/>\n<link rel=\"canonical\" href=\"https:\/\/feelmypaint.com\/cs\/\" \/>\n<meta property=\"og:locale\" content=\"cs_CZ\" \/>\n<meta property=\"og:type\" content=\"article\" \/>\n<meta property=\"og:title\" content=\"FeelMyPaint - v\u00fdrobce um\u011bleck\u00fdch barev - FeelMyPaint\" \/>\n<meta property=\"og:description\" content=\"NA\u0160E BARVY Na\u0161e barvy jsou vyr\u00e1b\u011bny ru\u010dn\u011b v mal\u00fdch s\u00e9ri\u00edch, aby byla zaji\u0161t\u011bna jejich kvalita a \u010derstvost. Pou\u017e\u00edv\u00e1me 100% akrylovou prysky\u0159ici a sv\u011btlost\u00e1l\u00e9 pigmenty s nejlep\u0161\u00edm mno\u017estv\u00edm pigmentu a plniva pro ka\u017edou barvu. JAK TO D\u011aL\u00c1ME? V\u0161estrannost Rychl\u00e9 schnut\u00ed Rozpustn\u00e9 ve vod\u011b Flexibilita a vrstven\u00ed Kompatibilita s jin\u00fdmi barvami PBk11mars blackzelaz black +++ \u25a0 +++ [&hellip;]\" \/>\n<meta property=\"og:url\" content=\"https:\/\/feelmypaint.com\/cs\/\" \/>\n<meta property=\"og:site_name\" content=\"FeelMyPaint\" \/>\n<meta property=\"article:publisher\" content=\"https:\/\/www.facebook.com\/feelmypaintpl\" \/>\n<meta property=\"article:modified_time\" content=\"2025-11-27T09:58:23+00:00\" \/>\n<meta property=\"og:image\" content=\"https:\/\/feelmypaint.com\/wp-content\/uploads\/2023\/11\/FMP_logo_black-1.png\" \/>\n\t<meta property=\"og:image:width\" content=\"418\" \/>\n\t<meta property=\"og:image:height\" content=\"182\" \/>\n\t<meta property=\"og:image:type\" content=\"image\/png\" \/>\n<meta name=\"twitter:card\" content=\"summary_large_image\" \/>\n<meta name=\"twitter:label1\" content=\"Odhadovan\u00e1 doba \u010dten\u00ed\" \/>\n\t<meta name=\"twitter:data1\" content=\"1 minuta\" \/>\n<script type=\"application\/ld+json\" class=\"yoast-schema-graph\">{\"@context\":\"https:\/\/schema.org\",\"@graph\":[{\"@type\":\"WebPage\",\"@id\":\"https:\/\/feelmypaint.com\/cs\/\",\"url\":\"https:\/\/feelmypaint.com\/cs\/\",\"name\":\"FeelMyPaint - v\u00fdrobce um\u011bleck\u00fdch barev - FeelMyPaint\",\"isPartOf\":{\"@id\":\"https:\/\/feelmypaint.com\/cs\/#website\"},\"primaryImageOfPage\":{\"@id\":\"https:\/\/feelmypaint.com\/cs\/#primaryimage\"},\"image\":{\"@id\":\"https:\/\/feelmypaint.com\/cs\/#primaryimage\"},\"thumbnailUrl\":\"https:\/\/feelmypaint.com\/wp-content\/uploads\/2023\/11\/FMP_logo_black-1.png\",\"datePublished\":\"2023-11-19T18:45:36+00:00\",\"dateModified\":\"2025-11-27T09:58:23+00:00\",\"breadcrumb\":{\"@id\":\"https:\/\/feelmypaint.com\/cs\/#breadcrumb\"},\"inLanguage\":\"cs\",\"potentialAction\":[{\"@type\":\"ReadAction\",\"target\":[\"https:\/\/feelmypaint.com\/cs\/\"]}]},{\"@type\":\"ImageObject\",\"inLanguage\":\"cs\",\"@id\":\"https:\/\/feelmypaint.com\/cs\/#primaryimage\",\"url\":\"https:\/\/feelmypaint.com\/wp-content\/uploads\/2023\/11\/FMP_logo_black-1.png\",\"contentUrl\":\"https:\/\/feelmypaint.com\/wp-content\/uploads\/2023\/11\/FMP_logo_black-1.png\"},{\"@type\":\"BreadcrumbList\",\"@id\":\"https:\/\/feelmypaint.com\/cs\/#breadcrumb\",\"itemListElement\":[{\"@type\":\"ListItem\",\"position\":1,\"name\":\"Strona g\u0142\u00f3wna\",\"item\":\"https:\/\/feelmypaint.com\/cs\/\"},{\"@type\":\"ListItem\",\"position\":2,\"name\":\"FeelMyPaint &#8211; v\u00fdrobce um\u011bleck\u00fdch barev\"}]},{\"@type\":\"WebSite\",\"@id\":\"https:\/\/feelmypaint.com\/cs\/#website\",\"url\":\"https:\/\/feelmypaint.com\/cs\/\",\"name\":\"FeelMyPaint - producent farb artystycznych\",\"description\":\"\",\"potentialAction\":[{\"@type\":\"SearchAction\",\"target\":{\"@type\":\"EntryPoint\",\"urlTemplate\":\"https:\/\/feelmypaint.com\/cs\/?s={search_term_string}\"},\"query-input\":{\"@type\":\"PropertyValueSpecification\",\"valueRequired\":true,\"valueName\":\"search_term_string\"}}],\"inLanguage\":\"cs\"}]}<\/script>\n<!-- \/ Yoast SEO plugin. -->","yoast_head_json":{"title":"FeelMyPaint - v\u00fdrobce um\u011bleck\u00fdch barev - FeelMyPaint","robots":{"index":"index","follow":"follow","max-snippet":"max-snippet:-1","max-image-preview":"max-image-preview:large","max-video-preview":"max-video-preview:-1"},"canonical":"https:\/\/feelmypaint.com\/cs\/","og_locale":"cs_CZ","og_type":"article","og_title":"FeelMyPaint - v\u00fdrobce um\u011bleck\u00fdch barev - FeelMyPaint","og_description":"NA\u0160E BARVY Na\u0161e barvy jsou vyr\u00e1b\u011bny ru\u010dn\u011b v mal\u00fdch s\u00e9ri\u00edch, aby byla zaji\u0161t\u011bna jejich kvalita a \u010derstvost. Pou\u017e\u00edv\u00e1me 100% akrylovou prysky\u0159ici a sv\u011btlost\u00e1l\u00e9 pigmenty s nejlep\u0161\u00edm mno\u017estv\u00edm pigmentu a plniva pro ka\u017edou barvu. JAK TO D\u011aL\u00c1ME? V\u0161estrannost Rychl\u00e9 schnut\u00ed Rozpustn\u00e9 ve vod\u011b Flexibilita a vrstven\u00ed Kompatibilita s jin\u00fdmi barvami PBk11mars blackzelaz black +++ \u25a0 +++ [&hellip;]","og_url":"https:\/\/feelmypaint.com\/cs\/","og_site_name":"FeelMyPaint","article_publisher":"https:\/\/www.facebook.com\/feelmypaintpl","article_modified_time":"2025-11-27T09:58:23+00:00","og_image":[{"width":418,"height":182,"url":"https:\/\/feelmypaint.com\/wp-content\/uploads\/2023\/11\/FMP_logo_black-1.png","type":"image\/png"}],"twitter_card":"summary_large_image","twitter_misc":{"Odhadovan\u00e1 doba \u010dten\u00ed":"1 minuta"},"schema":{"@context":"https:\/\/schema.org","@graph":[{"@type":"WebPage","@id":"https:\/\/feelmypaint.com\/cs\/","url":"https:\/\/feelmypaint.com\/cs\/","name":"FeelMyPaint - v\u00fdrobce um\u011bleck\u00fdch barev - FeelMyPaint","isPartOf":{"@id":"https:\/\/feelmypaint.com\/cs\/#website"},"primaryImageOfPage":{"@id":"https:\/\/feelmypaint.com\/cs\/#primaryimage"},"image":{"@id":"https:\/\/feelmypaint.com\/cs\/#primaryimage"},"thumbnailUrl":"https:\/\/feelmypaint.com\/wp-content\/uploads\/2023\/11\/FMP_logo_black-1.png","datePublished":"2023-11-19T18:45:36+00:00","dateModified":"2025-11-27T09:58:23+00:00","breadcrumb":{"@id":"https:\/\/feelmypaint.com\/cs\/#breadcrumb"},"inLanguage":"cs","potentialAction":[{"@type":"ReadAction","target":["https:\/\/feelmypaint.com\/cs\/"]}]},{"@type":"ImageObject","inLanguage":"cs","@id":"https:\/\/feelmypaint.com\/cs\/#primaryimage","url":"https:\/\/feelmypaint.com\/wp-content\/uploads\/2023\/11\/FMP_logo_black-1.png","contentUrl":"https:\/\/feelmypaint.com\/wp-content\/uploads\/2023\/11\/FMP_logo_black-1.png"},{"@type":"BreadcrumbList","@id":"https:\/\/feelmypaint.com\/cs\/#breadcrumb","itemListElement":[{"@type":"ListItem","position":1,"name":"Strona g\u0142\u00f3wna","item":"https:\/\/feelmypaint.com\/cs\/"},{"@type":"ListItem","position":2,"name":"FeelMyPaint &#8211; v\u00fdrobce um\u011bleck\u00fdch barev"}]},{"@type":"WebSite","@id":"https:\/\/feelmypaint.com\/cs\/#website","url":"https:\/\/feelmypaint.com\/cs\/","name":"FeelMyPaint - producent farb artystycznych","description":"","potentialAction":[{"@type":"SearchAction","target":{"@type":"EntryPoint","urlTemplate":"https:\/\/feelmypaint.com\/cs\/?s={search_term_string}"},"query-input":{"@type":"PropertyValueSpecification","valueRequired":true,"valueName":"search_term_string"}}],"inLanguage":"cs"}]}},"_links":{"self":[{"href":"https:\/\/feelmypaint.com\/cs\/wp-json\/wp\/v2\/pages\/2522","targetHints":{"allow":["GET"]}}],"collection":[{"href":"https:\/\/feelmypaint.com\/cs\/wp-json\/wp\/v2\/pages"}],"about":[{"href":"https:\/\/feelmypaint.com\/cs\/wp-json\/wp\/v2\/types\/page"}],"author":[{"embeddable":true,"href":"https:\/\/feelmypaint.com\/cs\/wp-json\/wp\/v2\/users\/1"}],"replies":[{"embeddable":true,"href":"https:\/\/feelmypaint.com\/cs\/wp-json\/wp\/v2\/comments?post=2522"}],"version-history":[{"count":5,"href":"https:\/\/feelmypaint.com\/cs\/wp-json\/wp\/v2\/pages\/2522\/revisions"}],"predecessor-version":[{"id":3282,"href":"https:\/\/feelmypaint.com\/cs\/wp-json\/wp\/v2\/pages\/2522\/revisions\/3282"}],"wp:attachment":[{"href":"https:\/\/feelmypaint.com\/cs\/wp-json\/wp\/v2\/media?parent=2522"}],"curies":[{"name":"wp","href":"https:\/\/api.w.org\/{rel}","templated":true}]}}