{"id":2544,"date":"2023-11-19T21:53:34","date_gmt":"2023-11-19T20:53:34","guid":{"rendered":"https:\/\/feelmypaint.com\/jak\/"},"modified":"2025-07-30T10:22:26","modified_gmt":"2025-07-30T09:22:26","slug":"jak","status":"publish","type":"page","link":"https:\/\/feelmypaint.com\/cs\/jak\/","title":{"rendered":"jak"},"content":{"rendered":"\t\t<div data-elementor-type=\"wp-page\" data-elementor-id=\"2544\" class=\"elementor elementor-2544 elementor-160\" data-elementor-post-type=\"page\">\n\t\t\t\t<div class=\"elementor-element elementor-element-5772526 e-con-full e-flex e-con e-parent\" data-id=\"5772526\" data-element_type=\"container\" data-settings=\"{&quot;background_background&quot;:&quot;classic&quot;}\">\n\t\t<div class=\"elementor-element elementor-element-9c02133 e-con-full e-flex e-con e-child\" data-id=\"9c02133\" data-element_type=\"container\">\n\t\t<div class=\"elementor-element elementor-element-5014360 e-flex e-con-boxed e-con e-child\" data-id=\"5014360\" data-element_type=\"container\">\n\t\t\t\t\t<div class=\"e-con-inner\">\n\t\t\t\t<div class=\"elementor-element elementor-element-e2dfb06 elementor-widget elementor-widget-text-editor\" data-id=\"e2dfb06\" data-element_type=\"widget\" data-widget_type=\"text-editor.default\">\n\t\t\t\t<div class=\"elementor-widget-container\">\n\t\t\t\t\t\t\t\t\t<p style=\"text-align: left;\"><strong>JAK<\/strong><\/p>\n\t\t\t\t\t\t\t\t<\/div>\n\t\t\t\t<\/div>\n\t\t\t\t\t<\/div>\n\t\t\t\t<\/div>\n\t\t\t\t<div class=\"elementor-element elementor-element-3e5ae3a elementor-widget elementor-widget-text-editor\" data-id=\"3e5ae3a\" data-element_type=\"widget\" data-widget_type=\"text-editor.default\">\n\t\t\t\t<div class=\"elementor-widget-container\">\n\t\t\t\t\t\t\t\t\t<h1 style=\"text-align: left;\"><strong>Jak to d\u011bl\u00e1me?<\/strong><\/h1>\n<p style=\"text-align: left;\">Proces v\u00fdroby na\u0161ich akrylov\u00fdch barev je kombinac\u00ed preciznosti, zku\u0161enost\u00ed a ru\u010dn\u00edho dohledu v ka\u017ed\u00e9 f\u00e1zi. V\u0161e se odehr\u00e1v\u00e1 v na\u0161em ateli\u00e9ru v Krakov\u011b \u2014 krok za krokem: <\/p>\n\t\t\t\t\t\t\t\t<\/div>\n\t\t\t\t<\/div>\n\t\t\t\t<\/div>\n\t\t\t\t<\/div>\n\t\t<div class=\"elementor-element elementor-element-a3da2f7 e-con-full e-flex e-con e-parent\" data-id=\"a3da2f7\" data-element_type=\"container\" data-settings=\"{&quot;background_background&quot;:&quot;classic&quot;}\">\n\t\t<div class=\"elementor-element elementor-element-6a177ab e-con-full e-flex e-con e-child\" data-id=\"6a177ab\" data-element_type=\"container\">\n\t\t\t\t<div class=\"elementor-element elementor-element-0b1017f elementor-widget__width-initial elementor-widget elementor-widget-image\" data-id=\"0b1017f\" data-element_type=\"widget\" data-widget_type=\"image.default\">\n\t\t\t\t<div class=\"elementor-widget-container\">\n\t\t\t\t\t\t\t\t\t\t\t\t\t\t\t<img fetchpriority=\"high\" decoding=\"async\" width=\"505\" height=\"419\" src=\"https:\/\/feelmypaint.com\/wp-content\/uploads\/2024\/02\/Capture.png\" class=\"attachment-large size-large wp-image-2549\" alt=\"\" srcset=\"https:\/\/feelmypaint.com\/wp-content\/uploads\/2024\/02\/Capture.png 505w, https:\/\/feelmypaint.com\/wp-content\/uploads\/2024\/02\/Capture-300x249.png 300w\" sizes=\"(max-width: 505px) 100vw, 505px\" \/>\t\t\t\t\t\t\t\t\t\t\t\t\t\t\t<\/div>\n\t\t\t\t<\/div>\n\t\t\t\t<\/div>\n\t\t<div class=\"elementor-element elementor-element-7de7756 e-con-full e-flex e-con e-child\" data-id=\"7de7756\" data-element_type=\"container\">\n\t\t\t\t<div class=\"elementor-element elementor-element-7d3c322 elementor-widget elementor-widget-text-editor\" data-id=\"7d3c322\" data-element_type=\"widget\" data-widget_type=\"text-editor.default\">\n\t\t\t\t<div class=\"elementor-widget-container\">\n\t\t\t\t\t\t\t\t\t<h1>PRVN\u00cd ETAPA<\/h1>\n\t\t\t\t\t\t\t\t<\/div>\n\t\t\t\t<\/div>\n\t\t\t\t<div class=\"elementor-element elementor-element-a741762 elementor-widget__width-initial elementor-widget elementor-widget-text-editor\" data-id=\"a741762\" data-element_type=\"widget\" data-widget_type=\"text-editor.default\">\n\t\t\t\t<div class=\"elementor-widget-container\">\n\t\t\t\t\t\t\t\t\t<p data-start=\"691\" data-end=\"826\">Za\u010d\u00edn\u00e1me p\u0159\u00edpravou kl\u00ed\u010dov\u00fdch ingredienc\u00ed:<br data-start=\"740\" data-end=\"743\">\u2714 akrylov\u00e9 disperze,<br data-start=\"781\" data-end=\"784\">\u2714 pigment\u016f,<br data-start=\"796\" data-end=\"799\">\u2714 plnidel a p\u0159\u00edsad.<\/p>\n<p data-start=\"828\" data-end=\"912\">Ka\u017ed\u00e1 ingredience je pe\u010dliv\u011b v\u00e1\u017eena, aby byla zachov\u00e1na opakovatelnost receptury a kvalita.<\/p>\n\t\t\t\t\t\t\t\t<\/div>\n\t\t\t\t<\/div>\n\t\t\t\t<\/div>\n\t\t\t\t<\/div>\n\t\t<div class=\"elementor-element elementor-element-fd65b94 e-con-full e-flex e-con e-parent\" data-id=\"fd65b94\" data-element_type=\"container\" data-settings=\"{&quot;background_background&quot;:&quot;classic&quot;}\">\n\t\t<div class=\"elementor-element elementor-element-ca5a861 e-con-full e-flex e-con e-child\" data-id=\"ca5a861\" data-element_type=\"container\">\n\t\t\t\t<div class=\"elementor-element elementor-element-37af32a elementor-widget__width-initial elementor-widget elementor-widget-image\" data-id=\"37af32a\" data-element_type=\"widget\" data-widget_type=\"image.default\">\n\t\t\t\t<div class=\"elementor-widget-container\">\n\t\t\t\t\t\t\t\t\t\t\t\t\t\t\t<img decoding=\"async\" width=\"443\" height=\"477\" src=\"https:\/\/feelmypaint.com\/wp-content\/uploads\/2024\/02\/Capture2.webp\" class=\"attachment-large size-large wp-image-2550\" alt=\"\" srcset=\"https:\/\/feelmypaint.com\/wp-content\/uploads\/2024\/02\/Capture2.webp 443w, https:\/\/feelmypaint.com\/wp-content\/uploads\/2024\/02\/Capture2-279x300.webp 279w\" sizes=\"(max-width: 443px) 100vw, 443px\" \/>\t\t\t\t\t\t\t\t\t\t\t\t\t\t\t<\/div>\n\t\t\t\t<\/div>\n\t\t\t\t<\/div>\n\t\t<div class=\"elementor-element elementor-element-c5df6de e-con-full e-flex e-con e-child\" data-id=\"c5df6de\" data-element_type=\"container\">\n\t\t\t\t<div class=\"elementor-element elementor-element-e8fb13e elementor-widget elementor-widget-text-editor\" data-id=\"e8fb13e\" data-element_type=\"widget\" data-widget_type=\"text-editor.default\">\n\t\t\t\t<div class=\"elementor-widget-container\">\n\t\t\t\t\t\t\t\t\t<h1>DRUH\u00c1 ETAPA<\/h1>\n\t\t\t\t\t\t\t\t<\/div>\n\t\t\t\t<\/div>\n\t\t\t\t<div class=\"elementor-element elementor-element-9e13d5b elementor-widget__width-initial elementor-widget elementor-widget-text-editor\" data-id=\"9e13d5b\" data-element_type=\"widget\" data-widget_type=\"text-editor.default\">\n\t\t\t\t<div class=\"elementor-widget-container\">\n\t\t\t\t\t\t\t\t\t<p>Disperzi m\u00edch\u00e1me s vodou a p\u0159\u00edsadami, a pot\u00e9 \u2014 p\u0159i n\u00edzk\u00e9 rychlosti \u2014 p\u0159id\u00e1v\u00e1me pigment.<br \/>Jde o to, aby ka\u017ed\u00e1 \u010d\u00e1stice barviva byla rovnom\u011brn\u011b zvlh\u010dena \u2014 to zaru\u010duje \u010distotu barvy a trvanlivost efektu.<\/p>\n\t\t\t\t\t\t\t\t<\/div>\n\t\t\t\t<\/div>\n\t\t\t\t<\/div>\n\t\t\t\t<\/div>\n\t\t<div class=\"elementor-element elementor-element-c0771ed e-con-full e-flex e-con e-parent\" data-id=\"c0771ed\" data-element_type=\"container\" data-settings=\"{&quot;background_background&quot;:&quot;classic&quot;}\">\n\t\t<div class=\"elementor-element elementor-element-938dd79 e-con-full e-flex e-con e-child\" data-id=\"938dd79\" data-element_type=\"container\">\n\t\t\t\t<div class=\"elementor-element elementor-element-fa770e5 elementor-widget__width-initial elementor-widget elementor-widget-image\" data-id=\"fa770e5\" data-element_type=\"widget\" data-widget_type=\"image.default\">\n\t\t\t\t<div class=\"elementor-widget-container\">\n\t\t\t\t\t\t\t\t\t\t\t\t\t\t\t<img decoding=\"async\" width=\"411\" height=\"353\" src=\"https:\/\/feelmypaint.com\/wp-content\/uploads\/2024\/02\/Capture3.webp\" class=\"attachment-large size-large wp-image-2551\" alt=\"\" srcset=\"https:\/\/feelmypaint.com\/wp-content\/uploads\/2024\/02\/Capture3.webp 411w, https:\/\/feelmypaint.com\/wp-content\/uploads\/2024\/02\/Capture3-300x258.webp 300w\" sizes=\"(max-width: 411px) 100vw, 411px\" \/>\t\t\t\t\t\t\t\t\t\t\t\t\t\t\t<\/div>\n\t\t\t\t<\/div>\n\t\t\t\t<\/div>\n\t\t<div class=\"elementor-element elementor-element-f52c274 e-con-full e-flex e-con e-child\" data-id=\"f52c274\" data-element_type=\"container\">\n\t\t\t\t<div class=\"elementor-element elementor-element-130fef8 elementor-widget elementor-widget-text-editor\" data-id=\"130fef8\" data-element_type=\"widget\" data-widget_type=\"text-editor.default\">\n\t\t\t\t<div class=\"elementor-widget-container\">\n\t\t\t\t\t\t\t\t\t<h1>T\u0158ET\u00cd ETAPA<\/h1>\n\t\t\t\t\t\t\t\t<\/div>\n\t\t\t\t<\/div>\n\t\t\t\t<div class=\"elementor-element elementor-element-10b248d elementor-widget__width-initial elementor-widget elementor-widget-text-editor\" data-id=\"10b248d\" data-element_type=\"widget\" data-widget_type=\"text-editor.default\">\n\t\t\t\t<div class=\"elementor-widget-container\">\n\t\t\t\t\t\t\t\t\t<p data-start=\"1232\" data-end=\"1472\">Zvy\u0161ujeme rychlost m\u00edch\u00e1n\u00ed, abychom z\u00edskali homogenn\u00ed hmotu.<br data-start=\"1290\" data-end=\"1293\">Pot\u00e9 barva putuje do t\u0159\u00edv\u00e1lcov\u00fdch ml\u00fdn\u016f, kde je mleta do hladk\u00e9, kr\u00e9mov\u00e9 konzistence. To je ten okam\u017eik, kdy se barva st\u00e1v\u00e1 opravdu p\u0159\u00edjemnou na pr\u00e1ci. <\/p>\n<p data-start=\"1474\" data-end=\"1591\">Po mlet\u00ed odeb\u00edr\u00e1me vzorky a prov\u00e1d\u00edme kontrolu kvality \u2014 kontrolujeme viskozitu, barvu, kryt\u00ed a stabilitu.<\/p>\n\t\t\t\t\t\t\t\t<\/div>\n\t\t\t\t<\/div>\n\t\t\t\t<\/div>\n\t\t\t\t<\/div>\n\t\t<div class=\"elementor-element elementor-element-4cff758 e-con-full e-flex e-con e-parent\" data-id=\"4cff758\" data-element_type=\"container\" data-settings=\"{&quot;background_background&quot;:&quot;classic&quot;}\">\n\t\t<div class=\"elementor-element elementor-element-c7a1d15 e-con-full e-flex e-con e-child\" data-id=\"c7a1d15\" data-element_type=\"container\">\n\t\t\t\t<div class=\"elementor-element elementor-element-9ac2bac elementor-widget__width-initial elementor-widget elementor-widget-image\" data-id=\"9ac2bac\" data-element_type=\"widget\" data-widget_type=\"image.default\">\n\t\t\t\t<div class=\"elementor-widget-container\">\n\t\t\t\t\t\t\t\t\t\t\t\t\t\t\t<img loading=\"lazy\" decoding=\"async\" width=\"423\" height=\"463\" src=\"https:\/\/feelmypaint.com\/wp-content\/uploads\/2024\/02\/Capture4.webp\" class=\"attachment-large size-large wp-image-2552\" alt=\"\" srcset=\"https:\/\/feelmypaint.com\/wp-content\/uploads\/2024\/02\/Capture4.webp 423w, https:\/\/feelmypaint.com\/wp-content\/uploads\/2024\/02\/Capture4-274x300.webp 274w\" sizes=\"(max-width: 423px) 100vw, 423px\" \/>\t\t\t\t\t\t\t\t\t\t\t\t\t\t\t<\/div>\n\t\t\t\t<\/div>\n\t\t\t\t<\/div>\n\t\t<div class=\"elementor-element elementor-element-34abc17 e-con-full e-flex e-con e-child\" data-id=\"34abc17\" data-element_type=\"container\">\n\t\t\t\t<div class=\"elementor-element elementor-element-7b1d906 elementor-widget elementor-widget-text-editor\" data-id=\"7b1d906\" data-element_type=\"widget\" data-widget_type=\"text-editor.default\">\n\t\t\t\t<div class=\"elementor-widget-container\">\n\t\t\t\t\t\t\t\t\t<h1>\u010cTVRT\u00c1 ETAPA<\/h1>\n\t\t\t\t\t\t\t\t<\/div>\n\t\t\t\t<\/div>\n\t\t\t\t<div class=\"elementor-element elementor-element-3904b40 elementor-widget__width-initial elementor-widget elementor-widget-text-editor\" data-id=\"3904b40\" data-element_type=\"widget\" data-widget_type=\"text-editor.default\">\n\t\t\t\t<div class=\"elementor-widget-container\">\n\t\t\t\t\t\t\t\t\t<p>Pouze barvy, kter\u00e9 pro\u0161ly kontrolou kvality, putuj\u00ed do tub a sklenic.<br data-start=\"1695\" data-end=\"1698\">Uzav\u00edr\u00e1me je hermeticky, aby byly p\u0159ipraveny k odesl\u00e1n\u00ed \u2014 \u010derstv\u00e9, \u010dist\u00e9 a p\u0159ipraven\u00e9 k malov\u00e1n\u00ed.<\/p>\n<\/p>\n<p>Ka\u017ed\u00e1 \u0161ar\u017ee barvy je vytv\u00e1\u0159ena s p\u00e9\u010d\u00ed a kontrolou \u2014 ne masov\u011b, ale v promy\u0161len\u00fdch, mal\u00fdch s\u00e9ri\u00edch.<br data-start=\"1907\" data-end=\"1910\">D\u00edky tomu m\u016f\u017eete m\u00edt jistotu, \u017ee tubu, kterou dr\u017e\u00edte v ruce, byla opravdu \u201ehl\u00edd\u00e1na\u201c od za\u010d\u00e1tku do konce.<\/p>\n\t\t\t\t\t\t\t\t<\/div>\n\t\t\t\t<\/div>\n\t\t\t\t<\/div>\n\t\t\t\t<\/div>\n\t\t<div class=\"elementor-element elementor-element-5f2c290 e-flex e-con-boxed e-con e-parent\" data-id=\"5f2c290\" data-element_type=\"container\">\n\t\t\t\t\t<div class=\"e-con-inner\">\n\t\t\t\t\t<\/div>\n\t\t\t\t<\/div>\n\t\t<div class=\"elementor-element elementor-element-965b67a e-flex e-con-boxed e-con e-parent\" data-id=\"965b67a\" data-element_type=\"container\">\n\t\t\t\t\t<div class=\"e-con-inner\">\n\t\t\t\t\t<\/div>\n\t\t\t\t<\/div>\n\t\t\t\t<\/div>\n\t\t","protected":false},"excerpt":{"rendered":"<p>JAK Jak to d\u011bl\u00e1me? Proces v\u00fdroby na\u0161ich akrylov\u00fdch barev je kombinac\u00ed preciznosti, zku\u0161enost\u00ed a ru\u010dn\u00edho dohledu v ka\u017ed\u00e9 f\u00e1zi. V\u0161e se odehr\u00e1v\u00e1 v na\u0161em ateli\u00e9ru v Krakov\u011b \u2014 krok za krokem: PRVN\u00cd ETAPA Za\u010d\u00edn\u00e1me p\u0159\u00edpravou kl\u00ed\u010dov\u00fdch ingredienc\u00ed:\u2714 akrylov\u00e9 disperze,\u2714 pigment\u016f,\u2714 plnidel a p\u0159\u00edsad. Ka\u017ed\u00e1 ingredience je pe\u010dliv\u011b v\u00e1\u017eena, aby byla zachov\u00e1na opakovatelnost receptury a kvalita. [&hellip;]<\/p>\n","protected":false},"author":1,"featured_media":0,"parent":0,"menu_order":0,"comment_status":"closed","ping_status":"closed","template":"","meta":{"footnotes":""},"class_list":["post-2544","page","type-page","status-publish","hentry"],"yoast_head":"<!-- This site is optimized with the Yoast SEO plugin v26.5 - https:\/\/yoast.com\/wordpress\/plugins\/seo\/ -->\n<title>jak - FeelMyPaint<\/title>\n<meta name=\"robots\" content=\"index, follow, max-snippet:-1, max-image-preview:large, max-video-preview:-1\" \/>\n<link rel=\"canonical\" href=\"https:\/\/feelmypaint.com\/cs\/jak\/\" \/>\n<meta property=\"og:locale\" content=\"cs_CZ\" \/>\n<meta property=\"og:type\" content=\"article\" \/>\n<meta property=\"og:title\" content=\"jak - FeelMyPaint\" \/>\n<meta property=\"og:description\" content=\"JAK Jak to d\u011bl\u00e1me? Proces v\u00fdroby na\u0161ich akrylov\u00fdch barev je kombinac\u00ed preciznosti, zku\u0161enost\u00ed a ru\u010dn\u00edho dohledu v ka\u017ed\u00e9 f\u00e1zi. V\u0161e se odehr\u00e1v\u00e1 v na\u0161em ateli\u00e9ru v Krakov\u011b \u2014 krok za krokem: PRVN\u00cd ETAPA Za\u010d\u00edn\u00e1me p\u0159\u00edpravou kl\u00ed\u010dov\u00fdch ingredienc\u00ed:\u2714 akrylov\u00e9 disperze,\u2714 pigment\u016f,\u2714 plnidel a p\u0159\u00edsad. Ka\u017ed\u00e1 ingredience je pe\u010dliv\u011b v\u00e1\u017eena, aby byla zachov\u00e1na opakovatelnost receptury a kvalita. [&hellip;]\" \/>\n<meta property=\"og:url\" content=\"https:\/\/feelmypaint.com\/cs\/jak\/\" \/>\n<meta property=\"og:site_name\" content=\"FeelMyPaint\" \/>\n<meta property=\"article:publisher\" content=\"https:\/\/www.facebook.com\/feelmypaintpl\" \/>\n<meta property=\"article:modified_time\" content=\"2025-07-30T09:22:26+00:00\" \/>\n<meta property=\"og:image\" content=\"https:\/\/feelmypaint.com\/wp-content\/uploads\/2024\/02\/Capture.png\" \/>\n\t<meta property=\"og:image:width\" content=\"505\" \/>\n\t<meta property=\"og:image:height\" content=\"419\" \/>\n\t<meta property=\"og:image:type\" content=\"image\/png\" \/>\n<meta name=\"twitter:card\" content=\"summary_large_image\" \/>\n<meta name=\"twitter:label1\" content=\"Odhadovan\u00e1 doba \u010dten\u00ed\" \/>\n\t<meta name=\"twitter:data1\" content=\"1 minuta\" \/>\n<script type=\"application\/ld+json\" class=\"yoast-schema-graph\">{\"@context\":\"https:\/\/schema.org\",\"@graph\":[{\"@type\":\"WebPage\",\"@id\":\"https:\/\/feelmypaint.com\/cs\/jak\/\",\"url\":\"https:\/\/feelmypaint.com\/cs\/jak\/\",\"name\":\"jak - FeelMyPaint\",\"isPartOf\":{\"@id\":\"https:\/\/feelmypaint.com\/cs\/#website\"},\"primaryImageOfPage\":{\"@id\":\"https:\/\/feelmypaint.com\/cs\/jak\/#primaryimage\"},\"image\":{\"@id\":\"https:\/\/feelmypaint.com\/cs\/jak\/#primaryimage\"},\"thumbnailUrl\":\"https:\/\/feelmypaint.com\/wp-content\/uploads\/2024\/02\/Capture.png\",\"datePublished\":\"2023-11-19T20:53:34+00:00\",\"dateModified\":\"2025-07-30T09:22:26+00:00\",\"breadcrumb\":{\"@id\":\"https:\/\/feelmypaint.com\/cs\/jak\/#breadcrumb\"},\"inLanguage\":\"cs\",\"potentialAction\":[{\"@type\":\"ReadAction\",\"target\":[\"https:\/\/feelmypaint.com\/cs\/jak\/\"]}]},{\"@type\":\"ImageObject\",\"inLanguage\":\"cs\",\"@id\":\"https:\/\/feelmypaint.com\/cs\/jak\/#primaryimage\",\"url\":\"https:\/\/feelmypaint.com\/wp-content\/uploads\/2024\/02\/Capture.png\",\"contentUrl\":\"https:\/\/feelmypaint.com\/wp-content\/uploads\/2024\/02\/Capture.png\"},{\"@type\":\"BreadcrumbList\",\"@id\":\"https:\/\/feelmypaint.com\/cs\/jak\/#breadcrumb\",\"itemListElement\":[{\"@type\":\"ListItem\",\"position\":1,\"name\":\"Strona g\u0142\u00f3wna\",\"item\":\"https:\/\/feelmypaint.com\/cs\/\"},{\"@type\":\"ListItem\",\"position\":2,\"name\":\"jak\"}]},{\"@type\":\"WebSite\",\"@id\":\"https:\/\/feelmypaint.com\/cs\/#website\",\"url\":\"https:\/\/feelmypaint.com\/cs\/\",\"name\":\"FeelMyPaint - producent farb artystycznych\",\"description\":\"\",\"potentialAction\":[{\"@type\":\"SearchAction\",\"target\":{\"@type\":\"EntryPoint\",\"urlTemplate\":\"https:\/\/feelmypaint.com\/cs\/?s={search_term_string}\"},\"query-input\":{\"@type\":\"PropertyValueSpecification\",\"valueRequired\":true,\"valueName\":\"search_term_string\"}}],\"inLanguage\":\"cs\"}]}<\/script>\n<!-- \/ Yoast SEO plugin. -->","yoast_head_json":{"title":"jak - FeelMyPaint","robots":{"index":"index","follow":"follow","max-snippet":"max-snippet:-1","max-image-preview":"max-image-preview:large","max-video-preview":"max-video-preview:-1"},"canonical":"https:\/\/feelmypaint.com\/cs\/jak\/","og_locale":"cs_CZ","og_type":"article","og_title":"jak - FeelMyPaint","og_description":"JAK Jak to d\u011bl\u00e1me? Proces v\u00fdroby na\u0161ich akrylov\u00fdch barev je kombinac\u00ed preciznosti, zku\u0161enost\u00ed a ru\u010dn\u00edho dohledu v ka\u017ed\u00e9 f\u00e1zi. V\u0161e se odehr\u00e1v\u00e1 v na\u0161em ateli\u00e9ru v Krakov\u011b \u2014 krok za krokem: PRVN\u00cd ETAPA Za\u010d\u00edn\u00e1me p\u0159\u00edpravou kl\u00ed\u010dov\u00fdch ingredienc\u00ed:\u2714 akrylov\u00e9 disperze,\u2714 pigment\u016f,\u2714 plnidel a p\u0159\u00edsad. Ka\u017ed\u00e1 ingredience je pe\u010dliv\u011b v\u00e1\u017eena, aby byla zachov\u00e1na opakovatelnost receptury a kvalita. [&hellip;]","og_url":"https:\/\/feelmypaint.com\/cs\/jak\/","og_site_name":"FeelMyPaint","article_publisher":"https:\/\/www.facebook.com\/feelmypaintpl","article_modified_time":"2025-07-30T09:22:26+00:00","og_image":[{"width":505,"height":419,"url":"https:\/\/feelmypaint.com\/wp-content\/uploads\/2024\/02\/Capture.png","type":"image\/png"}],"twitter_card":"summary_large_image","twitter_misc":{"Odhadovan\u00e1 doba \u010dten\u00ed":"1 minuta"},"schema":{"@context":"https:\/\/schema.org","@graph":[{"@type":"WebPage","@id":"https:\/\/feelmypaint.com\/cs\/jak\/","url":"https:\/\/feelmypaint.com\/cs\/jak\/","name":"jak - FeelMyPaint","isPartOf":{"@id":"https:\/\/feelmypaint.com\/cs\/#website"},"primaryImageOfPage":{"@id":"https:\/\/feelmypaint.com\/cs\/jak\/#primaryimage"},"image":{"@id":"https:\/\/feelmypaint.com\/cs\/jak\/#primaryimage"},"thumbnailUrl":"https:\/\/feelmypaint.com\/wp-content\/uploads\/2024\/02\/Capture.png","datePublished":"2023-11-19T20:53:34+00:00","dateModified":"2025-07-30T09:22:26+00:00","breadcrumb":{"@id":"https:\/\/feelmypaint.com\/cs\/jak\/#breadcrumb"},"inLanguage":"cs","potentialAction":[{"@type":"ReadAction","target":["https:\/\/feelmypaint.com\/cs\/jak\/"]}]},{"@type":"ImageObject","inLanguage":"cs","@id":"https:\/\/feelmypaint.com\/cs\/jak\/#primaryimage","url":"https:\/\/feelmypaint.com\/wp-content\/uploads\/2024\/02\/Capture.png","contentUrl":"https:\/\/feelmypaint.com\/wp-content\/uploads\/2024\/02\/Capture.png"},{"@type":"BreadcrumbList","@id":"https:\/\/feelmypaint.com\/cs\/jak\/#breadcrumb","itemListElement":[{"@type":"ListItem","position":1,"name":"Strona g\u0142\u00f3wna","item":"https:\/\/feelmypaint.com\/cs\/"},{"@type":"ListItem","position":2,"name":"jak"}]},{"@type":"WebSite","@id":"https:\/\/feelmypaint.com\/cs\/#website","url":"https:\/\/feelmypaint.com\/cs\/","name":"FeelMyPaint - producent farb artystycznych","description":"","potentialAction":[{"@type":"SearchAction","target":{"@type":"EntryPoint","urlTemplate":"https:\/\/feelmypaint.com\/cs\/?s={search_term_string}"},"query-input":{"@type":"PropertyValueSpecification","valueRequired":true,"valueName":"search_term_string"}}],"inLanguage":"cs"}]}},"_links":{"self":[{"href":"https:\/\/feelmypaint.com\/cs\/wp-json\/wp\/v2\/pages\/2544","targetHints":{"allow":["GET"]}}],"collection":[{"href":"https:\/\/feelmypaint.com\/cs\/wp-json\/wp\/v2\/pages"}],"about":[{"href":"https:\/\/feelmypaint.com\/cs\/wp-json\/wp\/v2\/types\/page"}],"author":[{"embeddable":true,"href":"https:\/\/feelmypaint.com\/cs\/wp-json\/wp\/v2\/users\/1"}],"replies":[{"embeddable":true,"href":"https:\/\/feelmypaint.com\/cs\/wp-json\/wp\/v2\/comments?post=2544"}],"version-history":[{"count":3,"href":"https:\/\/feelmypaint.com\/cs\/wp-json\/wp\/v2\/pages\/2544\/revisions"}],"predecessor-version":[{"id":3168,"href":"https:\/\/feelmypaint.com\/cs\/wp-json\/wp\/v2\/pages\/2544\/revisions\/3168"}],"wp:attachment":[{"href":"https:\/\/feelmypaint.com\/cs\/wp-json\/wp\/v2\/media?parent=2544"}],"curies":[{"name":"wp","href":"https:\/\/api.w.org\/{rel}","templated":true}]}}