{"id":2564,"date":"2023-11-20T18:43:38","date_gmt":"2023-11-20T17:43:38","guid":{"rendered":"https:\/\/feelmypaint.com\/o-spolecnosti\/"},"modified":"2025-07-22T14:23:27","modified_gmt":"2025-07-22T13:23:27","slug":"o-spolecnosti","status":"publish","type":"page","link":"https:\/\/feelmypaint.com\/cs\/o-spolecnosti\/","title":{"rendered":"o spole\u010dnosti"},"content":{"rendered":"\t\t<div data-elementor-type=\"wp-page\" data-elementor-id=\"2564\" class=\"elementor elementor-2564 elementor-346\" data-elementor-post-type=\"page\">\n\t\t\t\t<div class=\"elementor-element elementor-element-a05dc97 e-flex e-con-boxed e-con e-parent\" data-id=\"a05dc97\" data-element_type=\"container\" data-settings=\"{&quot;background_background&quot;:&quot;classic&quot;}\">\n\t\t\t\t\t<div class=\"e-con-inner\">\n\t\t\t\t<div class=\"elementor-element elementor-element-b517f20 elementor-widget elementor-widget-text-editor\" data-id=\"b517f20\" data-element_type=\"widget\" data-widget_type=\"text-editor.default\">\n\t\t\t\t<div class=\"elementor-widget-container\">\n\t\t\t\t\t\t\t\t\t<p><strong>O<\/strong><\/p>\n\t\t\t\t\t\t\t\t<\/div>\n\t\t\t\t<\/div>\n\t\t\t\t\t<\/div>\n\t\t\t\t<\/div>\n\t\t<div class=\"elementor-element elementor-element-5b9d5b9 e-flex e-con-boxed e-con e-parent\" data-id=\"5b9d5b9\" data-element_type=\"container\" data-settings=\"{&quot;background_background&quot;:&quot;classic&quot;}\">\n\t\t\t\t\t<div class=\"e-con-inner\">\n\t\t<div class=\"elementor-element elementor-element-fb71b5b e-con-full e-flex e-con e-child\" data-id=\"fb71b5b\" data-element_type=\"container\">\n\t\t\t\t<div class=\"elementor-element elementor-element-dc37507 elementor-widget elementor-widget-image\" data-id=\"dc37507\" data-element_type=\"widget\" data-widget_type=\"image.default\">\n\t\t\t\t<div class=\"elementor-widget-container\">\n\t\t\t\t\t\t\t\t\t\t\t\t\t\t\t<img decoding=\"async\" width=\"196\" height=\"85\" src=\"https:\/\/feelmypaint.com\/wp-content\/uploads\/2023\/11\/FMP_logo_black-2.png\" class=\"attachment-large size-large wp-image-2565\" alt=\"\" \/>\t\t\t\t\t\t\t\t\t\t\t\t\t\t\t<\/div>\n\t\t\t\t<\/div>\n\t\t\t\t<\/div>\n\t\t<div class=\"elementor-element elementor-element-a86dbb5 e-con-full e-flex e-con e-child\" data-id=\"a86dbb5\" data-element_type=\"container\">\n\t\t\t\t<div class=\"elementor-element elementor-element-d3c8583 elementor-widget elementor-widget-text-editor\" data-id=\"d3c8583\" data-element_type=\"widget\" data-widget_type=\"text-editor.default\">\n\t\t\t\t<div class=\"elementor-widget-container\">\n\t\t\t\t\t\t\t\t\t<p data-start=\"218\" data-end=\"511\"><strong data-start=\"218\" data-end=\"296\">FeelMyPaint je rodinn\u00e1 manufaktura akrylov\u00fdch barev se s\u00eddlem v Krakov\u011b.<\/strong><\/p>\n<p data-start=\"218\" data-end=\"511\">Od roku 2022 s v\u00e1\u0161n\u00ed vyr\u00e1b\u00edme vysoce kvalitn\u00ed barvy, kter\u00e9 spojuj\u00ed um\u011bleckou svobodu s technologickou p\u0159esnost\u00ed. V\u00fdroba v mal\u00fdch \u0161ar\u017e\u00edch n\u00e1m umo\u017e\u0148uje zachovat \u010derstvost a plnou kontrolu nad kvalitou ka\u017ed\u00e9 s\u00e9rie. <\/p>\n<p data-start=\"513\" data-end=\"767\">Na\u0161\u00edm posl\u00e1n\u00edm je dod\u00e1vat \u010derstv\u00e9, bezpe\u010dn\u00e9 a inspirativn\u00ed barvy po cel\u00e9 Evrop\u011b \u2013 jak pro profesion\u00e1ly, tak pro hobby um\u011blce. Proto na\u0161e produkty vyr\u00e1b\u00edme v\u00fdhradn\u011b z vysoce kvalitn\u00edch pigment\u016f a 100% akrylov\u00e9 disperze \u2013 bez kompromis\u016f. <\/p>\n<h4 data-start=\"769\" data-end=\"790\">\u010c\u00edm se odli\u0161ujeme?<\/h4>\n<ul data-start=\"792\" data-end=\"1469\">\n<li data-start=\"792\" data-end=\"905\">\n<p data-start=\"794\" data-end=\"905\"><strong data-start=\"794\" data-end=\"815\">V\u00fdrazn\u00e9 barvy:<\/strong> barvy se vyzna\u010duj\u00ed vysokou intenzitou, sv\u011btlost\u00e1lost\u00ed a snadn\u00fdm m\u00edch\u00e1n\u00edm.<\/p>\n<\/li>\n<li data-start=\"906\" data-end=\"1081\">\n<p data-start=\"908\" data-end=\"1081\"><strong data-start=\"908\" data-end=\"933\">Dv\u011b produktov\u00e9 \u0159ady:<\/strong><br data-start=\"933\" data-end=\"936\">\u2022 tuby 120&nbsp;ml \u2013 21 barev pro individu\u00e1ln\u00ed tv\u016frce,<br data-start=\"993\" data-end=\"996\">\u2022 n\u00e1doby 500&nbsp;ml \u2013 10 univerz\u00e1ln\u00edch odst\u00edn\u016f ide\u00e1ln\u00edch pro ateli\u00e9ry, \u0161koly a studia.<\/p>\n<\/li>\n<li data-start=\"1082\" data-end=\"1183\">\n<p data-start=\"1084\" data-end=\"1183\"><strong data-start=\"1084\" data-end=\"1108\">Reakce na trendy:<\/strong> neust\u00e1le roz\u0161i\u0159ujeme paletu sledov\u00e1n\u00edm pot\u0159eb um\u011blc\u016f a kreativn\u00edho odv\u011btv\u00ed.<\/p>\n<\/li>\n<li data-start=\"1184\" data-end=\"1296\">\n<p data-start=\"1186\" data-end=\"1296\"><strong data-start=\"1186\" data-end=\"1205\">Bezpe\u010dnost:<\/strong> jsme v procesu certifikace EN 71\u20113, kter\u00e1 potvrzuje soulad s evropsk\u00fdmi normami.<\/p>\n<\/li>\n<li data-start=\"1297\" data-end=\"1469\">\n<p data-start=\"1299\" data-end=\"1469\"><strong data-start=\"1299\" data-end=\"1328\">Bl\u00edzkost u\u017eivatel\u016fm:<\/strong> ka\u017ed\u00fd m\u011bs\u00edc rozd\u00e1v\u00e1me tis\u00edce vzork\u016f na\u0161im partner\u016fm a z\u00e1kazn\u00edk\u016fm po cel\u00e9 Evrop\u011b \u2013 proto\u017ee v\u011b\u0159\u00edme, \u017ee barvy je t\u0159eba nejd\u0159\u00edv vyzkou\u0161et, ne\u017e si je zamilujete.<\/p>\n<\/li>\n<\/ul>\n\t\t\t\t\t\t\t\t<\/div>\n\t\t\t\t<\/div>\n\t\t\t\t<\/div>\n\t\t\t\t\t<\/div>\n\t\t\t\t<\/div>\n\t\t\t\t<\/div>\n\t\t","protected":false},"excerpt":{"rendered":"<p>O FeelMyPaint je rodinn\u00e1 manufaktura akrylov\u00fdch barev se s\u00eddlem v Krakov\u011b. Od roku 2022 s v\u00e1\u0161n\u00ed vyr\u00e1b\u00edme vysoce kvalitn\u00ed barvy, kter\u00e9 spojuj\u00ed um\u011bleckou svobodu s technologickou p\u0159esnost\u00ed. V\u00fdroba v mal\u00fdch \u0161ar\u017e\u00edch n\u00e1m umo\u017e\u0148uje zachovat \u010derstvost a plnou kontrolu nad kvalitou ka\u017ed\u00e9 s\u00e9rie. Na\u0161\u00edm posl\u00e1n\u00edm je dod\u00e1vat \u010derstv\u00e9, bezpe\u010dn\u00e9 a inspirativn\u00ed barvy po cel\u00e9 Evrop\u011b \u2013 [&hellip;]<\/p>\n","protected":false},"author":1,"featured_media":0,"parent":0,"menu_order":0,"comment_status":"closed","ping_status":"closed","template":"","meta":{"footnotes":""},"class_list":["post-2564","page","type-page","status-publish","hentry"],"yoast_head":"<!-- This site is optimized with the Yoast SEO plugin v26.5 - https:\/\/yoast.com\/wordpress\/plugins\/seo\/ -->\n<title>o spole\u010dnosti - FeelMyPaint<\/title>\n<meta name=\"robots\" content=\"index, follow, max-snippet:-1, max-image-preview:large, max-video-preview:-1\" \/>\n<link rel=\"canonical\" href=\"https:\/\/feelmypaint.com\/cs\/o-spolecnosti\/\" \/>\n<meta property=\"og:locale\" content=\"cs_CZ\" \/>\n<meta property=\"og:type\" content=\"article\" \/>\n<meta property=\"og:title\" content=\"o spole\u010dnosti - FeelMyPaint\" \/>\n<meta property=\"og:description\" content=\"O FeelMyPaint je rodinn\u00e1 manufaktura akrylov\u00fdch barev se s\u00eddlem v Krakov\u011b. Od roku 2022 s v\u00e1\u0161n\u00ed vyr\u00e1b\u00edme vysoce kvalitn\u00ed barvy, kter\u00e9 spojuj\u00ed um\u011bleckou svobodu s technologickou p\u0159esnost\u00ed. V\u00fdroba v mal\u00fdch \u0161ar\u017e\u00edch n\u00e1m umo\u017e\u0148uje zachovat \u010derstvost a plnou kontrolu nad kvalitou ka\u017ed\u00e9 s\u00e9rie. Na\u0161\u00edm posl\u00e1n\u00edm je dod\u00e1vat \u010derstv\u00e9, bezpe\u010dn\u00e9 a inspirativn\u00ed barvy po cel\u00e9 Evrop\u011b \u2013 [&hellip;]\" \/>\n<meta property=\"og:url\" content=\"https:\/\/feelmypaint.com\/cs\/o-spolecnosti\/\" \/>\n<meta property=\"og:site_name\" content=\"FeelMyPaint\" \/>\n<meta property=\"article:publisher\" content=\"https:\/\/www.facebook.com\/feelmypaintpl\" \/>\n<meta property=\"article:modified_time\" content=\"2025-07-22T13:23:27+00:00\" \/>\n<meta property=\"og:image\" content=\"https:\/\/feelmypaint.com\/wp-content\/uploads\/2023\/11\/FMP_logo_black-2.png\" \/>\n\t<meta property=\"og:image:width\" content=\"196\" \/>\n\t<meta property=\"og:image:height\" content=\"85\" \/>\n\t<meta property=\"og:image:type\" content=\"image\/png\" \/>\n<meta name=\"twitter:card\" content=\"summary_large_image\" \/>\n<meta name=\"twitter:label1\" content=\"Odhadovan\u00e1 doba \u010dten\u00ed\" \/>\n\t<meta name=\"twitter:data1\" content=\"1 minuta\" \/>\n<script type=\"application\/ld+json\" class=\"yoast-schema-graph\">{\"@context\":\"https:\/\/schema.org\",\"@graph\":[{\"@type\":\"WebPage\",\"@id\":\"https:\/\/feelmypaint.com\/cs\/o-spolecnosti\/\",\"url\":\"https:\/\/feelmypaint.com\/cs\/o-spolecnosti\/\",\"name\":\"o spole\u010dnosti - FeelMyPaint\",\"isPartOf\":{\"@id\":\"https:\/\/feelmypaint.com\/cs\/#website\"},\"primaryImageOfPage\":{\"@id\":\"https:\/\/feelmypaint.com\/cs\/o-spolecnosti\/#primaryimage\"},\"image\":{\"@id\":\"https:\/\/feelmypaint.com\/cs\/o-spolecnosti\/#primaryimage\"},\"thumbnailUrl\":\"https:\/\/feelmypaint.com\/wp-content\/uploads\/2023\/11\/FMP_logo_black-2.png\",\"datePublished\":\"2023-11-20T17:43:38+00:00\",\"dateModified\":\"2025-07-22T13:23:27+00:00\",\"breadcrumb\":{\"@id\":\"https:\/\/feelmypaint.com\/cs\/o-spolecnosti\/#breadcrumb\"},\"inLanguage\":\"cs\",\"potentialAction\":[{\"@type\":\"ReadAction\",\"target\":[\"https:\/\/feelmypaint.com\/cs\/o-spolecnosti\/\"]}]},{\"@type\":\"ImageObject\",\"inLanguage\":\"cs\",\"@id\":\"https:\/\/feelmypaint.com\/cs\/o-spolecnosti\/#primaryimage\",\"url\":\"https:\/\/feelmypaint.com\/wp-content\/uploads\/2023\/11\/FMP_logo_black-2.png\",\"contentUrl\":\"https:\/\/feelmypaint.com\/wp-content\/uploads\/2023\/11\/FMP_logo_black-2.png\"},{\"@type\":\"BreadcrumbList\",\"@id\":\"https:\/\/feelmypaint.com\/cs\/o-spolecnosti\/#breadcrumb\",\"itemListElement\":[{\"@type\":\"ListItem\",\"position\":1,\"name\":\"Strona g\u0142\u00f3wna\",\"item\":\"https:\/\/feelmypaint.com\/cs\/\"},{\"@type\":\"ListItem\",\"position\":2,\"name\":\"o spole\u010dnosti\"}]},{\"@type\":\"WebSite\",\"@id\":\"https:\/\/feelmypaint.com\/cs\/#website\",\"url\":\"https:\/\/feelmypaint.com\/cs\/\",\"name\":\"FeelMyPaint - producent farb artystycznych\",\"description\":\"\",\"potentialAction\":[{\"@type\":\"SearchAction\",\"target\":{\"@type\":\"EntryPoint\",\"urlTemplate\":\"https:\/\/feelmypaint.com\/cs\/?s={search_term_string}\"},\"query-input\":{\"@type\":\"PropertyValueSpecification\",\"valueRequired\":true,\"valueName\":\"search_term_string\"}}],\"inLanguage\":\"cs\"}]}<\/script>\n<!-- \/ Yoast SEO plugin. -->","yoast_head_json":{"title":"o spole\u010dnosti - FeelMyPaint","robots":{"index":"index","follow":"follow","max-snippet":"max-snippet:-1","max-image-preview":"max-image-preview:large","max-video-preview":"max-video-preview:-1"},"canonical":"https:\/\/feelmypaint.com\/cs\/o-spolecnosti\/","og_locale":"cs_CZ","og_type":"article","og_title":"o spole\u010dnosti - FeelMyPaint","og_description":"O FeelMyPaint je rodinn\u00e1 manufaktura akrylov\u00fdch barev se s\u00eddlem v Krakov\u011b. Od roku 2022 s v\u00e1\u0161n\u00ed vyr\u00e1b\u00edme vysoce kvalitn\u00ed barvy, kter\u00e9 spojuj\u00ed um\u011bleckou svobodu s technologickou p\u0159esnost\u00ed. V\u00fdroba v mal\u00fdch \u0161ar\u017e\u00edch n\u00e1m umo\u017e\u0148uje zachovat \u010derstvost a plnou kontrolu nad kvalitou ka\u017ed\u00e9 s\u00e9rie. Na\u0161\u00edm posl\u00e1n\u00edm je dod\u00e1vat \u010derstv\u00e9, bezpe\u010dn\u00e9 a inspirativn\u00ed barvy po cel\u00e9 Evrop\u011b \u2013 [&hellip;]","og_url":"https:\/\/feelmypaint.com\/cs\/o-spolecnosti\/","og_site_name":"FeelMyPaint","article_publisher":"https:\/\/www.facebook.com\/feelmypaintpl","article_modified_time":"2025-07-22T13:23:27+00:00","og_image":[{"width":196,"height":85,"url":"https:\/\/feelmypaint.com\/wp-content\/uploads\/2023\/11\/FMP_logo_black-2.png","type":"image\/png"}],"twitter_card":"summary_large_image","twitter_misc":{"Odhadovan\u00e1 doba \u010dten\u00ed":"1 minuta"},"schema":{"@context":"https:\/\/schema.org","@graph":[{"@type":"WebPage","@id":"https:\/\/feelmypaint.com\/cs\/o-spolecnosti\/","url":"https:\/\/feelmypaint.com\/cs\/o-spolecnosti\/","name":"o spole\u010dnosti - FeelMyPaint","isPartOf":{"@id":"https:\/\/feelmypaint.com\/cs\/#website"},"primaryImageOfPage":{"@id":"https:\/\/feelmypaint.com\/cs\/o-spolecnosti\/#primaryimage"},"image":{"@id":"https:\/\/feelmypaint.com\/cs\/o-spolecnosti\/#primaryimage"},"thumbnailUrl":"https:\/\/feelmypaint.com\/wp-content\/uploads\/2023\/11\/FMP_logo_black-2.png","datePublished":"2023-11-20T17:43:38+00:00","dateModified":"2025-07-22T13:23:27+00:00","breadcrumb":{"@id":"https:\/\/feelmypaint.com\/cs\/o-spolecnosti\/#breadcrumb"},"inLanguage":"cs","potentialAction":[{"@type":"ReadAction","target":["https:\/\/feelmypaint.com\/cs\/o-spolecnosti\/"]}]},{"@type":"ImageObject","inLanguage":"cs","@id":"https:\/\/feelmypaint.com\/cs\/o-spolecnosti\/#primaryimage","url":"https:\/\/feelmypaint.com\/wp-content\/uploads\/2023\/11\/FMP_logo_black-2.png","contentUrl":"https:\/\/feelmypaint.com\/wp-content\/uploads\/2023\/11\/FMP_logo_black-2.png"},{"@type":"BreadcrumbList","@id":"https:\/\/feelmypaint.com\/cs\/o-spolecnosti\/#breadcrumb","itemListElement":[{"@type":"ListItem","position":1,"name":"Strona g\u0142\u00f3wna","item":"https:\/\/feelmypaint.com\/cs\/"},{"@type":"ListItem","position":2,"name":"o spole\u010dnosti"}]},{"@type":"WebSite","@id":"https:\/\/feelmypaint.com\/cs\/#website","url":"https:\/\/feelmypaint.com\/cs\/","name":"FeelMyPaint - producent farb artystycznych","description":"","potentialAction":[{"@type":"SearchAction","target":{"@type":"EntryPoint","urlTemplate":"https:\/\/feelmypaint.com\/cs\/?s={search_term_string}"},"query-input":{"@type":"PropertyValueSpecification","valueRequired":true,"valueName":"search_term_string"}}],"inLanguage":"cs"}]}},"_links":{"self":[{"href":"https:\/\/feelmypaint.com\/cs\/wp-json\/wp\/v2\/pages\/2564","targetHints":{"allow":["GET"]}}],"collection":[{"href":"https:\/\/feelmypaint.com\/cs\/wp-json\/wp\/v2\/pages"}],"about":[{"href":"https:\/\/feelmypaint.com\/cs\/wp-json\/wp\/v2\/types\/page"}],"author":[{"embeddable":true,"href":"https:\/\/feelmypaint.com\/cs\/wp-json\/wp\/v2\/users\/1"}],"replies":[{"embeddable":true,"href":"https:\/\/feelmypaint.com\/cs\/wp-json\/wp\/v2\/comments?post=2564"}],"version-history":[{"count":4,"href":"https:\/\/feelmypaint.com\/cs\/wp-json\/wp\/v2\/pages\/2564\/revisions"}],"predecessor-version":[{"id":3158,"href":"https:\/\/feelmypaint.com\/cs\/wp-json\/wp\/v2\/pages\/2564\/revisions\/3158"}],"wp:attachment":[{"href":"https:\/\/feelmypaint.com\/cs\/wp-json\/wp\/v2\/media?parent=2564"}],"curies":[{"name":"wp","href":"https:\/\/api.w.org\/{rel}","templated":true}]}}