{"id":2572,"date":"2025-01-25T19:53:18","date_gmt":"2025-01-25T18:53:18","guid":{"rendered":"https:\/\/feelmypaint.com\/velkoobchodni-nabidka\/"},"modified":"2025-07-22T14:24:41","modified_gmt":"2025-07-22T13:24:41","slug":"velkoobchodni-nabidka","status":"publish","type":"page","link":"https:\/\/feelmypaint.com\/cs\/velkoobchodni-nabidka\/","title":{"rendered":"Velkoobchodn\u00ed nab\u00eddka"},"content":{"rendered":"\t\t<div data-elementor-type=\"wp-page\" data-elementor-id=\"2572\" class=\"elementor elementor-2572 elementor-2444\" data-elementor-post-type=\"page\">\n\t\t\t\t<div class=\"elementor-element elementor-element-166f35b2 e-flex e-con-boxed e-con e-parent\" data-id=\"166f35b2\" data-element_type=\"container\" data-settings=\"{&quot;background_background&quot;:&quot;classic&quot;}\">\n\t\t\t\t\t<div class=\"e-con-inner\">\n\t\t<div class=\"elementor-element elementor-element-75768b2 e-con-full e-flex e-con e-child\" data-id=\"75768b2\" data-element_type=\"container\">\n\t\t\t\t<\/div>\n\t\t\t\t<div class=\"elementor-element elementor-element-74b8d2e2 elementor-widget elementor-widget-text-editor\" data-id=\"74b8d2e2\" data-element_type=\"widget\" data-widget_type=\"text-editor.default\">\n\t\t\t\t<div class=\"elementor-widget-container\">\n\t\t\t\t\t\t\t\t\t<h4>Zveme v\u00e1s ke spolupr\u00e1ci s velkoobchodem FeelMyPaint!<\/h4>\n<p>Jsme v\u00fdrobcem vysoce kvalitn\u00edch akrylov\u00fdch barev se s\u00eddlem v Krakov\u011b (Polsko). Od roku 2022 dod\u00e1v\u00e1me na\u0161e produkty um\u011blc\u016fm a nad\u0161enc\u016fm po cel\u00e9 Evrop\u011b a z\u00edsk\u00e1v\u00e1me si d\u016fv\u011bru jako spolehliv\u00fd a flexibiln\u00ed obchodn\u00ed partner.<\/p>\n<ul>\n<li>Co nab\u00edz\u00edme:<br \/>Tuby 120 ml: 21 intenzivn\u00edch, nej\u010dast\u011bji vyb\u00edran\u00fdch odst\u00edn\u016f \u2014 ide\u00e1ln\u00ed pro maloobchodn\u00ed prodej.<\/li>\n<li>Sklenice 500 ml: 10 univerz\u00e1ln\u00edch barev \u2014 ide\u00e1ln\u00ed pro ateli\u00e9ry, um\u011bleck\u00e9 \u0161koly a v\u011bt\u0161\u00ed projekty.<\/li>\n<li>Vysok\u00e1 kvalita: barvy jsou vyrobeny ze 100% akrylov\u00e9 disperze a sv\u011btlost\u00e1l\u00fdch pigment\u016f. V\u00fdroba v mal\u00fdch \u0161ar\u017e\u00edch zaji\u0161\u0165uje \u010derstvost a konzistenci.<\/li>\n<li>Expedice ze skladu: v\u011bt\u0161inu objedn\u00e1vek vy\u0159izujeme do 24 hodin a dod\u00e1vky v EU trvaj\u00ed obvykle 2\u20135 dn\u016f.<\/li>\n<\/ul>\n<h4>Pro\u010d s n\u00e1mi spolupracovat?<\/h4>\n<ul>\n<li>Bezprobl\u00e9mov\u00e1 logistika: dod\u00e1v\u00e1me po cel\u00e9 EU i mimo ni (v\u010detn\u011b Velk\u00e9 Brit\u00e1nie, \u0160v\u00fdcarska, Norska).<\/li>\n<li>Vzorky zdarma: r\u00e1di v\u00e1m za\u0161leme vzorky na\u0161ich barev k testov\u00e1n\u00ed kvality.<\/li>\n<li>Flexibiln\u00ed podm\u00ednky: st\u00e1l\u00fdm z\u00e1kazn\u00edk\u016fm nab\u00edz\u00edme odlo\u017een\u00e9 platby a slevy podle velikosti objedn\u00e1vky.<\/li>\n<li>Bezpe\u010dnost: jsme v procesu certifikace EN 71-3, kter\u00e1 potvrzuje soulad s evropsk\u00fdmi bezpe\u010dnostn\u00edmi normami.<\/li>\n<\/ul>\n<h4>Koho hled\u00e1me:<\/h4>\n<ul>\n<li>Velkoobchodn\u00ed distributo\u0159i a s\u00edt\u011b obchod\u016f s v\u00fdtvarn\u00fdmi pot\u0159ebami.<\/li>\n<li>Um\u011bleck\u00e9 ateli\u00e9ry, akademie v\u00fdtvarn\u00fdch um\u011bn\u00ed a vzd\u011bl\u00e1vac\u00ed instituce.<\/li>\n<li>Firmy se z\u00e1jmem o dlouhodobou spolupr\u00e1ci v oblasti dod\u00e1vek akrylov\u00fdch barev.<\/li>\n<\/ul>\n<p>Chcete zn\u00e1t podm\u00ednky spolupr\u00e1ce? Kontaktujte n\u00e1s \u2014 r\u00e1di zodpov\u00edme v\u0161echny va\u0161e dotazy a p\u0159iprav\u00edme individu\u00e1ln\u00ed nab\u00eddku.<\/p>\n<p>\ud83d\udce7 E-mail: jerzy@feelmypaint.com<\/p>\n\t\t\t\t\t\t\t\t<\/div>\n\t\t\t\t<\/div>\n\t\t\t\t\t<\/div>\n\t\t\t\t<\/div>\n\t\t\t\t<\/div>\n\t\t","protected":false},"excerpt":{"rendered":"<p>Zveme v\u00e1s ke spolupr\u00e1ci s velkoobchodem FeelMyPaint! Jsme v\u00fdrobcem vysoce kvalitn\u00edch akrylov\u00fdch barev se s\u00eddlem v Krakov\u011b (Polsko). Od roku 2022 dod\u00e1v\u00e1me na\u0161e produkty um\u011blc\u016fm a nad\u0161enc\u016fm po cel\u00e9 Evrop\u011b a z\u00edsk\u00e1v\u00e1me si d\u016fv\u011bru jako spolehliv\u00fd a flexibiln\u00ed obchodn\u00ed partner. Co nab\u00edz\u00edme:Tuby 120 ml: 21 intenzivn\u00edch, nej\u010dast\u011bji vyb\u00edran\u00fdch odst\u00edn\u016f \u2014 ide\u00e1ln\u00ed pro maloobchodn\u00ed prodej. Sklenice [&hellip;]<\/p>\n","protected":false},"author":1,"featured_media":0,"parent":0,"menu_order":0,"comment_status":"closed","ping_status":"closed","template":"","meta":{"footnotes":""},"class_list":["post-2572","page","type-page","status-publish","hentry"],"yoast_head":"<!-- This site is optimized with the Yoast SEO plugin v26.5 - https:\/\/yoast.com\/wordpress\/plugins\/seo\/ -->\n<title>Velkoobchodn\u00ed spolupr\u00e1ce - FeelMyPaint akrylov\u00e9 barvy<\/title>\n<meta name=\"robots\" content=\"index, follow, max-snippet:-1, max-image-preview:large, max-video-preview:-1\" \/>\n<link rel=\"canonical\" href=\"https:\/\/feelmypaint.com\/cs\/velkoobchodni-nabidka\/\" \/>\n<meta property=\"og:locale\" content=\"cs_CZ\" \/>\n<meta property=\"og:type\" content=\"article\" \/>\n<meta property=\"og:title\" content=\"Velkoobchodn\u00ed spolupr\u00e1ce - FeelMyPaint akrylov\u00e9 barvy\" \/>\n<meta property=\"og:description\" content=\"Zveme v\u00e1s ke spolupr\u00e1ci s velkoobchodem FeelMyPaint! Jsme v\u00fdrobcem vysoce kvalitn\u00edch akrylov\u00fdch barev se s\u00eddlem v Krakov\u011b (Polsko). Od roku 2022 dod\u00e1v\u00e1me na\u0161e produkty um\u011blc\u016fm a nad\u0161enc\u016fm po cel\u00e9 Evrop\u011b a z\u00edsk\u00e1v\u00e1me si d\u016fv\u011bru jako spolehliv\u00fd a flexibiln\u00ed obchodn\u00ed partner. Co nab\u00edz\u00edme:Tuby 120 ml: 21 intenzivn\u00edch, nej\u010dast\u011bji vyb\u00edran\u00fdch odst\u00edn\u016f \u2014 ide\u00e1ln\u00ed pro maloobchodn\u00ed prodej. Sklenice [&hellip;]\" \/>\n<meta property=\"og:url\" content=\"https:\/\/feelmypaint.com\/cs\/velkoobchodni-nabidka\/\" \/>\n<meta property=\"og:site_name\" content=\"FeelMyPaint\" \/>\n<meta property=\"article:publisher\" content=\"https:\/\/www.facebook.com\/feelmypaintpl\" \/>\n<meta property=\"article:modified_time\" content=\"2025-07-22T13:24:41+00:00\" \/>\n<meta name=\"twitter:card\" content=\"summary_large_image\" \/>\n<meta name=\"twitter:label1\" content=\"Odhadovan\u00e1 doba \u010dten\u00ed\" \/>\n\t<meta name=\"twitter:data1\" content=\"2 minuty\" \/>\n<script type=\"application\/ld+json\" class=\"yoast-schema-graph\">{\"@context\":\"https:\/\/schema.org\",\"@graph\":[{\"@type\":\"WebPage\",\"@id\":\"https:\/\/feelmypaint.com\/cs\/velkoobchodni-nabidka\/\",\"url\":\"https:\/\/feelmypaint.com\/cs\/velkoobchodni-nabidka\/\",\"name\":\"Velkoobchodn\u00ed spolupr\u00e1ce - FeelMyPaint akrylov\u00e9 barvy\",\"isPartOf\":{\"@id\":\"https:\/\/feelmypaint.com\/cs\/#website\"},\"datePublished\":\"2025-01-25T18:53:18+00:00\",\"dateModified\":\"2025-07-22T13:24:41+00:00\",\"breadcrumb\":{\"@id\":\"https:\/\/feelmypaint.com\/cs\/velkoobchodni-nabidka\/#breadcrumb\"},\"inLanguage\":\"cs\",\"potentialAction\":[{\"@type\":\"ReadAction\",\"target\":[\"https:\/\/feelmypaint.com\/cs\/velkoobchodni-nabidka\/\"]}]},{\"@type\":\"BreadcrumbList\",\"@id\":\"https:\/\/feelmypaint.com\/cs\/velkoobchodni-nabidka\/#breadcrumb\",\"itemListElement\":[{\"@type\":\"ListItem\",\"position\":1,\"name\":\"Strona g\u0142\u00f3wna\",\"item\":\"https:\/\/feelmypaint.com\/cs\/\"},{\"@type\":\"ListItem\",\"position\":2,\"name\":\"Velkoobchodn\u00ed nab\u00eddka\"}]},{\"@type\":\"WebSite\",\"@id\":\"https:\/\/feelmypaint.com\/cs\/#website\",\"url\":\"https:\/\/feelmypaint.com\/cs\/\",\"name\":\"FeelMyPaint - producent farb artystycznych\",\"description\":\"\",\"potentialAction\":[{\"@type\":\"SearchAction\",\"target\":{\"@type\":\"EntryPoint\",\"urlTemplate\":\"https:\/\/feelmypaint.com\/cs\/?s={search_term_string}\"},\"query-input\":{\"@type\":\"PropertyValueSpecification\",\"valueRequired\":true,\"valueName\":\"search_term_string\"}}],\"inLanguage\":\"cs\"}]}<\/script>\n<!-- \/ Yoast SEO plugin. -->","yoast_head_json":{"title":"Velkoobchodn\u00ed spolupr\u00e1ce - FeelMyPaint akrylov\u00e9 barvy","robots":{"index":"index","follow":"follow","max-snippet":"max-snippet:-1","max-image-preview":"max-image-preview:large","max-video-preview":"max-video-preview:-1"},"canonical":"https:\/\/feelmypaint.com\/cs\/velkoobchodni-nabidka\/","og_locale":"cs_CZ","og_type":"article","og_title":"Velkoobchodn\u00ed spolupr\u00e1ce - FeelMyPaint akrylov\u00e9 barvy","og_description":"Zveme v\u00e1s ke spolupr\u00e1ci s velkoobchodem FeelMyPaint! Jsme v\u00fdrobcem vysoce kvalitn\u00edch akrylov\u00fdch barev se s\u00eddlem v Krakov\u011b (Polsko). Od roku 2022 dod\u00e1v\u00e1me na\u0161e produkty um\u011blc\u016fm a nad\u0161enc\u016fm po cel\u00e9 Evrop\u011b a z\u00edsk\u00e1v\u00e1me si d\u016fv\u011bru jako spolehliv\u00fd a flexibiln\u00ed obchodn\u00ed partner. Co nab\u00edz\u00edme:Tuby 120 ml: 21 intenzivn\u00edch, nej\u010dast\u011bji vyb\u00edran\u00fdch odst\u00edn\u016f \u2014 ide\u00e1ln\u00ed pro maloobchodn\u00ed prodej. Sklenice [&hellip;]","og_url":"https:\/\/feelmypaint.com\/cs\/velkoobchodni-nabidka\/","og_site_name":"FeelMyPaint","article_publisher":"https:\/\/www.facebook.com\/feelmypaintpl","article_modified_time":"2025-07-22T13:24:41+00:00","twitter_card":"summary_large_image","twitter_misc":{"Odhadovan\u00e1 doba \u010dten\u00ed":"2 minuty"},"schema":{"@context":"https:\/\/schema.org","@graph":[{"@type":"WebPage","@id":"https:\/\/feelmypaint.com\/cs\/velkoobchodni-nabidka\/","url":"https:\/\/feelmypaint.com\/cs\/velkoobchodni-nabidka\/","name":"Velkoobchodn\u00ed spolupr\u00e1ce - FeelMyPaint akrylov\u00e9 barvy","isPartOf":{"@id":"https:\/\/feelmypaint.com\/cs\/#website"},"datePublished":"2025-01-25T18:53:18+00:00","dateModified":"2025-07-22T13:24:41+00:00","breadcrumb":{"@id":"https:\/\/feelmypaint.com\/cs\/velkoobchodni-nabidka\/#breadcrumb"},"inLanguage":"cs","potentialAction":[{"@type":"ReadAction","target":["https:\/\/feelmypaint.com\/cs\/velkoobchodni-nabidka\/"]}]},{"@type":"BreadcrumbList","@id":"https:\/\/feelmypaint.com\/cs\/velkoobchodni-nabidka\/#breadcrumb","itemListElement":[{"@type":"ListItem","position":1,"name":"Strona g\u0142\u00f3wna","item":"https:\/\/feelmypaint.com\/cs\/"},{"@type":"ListItem","position":2,"name":"Velkoobchodn\u00ed nab\u00eddka"}]},{"@type":"WebSite","@id":"https:\/\/feelmypaint.com\/cs\/#website","url":"https:\/\/feelmypaint.com\/cs\/","name":"FeelMyPaint - producent farb artystycznych","description":"","potentialAction":[{"@type":"SearchAction","target":{"@type":"EntryPoint","urlTemplate":"https:\/\/feelmypaint.com\/cs\/?s={search_term_string}"},"query-input":{"@type":"PropertyValueSpecification","valueRequired":true,"valueName":"search_term_string"}}],"inLanguage":"cs"}]}},"_links":{"self":[{"href":"https:\/\/feelmypaint.com\/cs\/wp-json\/wp\/v2\/pages\/2572","targetHints":{"allow":["GET"]}}],"collection":[{"href":"https:\/\/feelmypaint.com\/cs\/wp-json\/wp\/v2\/pages"}],"about":[{"href":"https:\/\/feelmypaint.com\/cs\/wp-json\/wp\/v2\/types\/page"}],"author":[{"embeddable":true,"href":"https:\/\/feelmypaint.com\/cs\/wp-json\/wp\/v2\/users\/1"}],"replies":[{"embeddable":true,"href":"https:\/\/feelmypaint.com\/cs\/wp-json\/wp\/v2\/comments?post=2572"}],"version-history":[{"count":2,"href":"https:\/\/feelmypaint.com\/cs\/wp-json\/wp\/v2\/pages\/2572\/revisions"}],"predecessor-version":[{"id":3165,"href":"https:\/\/feelmypaint.com\/cs\/wp-json\/wp\/v2\/pages\/2572\/revisions\/3165"}],"wp:attachment":[{"href":"https:\/\/feelmypaint.com\/cs\/wp-json\/wp\/v2\/media?parent=2572"}],"curies":[{"name":"wp","href":"https:\/\/api.w.org\/{rel}","templated":true}]}}