{"id":2933,"date":"2023-11-26T21:49:11","date_gmt":"2023-11-26T20:49:11","guid":{"rendered":"https:\/\/feelmypaint.com\/zasady-ochrany-osobnich-udaju\/"},"modified":"2025-05-29T17:18:13","modified_gmt":"2025-05-29T16:18:13","slug":"zasady-ochrany-osobnich-udaju","status":"publish","type":"page","link":"https:\/\/feelmypaint.com\/cs\/zasady-ochrany-osobnich-udaju\/","title":{"rendered":"Z\u00e1sady ochrany osobn\u00edch \u00fadaj\u016f"},"content":{"rendered":"\t\t<div data-elementor-type=\"wp-page\" data-elementor-id=\"2933\" class=\"elementor elementor-2933 elementor-787\" data-elementor-post-type=\"page\">\n\t\t\t\t<div class=\"elementor-element elementor-element-ee5dd27 e-flex e-con-boxed e-con e-parent\" data-id=\"ee5dd27\" data-element_type=\"container\" data-settings=\"{&quot;background_background&quot;:&quot;classic&quot;}\">\n\t\t\t\t\t<div class=\"e-con-inner\">\n\t\t<div class=\"elementor-element elementor-element-f1afe19 e-flex e-con-boxed e-con e-child\" data-id=\"f1afe19\" data-element_type=\"container\">\n\t\t\t\t\t<div class=\"e-con-inner\">\n\t\t\t\t<div class=\"elementor-element elementor-element-7dd1d4f elementor-widget elementor-widget-heading\" data-id=\"7dd1d4f\" data-element_type=\"widget\" data-widget_type=\"heading.default\">\n\t\t\t\t<div class=\"elementor-widget-container\">\n\t\t\t\t\t<h1 class=\"elementor-heading-title elementor-size-default\">Z\u00e1sady ochrany osobn\u00edch \u00fadaj\u016f<\/h1>\t\t\t\t<\/div>\n\t\t\t\t<\/div>\n\t\t\t\t\t<\/div>\n\t\t\t\t<\/div>\n\t\t\t\t<div class=\"elementor-element elementor-element-6a41129 elementor-widget elementor-widget-text-editor\" data-id=\"6a41129\" data-element_type=\"widget\" data-widget_type=\"text-editor.default\">\n\t\t\t\t<div class=\"elementor-widget-container\">\n\t\t\t\t\t\t\t\t\t<p data-start=\"229\" data-end=\"253\"><strong data-start=\"229\" data-end=\"253\">Z\u00e1sady ochrany osobn\u00edch \u00fadaj\u016f<\/strong><\/p>\n<p data-start=\"255\" data-end=\"451\"><strong data-start=\"255\" data-end=\"282\">1. Obecn\u00e1 ustanoven\u00ed<\/strong><br data-start=\"282\" data-end=\"285\">Tyto z\u00e1sady ochrany osobn\u00edch \u00fadaj\u016f stanov\u00ed pravidla pro zpracov\u00e1n\u00ed osobn\u00edch \u00fadaj\u016f spr\u00e1vcem webov\u00fdch str\u00e1nek <a href=\"https:\/\/store.feelmypaint.com\" target=\"_new\" rel=\"noopener\" data-start=\"403\" data-end=\"432\">https:\/\/feelmypaint.com<\/a> (d\u00e1le jen \u201estr\u00e1nky\u201c).<\/p>\n<p data-start=\"453\" data-end=\"609\">Spr\u00e1vcem \u00fadaj\u016f je:<br><strong data-start=\"482\" data-end=\"508\">FeelMyPaint Sp. z o.o. <\/strong><br data-start=\"508\" data-end=\"511\">ul. Zag\u0142oby 2F, 31-980 Krak\u00f3w<br data-start=\"540\" data-end=\"543\">NIP: 6783199623, REGON: 522825535<br data-start=\"576\" data-end=\"579\">Kontakt: <a rel=\"noopener\" data-start=\"588\" data-end=\"609\">info@feelmypaint.com<\/a> <\/p>\n<p data-start=\"611\" data-end=\"725\"><strong data-start=\"611\" data-end=\"663\">2. Rozsah shroma\u017e\u010fovan\u00fdch \u00fadaj\u016f a \u00fa\u010dely zpracov\u00e1n\u00ed<\/strong><br data-start=\"663\" data-end=\"666\">Spr\u00e1vce zpracov\u00e1v\u00e1 osobn\u00ed \u00fadaje pouze v rozsahu:<\/p>\n<ul data-start=\"726\" data-end=\"1060\">\n<li data-start=\"726\" data-end=\"892\">\n<p data-start=\"728\" data-end=\"892\">\u00fadaje poskytnut\u00e9 prost\u0159ednictv\u00edm kontaktn\u00edho formul\u00e1\u0159e (nap\u0159. jm\u00e9no, e-mailov\u00e1 adresa, obsah zpr\u00e1vy) &#8211; za \u00fa\u010delem odpov\u011bdi na \u017e\u00e1dost (\u010dl. 6 odst. 1 p\u00edsm. f) na\u0159\u00edzen\u00ed RODO),<\/p>\n<\/li>\n<li data-start=\"893\" data-end=\"1060\">\n<p data-start=\"895\" data-end=\"1060\">\u00fadaje shrom\u00e1\u017ed\u011bn\u00e9 prost\u0159ednictv\u00edm soubor\u016f cookie &#8211; pro technick\u00e9, statistick\u00e9 a &#8211; se souhlasem &#8211; marketingov\u00e9 \u00fa\u010dely (\u010dl. 6 odst. 1 p\u00edsm. a) a f) na\u0159\u00edzen\u00ed RODO).<\/p>\n<\/li>\n<\/ul>\n<p data-start=\"1062\" data-end=\"1310\"><strong data-start=\"1062\" data-end=\"1076\">3 Soubory cookie<\/strong><br data-start=\"1076\" data-end=\"1079\">Webov\u00e9 str\u00e1nky pou\u017e\u00edvaj\u00ed soubory cookie.<br data-start=\"1173\" data-end=\"1176\">Souhlas se soubory cookie m\u016f\u017eete kdykoli odvolat v nastaven\u00ed prohl\u00ed\u017ee\u010de nebo kliknut\u00edm na \u201eZm\u011bnit nastaven\u00ed ochrany osobn\u00edch \u00fadaj\u016f\u201c v z\u00e1pat\u00ed webov\u00fdch str\u00e1nek.<\/p>\n<p data-start=\"1312\" data-end=\"1475\"><strong data-start=\"1312\" data-end=\"1334\">4 P\u0159\u00edjemci \u00fadaj\u016f<\/strong><br data-start=\"1334\" data-end=\"1337\">\u00dadaje mohou b\u00fdt p\u0159ed\u00e1v\u00e1ny subjekt\u016fm, kter\u00e9 spr\u00e1vce technicky podporuj\u00ed (nap\u0159. webhostingov\u00e9 spole\u010dnosti, poskytovatel\u00e9 formul\u00e1\u0159\u016f, poskytovatel\u00e9 analytick\u00fdch slu\u017eeb).<\/p>\n<p data-start=\"1477\" data-end=\"1528\"><strong data-start=\"1477\" data-end=\"1501\">5. U\u017eivatelsk\u00e1 pr\u00e1va<\/strong><br data-start=\"1501\" data-end=\"1504\">M\u00e1te pr\u00e1vo:<\/p>\n<ul data-start=\"1529\" data-end=\"1734\">\n<li data-start=\"1529\" data-end=\"1549\">\n<p data-start=\"1531\" data-end=\"1549\">p\u0159\u00edstup k \u00fadaj\u016fm,<\/p>\n<\/li>\n<li data-start=\"1550\" data-end=\"1611\">\n<p data-start=\"1552\" data-end=\"1611\">jejich opravu, v\u00fdmaz nebo omezen\u00ed zpracov\u00e1n\u00ed,<\/p>\n<\/li>\n<li data-start=\"1612\" data-end=\"1655\">\n<p data-start=\"1614\" data-end=\"1655\">vzn\u00e9st n\u00e1mitku proti zpracov\u00e1n\u00ed,<\/p>\n<\/li>\n<li data-start=\"1656\" data-end=\"1697\">\n<p data-start=\"1658\" data-end=\"1697\">odvol\u00e1n\u00ed souhlasu (pokud byl ud\u011blen),<\/p>\n<\/li>\n<li data-start=\"1698\" data-end=\"1734\">\n<p data-start=\"1700\" data-end=\"1734\">podat st\u00ed\u017enost p\u0159edsedovi UODO.<\/p>\n<\/li>\n<\/ul>\n<p data-start=\"1736\" data-end=\"1928\"><strong data-start=\"1736\" data-end=\"1764\">6 Uchov\u00e1v\u00e1n\u00ed \u00fadaj\u016f<\/strong><br data-start=\"1764\" data-end=\"1767\">\u00dadaje zpracov\u00e1van\u00e9 na z\u00e1klad\u011b souhlasu &#8211; do jeho odvol\u00e1n\u00ed.<br data-start=\"1831\" data-end=\"1834\">\u00dadaje z kontaktn\u00edho formul\u00e1\u0159e &#8211; do ukon\u010den\u00ed korespondence nebo vznesen\u00ed n\u00e1mitky.<\/p>\n<p data-start=\"1930\" data-end=\"2073\"><strong data-start=\"1930\" data-end=\"1964\">7. Dobrovolnost \u00fadaj\u016f<\/strong><br data-start=\"1964\" data-end=\"1967\">Poskytnut\u00ed osobn\u00edch \u00fadaj\u016f v kontaktn\u00edm formul\u00e1\u0159i je dobrovoln\u00e9, ale nezbytn\u00e9 pro z\u00edsk\u00e1n\u00ed odpov\u011bdi.<\/p>\n<p data-start=\"2075\" data-end=\"2298\"><strong data-start=\"2075\" data-end=\"2111\">8 P\u0159ed\u00e1v\u00e1n\u00ed \u00fadaj\u016f mimo EHP<\/strong><br data-start=\"2111\" data-end=\"2114\">\u00dadaje mohou b\u00fdt p\u0159ed\u00e1v\u00e1ny mimo Evropsk\u00fd hospod\u00e1\u0159sk\u00fd prostor v souvislosti s pou\u017e\u00edv\u00e1n\u00edm analytick\u00fdch nebo marketingov\u00fdch n\u00e1stroj\u016f &#8211; pouze na z\u00e1klad\u011b va\u0161eho souhlasu (cookies).<\/p>\n<p data-start=\"2300\" data-end=\"2444\"><strong data-start=\"2300\" data-end=\"2328\">9 Zabezpe\u010den\u00ed \u00fadaj\u016f<\/strong><br data-start=\"2328\" data-end=\"2331\">Spr\u00e1vce uplat\u0148uje vhodn\u00e1 technick\u00e1 a organiza\u010dn\u00ed opat\u0159en\u00ed na ochranu \u00fadaj\u016f p\u0159ed neopr\u00e1vn\u011bn\u00fdm p\u0159\u00edstupem.<\/p>\n<p data-start=\"2446\" data-end=\"2501\">Z\u00e1sady ochrany osobn\u00edch \u00fadaj\u016f jsou \u00fa\u010dinn\u00e9 od <strong data-start=\"2486\" data-end=\"2500\">29.05.2025<\/strong>.<\/p>\t\t\t\t\t\t\t\t<\/div>\n\t\t\t\t<\/div>\n\t\t\t\t\t<\/div>\n\t\t\t\t<\/div>\n\t\t\t\t<\/div>\n\t\t","protected":false},"excerpt":{"rendered":"<p>Z\u00e1sady ochrany osobn\u00edch \u00fadaj\u016f Z\u00e1sady ochrany osobn\u00edch \u00fadaj\u016f 1. Obecn\u00e1 ustanoven\u00edTyto z\u00e1sady ochrany osobn\u00edch \u00fadaj\u016f stanov\u00ed pravidla pro zpracov\u00e1n\u00ed osobn\u00edch \u00fadaj\u016f spr\u00e1vcem webov\u00fdch str\u00e1nek https:\/\/feelmypaint.com (d\u00e1le jen \u201estr\u00e1nky\u201c). Spr\u00e1vcem \u00fadaj\u016f je:FeelMyPaint Sp. z o.o. ul. Zag\u0142oby 2F, 31-980 Krak\u00f3wNIP: 6783199623, REGON: 522825535Kontakt: info@feelmypaint.com 2. Rozsah shroma\u017e\u010fovan\u00fdch \u00fadaj\u016f a \u00fa\u010dely zpracov\u00e1n\u00edSpr\u00e1vce zpracov\u00e1v\u00e1 osobn\u00ed \u00fadaje pouze v [&hellip;]<\/p>\n","protected":false},"author":1,"featured_media":0,"parent":0,"menu_order":0,"comment_status":"closed","ping_status":"closed","template":"","meta":{"footnotes":""},"class_list":["post-2933","page","type-page","status-publish","hentry"],"yoast_head":"<!-- This site is optimized with the Yoast SEO plugin v26.5 - https:\/\/yoast.com\/wordpress\/plugins\/seo\/ -->\n<title>Z\u00e1sady ochrany osobn\u00edch \u00fadaj\u016f - FeelMyPaint<\/title>\n<meta name=\"robots\" content=\"index, follow, max-snippet:-1, max-image-preview:large, max-video-preview:-1\" \/>\n<link rel=\"canonical\" href=\"https:\/\/feelmypaint.com\/cs\/zasady-ochrany-osobnich-udaju\/\" \/>\n<meta property=\"og:locale\" content=\"cs_CZ\" \/>\n<meta property=\"og:type\" content=\"article\" \/>\n<meta property=\"og:title\" content=\"Z\u00e1sady ochrany osobn\u00edch \u00fadaj\u016f - FeelMyPaint\" \/>\n<meta property=\"og:description\" content=\"Z\u00e1sady ochrany osobn\u00edch \u00fadaj\u016f Z\u00e1sady ochrany osobn\u00edch \u00fadaj\u016f 1. Obecn\u00e1 ustanoven\u00edTyto z\u00e1sady ochrany osobn\u00edch \u00fadaj\u016f stanov\u00ed pravidla pro zpracov\u00e1n\u00ed osobn\u00edch \u00fadaj\u016f spr\u00e1vcem webov\u00fdch str\u00e1nek https:\/\/feelmypaint.com (d\u00e1le jen \u201estr\u00e1nky\u201c). Spr\u00e1vcem \u00fadaj\u016f je:FeelMyPaint Sp. z o.o. ul. Zag\u0142oby 2F, 31-980 Krak\u00f3wNIP: 6783199623, REGON: 522825535Kontakt: info@feelmypaint.com 2. Rozsah shroma\u017e\u010fovan\u00fdch \u00fadaj\u016f a \u00fa\u010dely zpracov\u00e1n\u00edSpr\u00e1vce zpracov\u00e1v\u00e1 osobn\u00ed \u00fadaje pouze v [&hellip;]\" \/>\n<meta property=\"og:url\" content=\"https:\/\/feelmypaint.com\/cs\/zasady-ochrany-osobnich-udaju\/\" \/>\n<meta property=\"og:site_name\" content=\"FeelMyPaint\" \/>\n<meta property=\"article:publisher\" content=\"https:\/\/www.facebook.com\/feelmypaintpl\" \/>\n<meta property=\"article:modified_time\" content=\"2025-05-29T16:18:13+00:00\" \/>\n<meta name=\"twitter:card\" content=\"summary_large_image\" \/>\n<meta name=\"twitter:label1\" content=\"Odhadovan\u00e1 doba \u010dten\u00ed\" \/>\n\t<meta name=\"twitter:data1\" content=\"2 minuty\" \/>\n<script type=\"application\/ld+json\" class=\"yoast-schema-graph\">{\"@context\":\"https:\/\/schema.org\",\"@graph\":[{\"@type\":\"WebPage\",\"@id\":\"https:\/\/feelmypaint.com\/cs\/zasady-ochrany-osobnich-udaju\/\",\"url\":\"https:\/\/feelmypaint.com\/cs\/zasady-ochrany-osobnich-udaju\/\",\"name\":\"Z\u00e1sady ochrany osobn\u00edch \u00fadaj\u016f - FeelMyPaint\",\"isPartOf\":{\"@id\":\"https:\/\/feelmypaint.com\/cs\/#website\"},\"datePublished\":\"2023-11-26T20:49:11+00:00\",\"dateModified\":\"2025-05-29T16:18:13+00:00\",\"breadcrumb\":{\"@id\":\"https:\/\/feelmypaint.com\/cs\/zasady-ochrany-osobnich-udaju\/#breadcrumb\"},\"inLanguage\":\"cs\",\"potentialAction\":[{\"@type\":\"ReadAction\",\"target\":[\"https:\/\/feelmypaint.com\/cs\/zasady-ochrany-osobnich-udaju\/\"]}]},{\"@type\":\"BreadcrumbList\",\"@id\":\"https:\/\/feelmypaint.com\/cs\/zasady-ochrany-osobnich-udaju\/#breadcrumb\",\"itemListElement\":[{\"@type\":\"ListItem\",\"position\":1,\"name\":\"Strona g\u0142\u00f3wna\",\"item\":\"https:\/\/feelmypaint.com\/cs\/\"},{\"@type\":\"ListItem\",\"position\":2,\"name\":\"Z\u00e1sady ochrany osobn\u00edch \u00fadaj\u016f\"}]},{\"@type\":\"WebSite\",\"@id\":\"https:\/\/feelmypaint.com\/cs\/#website\",\"url\":\"https:\/\/feelmypaint.com\/cs\/\",\"name\":\"FeelMyPaint - producent farb artystycznych\",\"description\":\"\",\"potentialAction\":[{\"@type\":\"SearchAction\",\"target\":{\"@type\":\"EntryPoint\",\"urlTemplate\":\"https:\/\/feelmypaint.com\/cs\/?s={search_term_string}\"},\"query-input\":{\"@type\":\"PropertyValueSpecification\",\"valueRequired\":true,\"valueName\":\"search_term_string\"}}],\"inLanguage\":\"cs\"}]}<\/script>\n<!-- \/ Yoast SEO plugin. -->","yoast_head_json":{"title":"Z\u00e1sady ochrany osobn\u00edch \u00fadaj\u016f - FeelMyPaint","robots":{"index":"index","follow":"follow","max-snippet":"max-snippet:-1","max-image-preview":"max-image-preview:large","max-video-preview":"max-video-preview:-1"},"canonical":"https:\/\/feelmypaint.com\/cs\/zasady-ochrany-osobnich-udaju\/","og_locale":"cs_CZ","og_type":"article","og_title":"Z\u00e1sady ochrany osobn\u00edch \u00fadaj\u016f - FeelMyPaint","og_description":"Z\u00e1sady ochrany osobn\u00edch \u00fadaj\u016f Z\u00e1sady ochrany osobn\u00edch \u00fadaj\u016f 1. Obecn\u00e1 ustanoven\u00edTyto z\u00e1sady ochrany osobn\u00edch \u00fadaj\u016f stanov\u00ed pravidla pro zpracov\u00e1n\u00ed osobn\u00edch \u00fadaj\u016f spr\u00e1vcem webov\u00fdch str\u00e1nek https:\/\/feelmypaint.com (d\u00e1le jen \u201estr\u00e1nky\u201c). Spr\u00e1vcem \u00fadaj\u016f je:FeelMyPaint Sp. z o.o. ul. Zag\u0142oby 2F, 31-980 Krak\u00f3wNIP: 6783199623, REGON: 522825535Kontakt: info@feelmypaint.com 2. Rozsah shroma\u017e\u010fovan\u00fdch \u00fadaj\u016f a \u00fa\u010dely zpracov\u00e1n\u00edSpr\u00e1vce zpracov\u00e1v\u00e1 osobn\u00ed \u00fadaje pouze v [&hellip;]","og_url":"https:\/\/feelmypaint.com\/cs\/zasady-ochrany-osobnich-udaju\/","og_site_name":"FeelMyPaint","article_publisher":"https:\/\/www.facebook.com\/feelmypaintpl","article_modified_time":"2025-05-29T16:18:13+00:00","twitter_card":"summary_large_image","twitter_misc":{"Odhadovan\u00e1 doba \u010dten\u00ed":"2 minuty"},"schema":{"@context":"https:\/\/schema.org","@graph":[{"@type":"WebPage","@id":"https:\/\/feelmypaint.com\/cs\/zasady-ochrany-osobnich-udaju\/","url":"https:\/\/feelmypaint.com\/cs\/zasady-ochrany-osobnich-udaju\/","name":"Z\u00e1sady ochrany osobn\u00edch \u00fadaj\u016f - FeelMyPaint","isPartOf":{"@id":"https:\/\/feelmypaint.com\/cs\/#website"},"datePublished":"2023-11-26T20:49:11+00:00","dateModified":"2025-05-29T16:18:13+00:00","breadcrumb":{"@id":"https:\/\/feelmypaint.com\/cs\/zasady-ochrany-osobnich-udaju\/#breadcrumb"},"inLanguage":"cs","potentialAction":[{"@type":"ReadAction","target":["https:\/\/feelmypaint.com\/cs\/zasady-ochrany-osobnich-udaju\/"]}]},{"@type":"BreadcrumbList","@id":"https:\/\/feelmypaint.com\/cs\/zasady-ochrany-osobnich-udaju\/#breadcrumb","itemListElement":[{"@type":"ListItem","position":1,"name":"Strona g\u0142\u00f3wna","item":"https:\/\/feelmypaint.com\/cs\/"},{"@type":"ListItem","position":2,"name":"Z\u00e1sady ochrany osobn\u00edch \u00fadaj\u016f"}]},{"@type":"WebSite","@id":"https:\/\/feelmypaint.com\/cs\/#website","url":"https:\/\/feelmypaint.com\/cs\/","name":"FeelMyPaint - producent farb artystycznych","description":"","potentialAction":[{"@type":"SearchAction","target":{"@type":"EntryPoint","urlTemplate":"https:\/\/feelmypaint.com\/cs\/?s={search_term_string}"},"query-input":{"@type":"PropertyValueSpecification","valueRequired":true,"valueName":"search_term_string"}}],"inLanguage":"cs"}]}},"_links":{"self":[{"href":"https:\/\/feelmypaint.com\/cs\/wp-json\/wp\/v2\/pages\/2933","targetHints":{"allow":["GET"]}}],"collection":[{"href":"https:\/\/feelmypaint.com\/cs\/wp-json\/wp\/v2\/pages"}],"about":[{"href":"https:\/\/feelmypaint.com\/cs\/wp-json\/wp\/v2\/types\/page"}],"author":[{"embeddable":true,"href":"https:\/\/feelmypaint.com\/cs\/wp-json\/wp\/v2\/users\/1"}],"replies":[{"embeddable":true,"href":"https:\/\/feelmypaint.com\/cs\/wp-json\/wp\/v2\/comments?post=2933"}],"version-history":[{"count":1,"href":"https:\/\/feelmypaint.com\/cs\/wp-json\/wp\/v2\/pages\/2933\/revisions"}],"predecessor-version":[{"id":2934,"href":"https:\/\/feelmypaint.com\/cs\/wp-json\/wp\/v2\/pages\/2933\/revisions\/2934"}],"wp:attachment":[{"href":"https:\/\/feelmypaint.com\/cs\/wp-json\/wp\/v2\/media?parent=2933"}],"curies":[{"name":"wp","href":"https:\/\/api.w.org\/{rel}","templated":true}]}}