{"id":1277,"date":"2023-11-24T00:51:29","date_gmt":"2023-11-23T23:51:29","guid":{"rendered":"https:\/\/feelmypaint.com\/einkaufswagen\/"},"modified":"2023-11-30T19:47:34","modified_gmt":"2023-11-30T18:47:34","slug":"einkaufswagen","status":"publish","type":"page","link":"https:\/\/feelmypaint.com\/de\/einkaufswagen\/","title":{"rendered":"Einkaufswagen"},"content":{"rendered":"\t\t<div data-elementor-type=\"wp-page\" data-elementor-id=\"1277\" class=\"elementor elementor-1277\" data-elementor-post-type=\"page\">\n\t\t\t\t<div class=\"elementor-element elementor-element-212fa057 e-con-full e-flex e-con e-parent\" data-id=\"212fa057\" data-element_type=\"container\" data-settings=\"{&quot;background_background&quot;:&quot;classic&quot;}\">\n\t\t\t\t<\/div>\n\t\t\t\t<\/div>\n\t\t","protected":false},"excerpt":{"rendered":"<p>Usu\u0144 Miniatura Produkt Cena Ilo\u015b\u0107 Kwota &times; Farba Akrylowa FeelMyPaint Biel Tytanowa PW6,120ml 15,00&nbsp;&#122;&#322; ilo\u015b\u0107 Farba Akrylowa FeelMyPaint Biel Tytanowa PW6,120ml&nbsp; 15,00&nbsp;&#122;&#322; Den Gutschein anwenden Gesamtwert des Warenkorbs Kwota 15,00&nbsp;&#122;&#322; Wysy\u0142ka Paczkomaty Inpost: 13,99&nbsp;&#122;&#322; Orlen Paczka Punkt: 10,99&nbsp;&#122;&#322; Pocztex Punkt: 10,49&nbsp;&#122;&#322; DPD Pickup Punkt: 11,49&nbsp;&#122;&#322; InPost Kurier: 13,49&nbsp;&#122;&#322; Pocztex Kurier: 11,19&nbsp;&#122;&#322; Wysy\u0142ka do: 31-231 Krak\u00f3w. [&hellip;]<\/p>\n","protected":false},"author":1,"featured_media":0,"parent":0,"menu_order":0,"comment_status":"closed","ping_status":"closed","template":"","meta":{"footnotes":""},"class_list":["post-1277","page","type-page","status-publish","hentry"],"yoast_head":"<!-- This site is optimized with the Yoast SEO plugin v26.5 - https:\/\/yoast.com\/wordpress\/plugins\/seo\/ -->\n<title>Einkaufswagen - FeelMyPaint<\/title>\n<meta name=\"robots\" content=\"index, follow, max-snippet:-1, max-image-preview:large, max-video-preview:-1\" \/>\n<link rel=\"canonical\" href=\"https:\/\/feelmypaint.com\/de\/einkaufswagen\/\" \/>\n<meta property=\"og:locale\" content=\"de_DE\" \/>\n<meta property=\"og:type\" content=\"article\" \/>\n<meta property=\"og:title\" content=\"Einkaufswagen - FeelMyPaint\" \/>\n<meta property=\"og:description\" content=\"Usu\u0144 Miniatura Produkt Cena Ilo\u015b\u0107 Kwota &times; Farba Akrylowa FeelMyPaint Biel Tytanowa PW6,120ml 15,00&nbsp;&#122;&#322; ilo\u015b\u0107 Farba Akrylowa FeelMyPaint Biel Tytanowa PW6,120ml&nbsp; 15,00&nbsp;&#122;&#322; Den Gutschein anwenden Gesamtwert des Warenkorbs Kwota 15,00&nbsp;&#122;&#322; Wysy\u0142ka Paczkomaty Inpost: 13,99&nbsp;&#122;&#322; Orlen Paczka Punkt: 10,99&nbsp;&#122;&#322; Pocztex Punkt: 10,49&nbsp;&#122;&#322; DPD Pickup Punkt: 11,49&nbsp;&#122;&#322; InPost Kurier: 13,49&nbsp;&#122;&#322; Pocztex Kurier: 11,19&nbsp;&#122;&#322; Wysy\u0142ka do: 31-231 Krak\u00f3w. [&hellip;]\" \/>\n<meta property=\"og:url\" content=\"https:\/\/feelmypaint.com\/de\/einkaufswagen\/\" \/>\n<meta property=\"og:site_name\" content=\"FeelMyPaint\" \/>\n<meta property=\"article:publisher\" content=\"https:\/\/www.facebook.com\/feelmypaintpl\" \/>\n<meta property=\"article:modified_time\" content=\"2023-11-30T18:47:34+00:00\" \/>\n<meta property=\"og:image\" content=\"https:\/\/feelmypaint.com\/wp-content\/uploads\/2023\/11\/white-300x300.png\" \/>\n<meta name=\"twitter:card\" content=\"summary_large_image\" \/>\n<script type=\"application\/ld+json\" class=\"yoast-schema-graph\">{\"@context\":\"https:\/\/schema.org\",\"@graph\":[{\"@type\":\"WebPage\",\"@id\":\"https:\/\/feelmypaint.com\/de\/einkaufswagen\/\",\"url\":\"https:\/\/feelmypaint.com\/de\/einkaufswagen\/\",\"name\":\"Einkaufswagen - FeelMyPaint\",\"isPartOf\":{\"@id\":\"https:\/\/feelmypaint.com\/de\/#website\"},\"primaryImageOfPage\":{\"@id\":\"https:\/\/feelmypaint.com\/de\/einkaufswagen\/#primaryimage\"},\"image\":{\"@id\":\"https:\/\/feelmypaint.com\/de\/einkaufswagen\/#primaryimage\"},\"thumbnailUrl\":\"https:\/\/feelmypaint.com\/wp-content\/uploads\/2023\/11\/white-300x300.png\",\"datePublished\":\"2023-11-23T23:51:29+00:00\",\"dateModified\":\"2023-11-30T18:47:34+00:00\",\"breadcrumb\":{\"@id\":\"https:\/\/feelmypaint.com\/de\/einkaufswagen\/#breadcrumb\"},\"inLanguage\":\"de\",\"potentialAction\":[{\"@type\":\"ReadAction\",\"target\":[\"https:\/\/feelmypaint.com\/de\/einkaufswagen\/\"]}]},{\"@type\":\"ImageObject\",\"inLanguage\":\"de\",\"@id\":\"https:\/\/feelmypaint.com\/de\/einkaufswagen\/#primaryimage\",\"url\":\"https:\/\/feelmypaint.com\/wp-content\/uploads\/2023\/11\/white-300x300.png\",\"contentUrl\":\"https:\/\/feelmypaint.com\/wp-content\/uploads\/2023\/11\/white-300x300.png\"},{\"@type\":\"BreadcrumbList\",\"@id\":\"https:\/\/feelmypaint.com\/de\/einkaufswagen\/#breadcrumb\",\"itemListElement\":[{\"@type\":\"ListItem\",\"position\":1,\"name\":\"Strona g\u0142\u00f3wna\",\"item\":\"https:\/\/feelmypaint.com\/de\/\"},{\"@type\":\"ListItem\",\"position\":2,\"name\":\"Einkaufswagen\"}]},{\"@type\":\"WebSite\",\"@id\":\"https:\/\/feelmypaint.com\/de\/#website\",\"url\":\"https:\/\/feelmypaint.com\/de\/\",\"name\":\"FeelMyPaint - producent farb artystycznych\",\"description\":\"\",\"potentialAction\":[{\"@type\":\"SearchAction\",\"target\":{\"@type\":\"EntryPoint\",\"urlTemplate\":\"https:\/\/feelmypaint.com\/de\/?s={search_term_string}\"},\"query-input\":{\"@type\":\"PropertyValueSpecification\",\"valueRequired\":true,\"valueName\":\"search_term_string\"}}],\"inLanguage\":\"de\"}]}<\/script>\n<!-- \/ Yoast SEO plugin. -->","yoast_head_json":{"title":"Einkaufswagen - FeelMyPaint","robots":{"index":"index","follow":"follow","max-snippet":"max-snippet:-1","max-image-preview":"max-image-preview:large","max-video-preview":"max-video-preview:-1"},"canonical":"https:\/\/feelmypaint.com\/de\/einkaufswagen\/","og_locale":"de_DE","og_type":"article","og_title":"Einkaufswagen - FeelMyPaint","og_description":"Usu\u0144 Miniatura Produkt Cena Ilo\u015b\u0107 Kwota &times; Farba Akrylowa FeelMyPaint Biel Tytanowa PW6,120ml 15,00&nbsp;&#122;&#322; ilo\u015b\u0107 Farba Akrylowa FeelMyPaint Biel Tytanowa PW6,120ml&nbsp; 15,00&nbsp;&#122;&#322; Den Gutschein anwenden Gesamtwert des Warenkorbs Kwota 15,00&nbsp;&#122;&#322; Wysy\u0142ka Paczkomaty Inpost: 13,99&nbsp;&#122;&#322; Orlen Paczka Punkt: 10,99&nbsp;&#122;&#322; Pocztex Punkt: 10,49&nbsp;&#122;&#322; DPD Pickup Punkt: 11,49&nbsp;&#122;&#322; InPost Kurier: 13,49&nbsp;&#122;&#322; Pocztex Kurier: 11,19&nbsp;&#122;&#322; Wysy\u0142ka do: 31-231 Krak\u00f3w. [&hellip;]","og_url":"https:\/\/feelmypaint.com\/de\/einkaufswagen\/","og_site_name":"FeelMyPaint","article_publisher":"https:\/\/www.facebook.com\/feelmypaintpl","article_modified_time":"2023-11-30T18:47:34+00:00","og_image":[{"url":"https:\/\/feelmypaint.com\/wp-content\/uploads\/2023\/11\/white-300x300.png","type":"","width":"","height":""}],"twitter_card":"summary_large_image","schema":{"@context":"https:\/\/schema.org","@graph":[{"@type":"WebPage","@id":"https:\/\/feelmypaint.com\/de\/einkaufswagen\/","url":"https:\/\/feelmypaint.com\/de\/einkaufswagen\/","name":"Einkaufswagen - FeelMyPaint","isPartOf":{"@id":"https:\/\/feelmypaint.com\/de\/#website"},"primaryImageOfPage":{"@id":"https:\/\/feelmypaint.com\/de\/einkaufswagen\/#primaryimage"},"image":{"@id":"https:\/\/feelmypaint.com\/de\/einkaufswagen\/#primaryimage"},"thumbnailUrl":"https:\/\/feelmypaint.com\/wp-content\/uploads\/2023\/11\/white-300x300.png","datePublished":"2023-11-23T23:51:29+00:00","dateModified":"2023-11-30T18:47:34+00:00","breadcrumb":{"@id":"https:\/\/feelmypaint.com\/de\/einkaufswagen\/#breadcrumb"},"inLanguage":"de","potentialAction":[{"@type":"ReadAction","target":["https:\/\/feelmypaint.com\/de\/einkaufswagen\/"]}]},{"@type":"ImageObject","inLanguage":"de","@id":"https:\/\/feelmypaint.com\/de\/einkaufswagen\/#primaryimage","url":"https:\/\/feelmypaint.com\/wp-content\/uploads\/2023\/11\/white-300x300.png","contentUrl":"https:\/\/feelmypaint.com\/wp-content\/uploads\/2023\/11\/white-300x300.png"},{"@type":"BreadcrumbList","@id":"https:\/\/feelmypaint.com\/de\/einkaufswagen\/#breadcrumb","itemListElement":[{"@type":"ListItem","position":1,"name":"Strona g\u0142\u00f3wna","item":"https:\/\/feelmypaint.com\/de\/"},{"@type":"ListItem","position":2,"name":"Einkaufswagen"}]},{"@type":"WebSite","@id":"https:\/\/feelmypaint.com\/de\/#website","url":"https:\/\/feelmypaint.com\/de\/","name":"FeelMyPaint - producent farb artystycznych","description":"","potentialAction":[{"@type":"SearchAction","target":{"@type":"EntryPoint","urlTemplate":"https:\/\/feelmypaint.com\/de\/?s={search_term_string}"},"query-input":{"@type":"PropertyValueSpecification","valueRequired":true,"valueName":"search_term_string"}}],"inLanguage":"de"}]}},"_links":{"self":[{"href":"https:\/\/feelmypaint.com\/de\/wp-json\/wp\/v2\/pages\/1277","targetHints":{"allow":["GET"]}}],"collection":[{"href":"https:\/\/feelmypaint.com\/de\/wp-json\/wp\/v2\/pages"}],"about":[{"href":"https:\/\/feelmypaint.com\/de\/wp-json\/wp\/v2\/types\/page"}],"author":[{"embeddable":true,"href":"https:\/\/feelmypaint.com\/de\/wp-json\/wp\/v2\/users\/1"}],"replies":[{"embeddable":true,"href":"https:\/\/feelmypaint.com\/de\/wp-json\/wp\/v2\/comments?post=1277"}],"version-history":[{"count":0,"href":"https:\/\/feelmypaint.com\/de\/wp-json\/wp\/v2\/pages\/1277\/revisions"}],"wp:attachment":[{"href":"https:\/\/feelmypaint.com\/de\/wp-json\/wp\/v2\/media?parent=1277"}],"curies":[{"name":"wp","href":"https:\/\/api.w.org\/{rel}","templated":true}]}}