{"id":1420,"date":"2023-11-26T21:49:11","date_gmt":"2023-11-26T20:49:11","guid":{"rendered":"https:\/\/feelmypaint.com\/datenschutzbestimmungen\/"},"modified":"2025-05-29T17:18:13","modified_gmt":"2025-05-29T16:18:13","slug":"datenschutzbestimmungen","status":"publish","type":"page","link":"https:\/\/feelmypaint.com\/de\/datenschutzbestimmungen\/","title":{"rendered":"Datenschutzbestimmungen"},"content":{"rendered":"\t\t<div data-elementor-type=\"wp-page\" data-elementor-id=\"1420\" class=\"elementor elementor-1420 elementor-787\" data-elementor-post-type=\"page\">\n\t\t\t\t<div class=\"elementor-element elementor-element-ee5dd27 e-flex e-con-boxed e-con e-parent\" data-id=\"ee5dd27\" data-element_type=\"container\" data-settings=\"{&quot;background_background&quot;:&quot;classic&quot;}\">\n\t\t\t\t\t<div class=\"e-con-inner\">\n\t\t<div class=\"elementor-element elementor-element-f1afe19 e-flex e-con-boxed e-con e-child\" data-id=\"f1afe19\" data-element_type=\"container\">\n\t\t\t\t\t<div class=\"e-con-inner\">\n\t\t\t\t<div class=\"elementor-element elementor-element-7dd1d4f elementor-widget elementor-widget-heading\" data-id=\"7dd1d4f\" data-element_type=\"widget\" data-widget_type=\"heading.default\">\n\t\t\t\t<div class=\"elementor-widget-container\">\n\t\t\t\t\t<h1 class=\"elementor-heading-title elementor-size-default\">Datenschutzbestimmungen<\/h1>\t\t\t\t<\/div>\n\t\t\t\t<\/div>\n\t\t\t\t\t<\/div>\n\t\t\t\t<\/div>\n\t\t\t\t<div class=\"elementor-element elementor-element-6a41129 elementor-widget elementor-widget-text-editor\" data-id=\"6a41129\" data-element_type=\"widget\" data-widget_type=\"text-editor.default\">\n\t\t\t\t<div class=\"elementor-widget-container\">\n\t\t\t\t\t\t\t\t\t<p data-start=\"229\" data-end=\"253\"><strong data-start=\"229\" data-end=\"253\">Datenschutzbestimmungen<\/strong><\/p>\n<p data-start=\"255\" data-end=\"451\"><strong data-start=\"255\" data-end=\"282\">1. allgemeine Bestimmungen<\/strong><br data-start=\"282\" data-end=\"285\">Diese Datenschutzrichtlinie legt die Regeln f\u00fcr die Verarbeitung personenbezogener Daten durch den Administrator der Website <a href=\"https:\/\/store.feelmypaint.com\" target=\"_new\" rel=\"noopener\" data-start=\"403\" data-end=\"432\">https:\/\/feelmypaint.com<\/a> (im Folgenden: die \u201eSite\u201c) fest.<\/p>\n<p data-start=\"453\" data-end=\"609\">Der f\u00fcr die Datenverarbeitung Verantwortliche ist:<br><strong data-start=\"482\" data-end=\"508\">FeelMyPaint Sp. z o.o. <\/strong><br data-start=\"508\" data-end=\"511\">ul. Zag\u0142oby 2F, 31-980 Krak\u00f3w<br data-start=\"540\" data-end=\"543\">NIP: 6783199623, REGON: 522825535<br data-start=\"576\" data-end=\"579\">Kontakt: <a rel=\"noopener\" data-start=\"588\" data-end=\"609\">info@feelmypaint.com<\/a> <\/p>\n<p data-start=\"611\" data-end=\"725\"><strong data-start=\"611\" data-end=\"663\">2) Umfang der erhobenen Daten und Zweck der Verarbeitung<\/strong><br data-start=\"663\" data-end=\"666\">Der Administrator verarbeitet personenbezogene Daten nur in dem Umfang:<\/p>\n<ul data-start=\"726\" data-end=\"1060\">\n<li data-start=\"726\" data-end=\"892\">\n<p data-start=\"728\" data-end=\"892\">Daten, die \u00fcber das Kontaktformular \u00fcbermittelt werden (z. B. Name, E-Mail-Adresse, Inhalt der Nachricht) &#8211; um die Anfrage zu beantworten (Artikel 6 Absatz 1 Buchstabe f) RODO),<\/p>\n<\/li>\n<li data-start=\"893\" data-end=\"1060\">\n<p data-start=\"895\" data-end=\"1060\">Daten, die \u00fcber Cookies erhoben werden &#8211; f\u00fcr technische, statistische und &#8211; mit Zustimmung &#8211; Marketingzwecke (Artikel 6 Absatz 1 Buchstaben a und f RODO).<\/p>\n<\/li>\n<\/ul>\n<p data-start=\"1062\" data-end=\"1310\"><strong data-start=\"1062\" data-end=\"1076\">3 Cookies<\/strong><br data-start=\"1076\" data-end=\"1079\">Die Website verwendet Cookies.<br data-start=\"1173\" data-end=\"1176\">Sie k\u00f6nnen Ihre Zustimmung zu Cookies jederzeit in Ihren Browsereinstellungen oder durch Klicken auf \u201eDatenschutzeinstellungen \u00e4ndern\u201c in der Fu\u00dfzeile der Website widerrufen.<\/p>\n<p data-start=\"1312\" data-end=\"1475\"><strong data-start=\"1312\" data-end=\"1334\">4 Datenempf\u00e4nger<\/strong><br data-start=\"1334\" data-end=\"1337\">Daten k\u00f6nnen an Stellen \u00fcbermittelt werden, die den Administrator technisch unterst\u00fctzen (z.B. Webhoster, Formularanbieter, Analyseanbieter).<\/p>\n<p data-start=\"1477\" data-end=\"1528\"><strong data-start=\"1477\" data-end=\"1501\">5. nutzerrechte<\/strong><br data-start=\"1501\" data-end=\"1504\">Sie haben das Recht,:<\/p>\n<ul data-start=\"1529\" data-end=\"1734\">\n<li data-start=\"1529\" data-end=\"1549\">\n<p data-start=\"1531\" data-end=\"1549\">Zugang zu Daten,<\/p>\n<\/li>\n<li data-start=\"1550\" data-end=\"1611\">\n<p data-start=\"1552\" data-end=\"1611\">ihre Berichtigung, L\u00f6schung oder Einschr\u00e4nkung der Verarbeitung,<\/p>\n<\/li>\n<li data-start=\"1612\" data-end=\"1655\">\n<p data-start=\"1614\" data-end=\"1655\">um der Verarbeitung zu widersprechen,<\/p>\n<\/li>\n<li data-start=\"1656\" data-end=\"1697\">\n<p data-start=\"1658\" data-end=\"1697\">Widerruf der Zustimmung (falls erteilt),<\/p>\n<\/li>\n<li data-start=\"1698\" data-end=\"1734\">\n<p data-start=\"1700\" data-end=\"1734\">eine Beschwerde beim Pr\u00e4sidenten von UODO einreichen.<\/p>\n<\/li>\n<\/ul>\n<p data-start=\"1736\" data-end=\"1928\"><strong data-start=\"1736\" data-end=\"1764\">6 Datenspeicherung<\/strong><br data-start=\"1764\" data-end=\"1767\">Daten, die auf der Grundlage einer Einwilligung verarbeitet werden &#8211; bis zu deren Widerruf.<br data-start=\"1831\" data-end=\"1834\">Daten aus dem Kontaktformular &#8211; bis zur Beendigung der Korrespondenz oder einem Widerspruch.<\/p>\n<p data-start=\"1930\" data-end=\"2073\"><strong data-start=\"1930\" data-end=\"1964\">7 Freiwilligkeit der Daten<\/strong><br data-start=\"1964\" data-end=\"1967\">Die Angabe von pers\u00f6nlichen Daten im Kontaktformular ist freiwillig, aber notwendig, um eine Antwort zu erhalten.<\/p>\n<p data-start=\"2075\" data-end=\"2298\"><strong data-start=\"2075\" data-end=\"2111\">8 \u00dcbertragung von Daten au\u00dferhalb des EWR<\/strong><br data-start=\"2111\" data-end=\"2114\">Daten k\u00f6nnen im Zusammenhang mit der Verwendung von Analyse- oder Marketing-Tools au\u00dferhalb des Europ\u00e4ischen Wirtschaftsraums \u00fcbertragen werden &#8211; nur auf der Grundlage Ihrer Zustimmung (Cookies).<\/p>\n<p data-start=\"2300\" data-end=\"2444\"><strong data-start=\"2300\" data-end=\"2328\">9 Datensicherheit<\/strong><br data-start=\"2328\" data-end=\"2331\">Der Administrator wendet angemessene technische und organisatorische Ma\u00dfnahmen an, um die Daten vor unberechtigtem Zugriff zu sch\u00fctzen.<\/p>\n<p data-start=\"2446\" data-end=\"2501\">Die Datenschutzbestimmungen gelten ab dem <strong data-start=\"2486\" data-end=\"2500\">29.05.2025<\/strong>.<\/p>\t\t\t\t\t\t\t\t<\/div>\n\t\t\t\t<\/div>\n\t\t\t\t\t<\/div>\n\t\t\t\t<\/div>\n\t\t\t\t<\/div>\n\t\t","protected":false},"excerpt":{"rendered":"<p>Datenschutzbestimmungen Datenschutzbestimmungen 1. allgemeine BestimmungenDiese Datenschutzrichtlinie legt die Regeln f\u00fcr die Verarbeitung personenbezogener Daten durch den Administrator der Website https:\/\/feelmypaint.com (im Folgenden: die \u201eSite\u201c) fest. Der f\u00fcr die Datenverarbeitung Verantwortliche ist:FeelMyPaint Sp. z o.o. ul. Zag\u0142oby 2F, 31-980 Krak\u00f3wNIP: 6783199623, REGON: 522825535Kontakt: info@feelmypaint.com 2) Umfang der erhobenen Daten und Zweck der VerarbeitungDer Administrator verarbeitet personenbezogene [&hellip;]<\/p>\n","protected":false},"author":1,"featured_media":0,"parent":0,"menu_order":0,"comment_status":"closed","ping_status":"closed","template":"","meta":{"footnotes":""},"class_list":["post-1420","page","type-page","status-publish","hentry"],"yoast_head":"<!-- This site is optimized with the Yoast SEO plugin v26.5 - https:\/\/yoast.com\/wordpress\/plugins\/seo\/ -->\n<title>Datenschutzbestimmungen - FeelMyPaint<\/title>\n<meta name=\"robots\" content=\"index, follow, max-snippet:-1, max-image-preview:large, max-video-preview:-1\" \/>\n<link rel=\"canonical\" href=\"https:\/\/feelmypaint.com\/de\/datenschutzbestimmungen\/\" \/>\n<meta property=\"og:locale\" content=\"de_DE\" \/>\n<meta property=\"og:type\" content=\"article\" \/>\n<meta property=\"og:title\" content=\"Datenschutzbestimmungen - FeelMyPaint\" \/>\n<meta property=\"og:description\" content=\"Datenschutzbestimmungen Datenschutzbestimmungen 1. allgemeine BestimmungenDiese Datenschutzrichtlinie legt die Regeln f\u00fcr die Verarbeitung personenbezogener Daten durch den Administrator der Website https:\/\/feelmypaint.com (im Folgenden: die \u201eSite\u201c) fest. Der f\u00fcr die Datenverarbeitung Verantwortliche ist:FeelMyPaint Sp. z o.o. ul. Zag\u0142oby 2F, 31-980 Krak\u00f3wNIP: 6783199623, REGON: 522825535Kontakt: info@feelmypaint.com 2) Umfang der erhobenen Daten und Zweck der VerarbeitungDer Administrator verarbeitet personenbezogene [&hellip;]\" \/>\n<meta property=\"og:url\" content=\"https:\/\/feelmypaint.com\/de\/datenschutzbestimmungen\/\" \/>\n<meta property=\"og:site_name\" content=\"FeelMyPaint\" \/>\n<meta property=\"article:publisher\" content=\"https:\/\/www.facebook.com\/feelmypaintpl\" \/>\n<meta property=\"article:modified_time\" content=\"2025-05-29T16:18:13+00:00\" \/>\n<meta name=\"twitter:card\" content=\"summary_large_image\" \/>\n<meta name=\"twitter:label1\" content=\"Gesch\u00e4tzte Lesezeit\" \/>\n\t<meta name=\"twitter:data1\" content=\"2\u00a0Minuten\" \/>\n<script type=\"application\/ld+json\" class=\"yoast-schema-graph\">{\"@context\":\"https:\/\/schema.org\",\"@graph\":[{\"@type\":\"WebPage\",\"@id\":\"https:\/\/feelmypaint.com\/de\/datenschutzbestimmungen\/\",\"url\":\"https:\/\/feelmypaint.com\/de\/datenschutzbestimmungen\/\",\"name\":\"Datenschutzbestimmungen - FeelMyPaint\",\"isPartOf\":{\"@id\":\"https:\/\/feelmypaint.com\/de\/#website\"},\"datePublished\":\"2023-11-26T20:49:11+00:00\",\"dateModified\":\"2025-05-29T16:18:13+00:00\",\"breadcrumb\":{\"@id\":\"https:\/\/feelmypaint.com\/de\/datenschutzbestimmungen\/#breadcrumb\"},\"inLanguage\":\"de\",\"potentialAction\":[{\"@type\":\"ReadAction\",\"target\":[\"https:\/\/feelmypaint.com\/de\/datenschutzbestimmungen\/\"]}]},{\"@type\":\"BreadcrumbList\",\"@id\":\"https:\/\/feelmypaint.com\/de\/datenschutzbestimmungen\/#breadcrumb\",\"itemListElement\":[{\"@type\":\"ListItem\",\"position\":1,\"name\":\"Strona g\u0142\u00f3wna\",\"item\":\"https:\/\/feelmypaint.com\/de\/\"},{\"@type\":\"ListItem\",\"position\":2,\"name\":\"Datenschutzbestimmungen\"}]},{\"@type\":\"WebSite\",\"@id\":\"https:\/\/feelmypaint.com\/de\/#website\",\"url\":\"https:\/\/feelmypaint.com\/de\/\",\"name\":\"FeelMyPaint - producent farb artystycznych\",\"description\":\"\",\"potentialAction\":[{\"@type\":\"SearchAction\",\"target\":{\"@type\":\"EntryPoint\",\"urlTemplate\":\"https:\/\/feelmypaint.com\/de\/?s={search_term_string}\"},\"query-input\":{\"@type\":\"PropertyValueSpecification\",\"valueRequired\":true,\"valueName\":\"search_term_string\"}}],\"inLanguage\":\"de\"}]}<\/script>\n<!-- \/ Yoast SEO plugin. -->","yoast_head_json":{"title":"Datenschutzbestimmungen - FeelMyPaint","robots":{"index":"index","follow":"follow","max-snippet":"max-snippet:-1","max-image-preview":"max-image-preview:large","max-video-preview":"max-video-preview:-1"},"canonical":"https:\/\/feelmypaint.com\/de\/datenschutzbestimmungen\/","og_locale":"de_DE","og_type":"article","og_title":"Datenschutzbestimmungen - FeelMyPaint","og_description":"Datenschutzbestimmungen Datenschutzbestimmungen 1. allgemeine BestimmungenDiese Datenschutzrichtlinie legt die Regeln f\u00fcr die Verarbeitung personenbezogener Daten durch den Administrator der Website https:\/\/feelmypaint.com (im Folgenden: die \u201eSite\u201c) fest. Der f\u00fcr die Datenverarbeitung Verantwortliche ist:FeelMyPaint Sp. z o.o. ul. Zag\u0142oby 2F, 31-980 Krak\u00f3wNIP: 6783199623, REGON: 522825535Kontakt: info@feelmypaint.com 2) Umfang der erhobenen Daten und Zweck der VerarbeitungDer Administrator verarbeitet personenbezogene [&hellip;]","og_url":"https:\/\/feelmypaint.com\/de\/datenschutzbestimmungen\/","og_site_name":"FeelMyPaint","article_publisher":"https:\/\/www.facebook.com\/feelmypaintpl","article_modified_time":"2025-05-29T16:18:13+00:00","twitter_card":"summary_large_image","twitter_misc":{"Gesch\u00e4tzte Lesezeit":"2\u00a0Minuten"},"schema":{"@context":"https:\/\/schema.org","@graph":[{"@type":"WebPage","@id":"https:\/\/feelmypaint.com\/de\/datenschutzbestimmungen\/","url":"https:\/\/feelmypaint.com\/de\/datenschutzbestimmungen\/","name":"Datenschutzbestimmungen - FeelMyPaint","isPartOf":{"@id":"https:\/\/feelmypaint.com\/de\/#website"},"datePublished":"2023-11-26T20:49:11+00:00","dateModified":"2025-05-29T16:18:13+00:00","breadcrumb":{"@id":"https:\/\/feelmypaint.com\/de\/datenschutzbestimmungen\/#breadcrumb"},"inLanguage":"de","potentialAction":[{"@type":"ReadAction","target":["https:\/\/feelmypaint.com\/de\/datenschutzbestimmungen\/"]}]},{"@type":"BreadcrumbList","@id":"https:\/\/feelmypaint.com\/de\/datenschutzbestimmungen\/#breadcrumb","itemListElement":[{"@type":"ListItem","position":1,"name":"Strona g\u0142\u00f3wna","item":"https:\/\/feelmypaint.com\/de\/"},{"@type":"ListItem","position":2,"name":"Datenschutzbestimmungen"}]},{"@type":"WebSite","@id":"https:\/\/feelmypaint.com\/de\/#website","url":"https:\/\/feelmypaint.com\/de\/","name":"FeelMyPaint - producent farb artystycznych","description":"","potentialAction":[{"@type":"SearchAction","target":{"@type":"EntryPoint","urlTemplate":"https:\/\/feelmypaint.com\/de\/?s={search_term_string}"},"query-input":{"@type":"PropertyValueSpecification","valueRequired":true,"valueName":"search_term_string"}}],"inLanguage":"de"}]}},"_links":{"self":[{"href":"https:\/\/feelmypaint.com\/de\/wp-json\/wp\/v2\/pages\/1420","targetHints":{"allow":["GET"]}}],"collection":[{"href":"https:\/\/feelmypaint.com\/de\/wp-json\/wp\/v2\/pages"}],"about":[{"href":"https:\/\/feelmypaint.com\/de\/wp-json\/wp\/v2\/types\/page"}],"author":[{"embeddable":true,"href":"https:\/\/feelmypaint.com\/de\/wp-json\/wp\/v2\/users\/1"}],"replies":[{"embeddable":true,"href":"https:\/\/feelmypaint.com\/de\/wp-json\/wp\/v2\/comments?post=1420"}],"version-history":[{"count":2,"href":"https:\/\/feelmypaint.com\/de\/wp-json\/wp\/v2\/pages\/1420\/revisions"}],"predecessor-version":[{"id":2930,"href":"https:\/\/feelmypaint.com\/de\/wp-json\/wp\/v2\/pages\/1420\/revisions\/2930"}],"wp:attachment":[{"href":"https:\/\/feelmypaint.com\/de\/wp-json\/wp\/v2\/media?parent=1420"}],"curies":[{"name":"wp","href":"https:\/\/api.w.org\/{rel}","templated":true}]}}