{"id":1458,"date":"2023-11-27T14:20:15","date_gmt":"2023-11-27T13:20:15","guid":{"rendered":"https:\/\/feelmypaint.com\/zahlungsmoeglichkeiten\/"},"modified":"2024-01-10T18:51:09","modified_gmt":"2024-01-10T17:51:09","slug":"zahlungsmoeglichkeiten","status":"publish","type":"page","link":"https:\/\/feelmypaint.com\/de\/zahlungsmoeglichkeiten\/","title":{"rendered":"Zahlungsm\u00f6glichkeiten"},"content":{"rendered":"\t\t<div data-elementor-type=\"wp-page\" data-elementor-id=\"1458\" class=\"elementor elementor-1458\" data-elementor-post-type=\"page\">\n\t\t\t\t<div class=\"elementor-element elementor-element-6a68ce0 e-flex e-con-boxed e-con e-parent\" data-id=\"6a68ce0\" data-element_type=\"container\" data-settings=\"{&quot;background_background&quot;:&quot;classic&quot;}\">\n\t\t\t\t\t<div class=\"e-con-inner\">\n\t\t\t\t<div class=\"elementor-element elementor-element-753ccc5 elementor-widget elementor-widget-text-editor\" data-id=\"753ccc5\" data-element_type=\"widget\" data-widget_type=\"text-editor.default\">\n\t\t\t\t<div class=\"elementor-widget-container\">\n\t\t\t\t\t\t\t\t\t<h2>Wie Sie Ihre Bestellung bezahlen k\u00f6nnen<\/h2>\n<p>Sie k\u00f6nnen eine der folgenden Zahlungsarten w\u00e4hlen, um Ihre Bestellung abzuschlie\u00dfen:<\/p>\n<ul>\n<li>Przelewy24<\/li>\n<li>\u00dcberweisung: Die Kontonummer und die \u00dcberweisungsdaten werden Ihnen nach der Bestellung zugesandt.<\/li>\n<li>Kreditkarte: Mastercard, Visa,<\/li>\n<li>Twisto<\/li>\n<li>BLIK<\/li>\n<li>GooglePay<\/li>\n<li>iPKO, mBank, Pekao<\/li>\n<li>PayPo<\/li>\n<\/ul>\n<div>F\u00fcr Kunden aus anderen L\u00e4ndern als Polen stehen die folgenden Zahlungsm\u00f6glichkeiten zur Verf\u00fcgung:<\/div>\n<ul>\n<li>Kreditkarte: Mastercard, Visa<\/li>\n<li>\u00dcberweisung: Die Kontonummer und die \u00dcberweisungsdaten werden Ihnen nach der Bestellung zugesandt.<\/li>\n<li>EPS  <\/li>\n<li>giropay  <\/li>\n<\/ul>\n<div> <\/div>\n<div> <\/div>\n<h2>Sichere Zahlungen<\/h2>\n<p>Alle Zahlungen werden auf sichere Art und Weise get\u00e4tigt. Ihre pers\u00f6nlichen Daten werden nur zur Abwicklung der Zahlung verwendet und nicht an Dritte weitergegeben.<\/p>\n<h2>Online-Zahlung<\/h2>\n<p>Wenn Sie sich f\u00fcr eine Online-Zahlung per Kredit- oder Debitkarte entscheiden, werden Sie auf die sichere Seite unseres Partners weitergeleitet, wo Sie Ihre Daten eingeben k\u00f6nnen, um die Zahlung abzuschlie\u00dfen. Alle hier eingegebenen Informationen werden sicher verschl\u00fcsselt. Denken Sie daran, dass der sichere Zahlungslink nur f\u00fcr eine begrenzte Zeit aktiv ist. Wenn die Frist abgelaufen ist, m\u00fcssen Sie Ihre Bestellung \u00fcber Ihr Konto auf unserer Website aufrufen und erneut versuchen zu bezahlen. Im Falle einer R\u00fcckerstattung auf das Konto des Kunden wird diese automatisch vorgenommen.<\/p>\n<h2>Zahlung per Bank\u00fcberweisung<\/h2>\n<p>Wenn Sie sich f\u00fcr die Zahlung per Bank\u00fcberweisung entscheiden, erhalten Sie die \u00dcberweisungsdaten nach Ihrer Bestellung. Diese Informationen finden Sie auch in der Best\u00e4tigungs-E-Mail, die Sie nach Ihrer Bestellung erhalten. Bitte beachten Sie, dass es bis zu 4 Arbeitstage dauern kann, bis die Einzahlungen verschickt werden. Ihre Bestellung wird erst dann versandt, wenn der \u00fcberwiesene Betrag von unserer Buchhaltung gepr\u00fcft wurde. Wenn Sie eventuelle Verz\u00f6gerungen vermeiden wollen, k\u00f6nnen Sie uns eine Zahlungsbest\u00e4tigung Ihrer Bank schicken. Sie k\u00f6nnen sie im PDF-Format an unsere E-Mail Adresse senden: info@feelmypaint.com.<\/p>\n<h3>Angaben zur Bank\u00fcberweisung:<\/h3>\n<p>Kontonummer des Empf\u00e4ngers: 45102029060000150205083292  <\/p>\n<p>Name des Empf\u00e4ngers: FEELMYPAINT GESELLSCHAFT MIT BESCHR\u00c4NKTER HAFTUNG  <\/p>\n<p>Name der Bank: Powszechna Kasa Oszcz\u0119dno\u015bci Bank Polski SA  <\/p>\n<p>Bank BIC (Swift) Code: BPKOPLPW<\/p>\n<p><b>Bitte geben Sie im Titel der \u00dcberweisung Ihre Bestellnummer an!<\/b>  Bei jeder Art von R\u00fccksendung ist der K\u00e4ufer verpflichtet, dem Verk\u00e4ufer alle notwendigen Informationen zur Verf\u00fcgung zu stellen, um die R\u00fccksendung auf seine Rechnung vorzunehmen.<\/p>\n<h2>Probleme mit der Bezahlung<\/h2>\n<ul>\n<li>Wenn Sie Probleme mit einer Zahlung haben, erkundigen Sie sich bitte zun\u00e4chst bei Ihrer Bank oder Ihrem Konto, ob die Zahlung angenommen oder abgelehnt wurde.<\/li>\n<li>Wenn Ihre Zahlung erfolgreich war, aber nicht in unserem System erscheint, kontaktieren Sie uns bitte unter: info@feelmypaint.com , und wir werden die Zahlung mit unserer Buchhaltungsabteilung best\u00e4tigen.<\/li>\n<li>Wenn Sie Probleme mit der Zahlungsseite haben, versuchen Sie, Ihr FeelMyPaint.com-Konto mit einem anderen Browser oder Ger\u00e4t zu \u00f6ffnen.<\/li>\n<\/ul>\n\t\t\t\t\t\t\t\t<\/div>\n\t\t\t\t<\/div>\n\t\t\t\t\t<\/div>\n\t\t\t\t<\/div>\n\t\t\t\t<\/div>\n\t\t","protected":false},"excerpt":{"rendered":"<p>Wie Sie Ihre Bestellung bezahlen k\u00f6nnen Sie k\u00f6nnen eine der folgenden Zahlungsarten w\u00e4hlen, um Ihre Bestellung abzuschlie\u00dfen: Przelewy24 \u00dcberweisung: Die Kontonummer und die \u00dcberweisungsdaten werden Ihnen nach der Bestellung zugesandt. Kreditkarte: Mastercard, Visa, Twisto BLIK GooglePay iPKO, mBank, Pekao PayPo F\u00fcr Kunden aus anderen L\u00e4ndern als Polen stehen die folgenden Zahlungsm\u00f6glichkeiten zur Verf\u00fcgung: Kreditkarte: Mastercard, [&hellip;]<\/p>\n","protected":false},"author":1,"featured_media":0,"parent":0,"menu_order":0,"comment_status":"closed","ping_status":"closed","template":"","meta":{"footnotes":""},"class_list":["post-1458","page","type-page","status-publish","hentry"],"yoast_head":"<!-- This site is optimized with the Yoast SEO plugin v26.5 - https:\/\/yoast.com\/wordpress\/plugins\/seo\/ -->\n<title>Zahlungsm\u00f6glichkeiten - FeelMyPaint<\/title>\n<meta name=\"robots\" content=\"index, follow, max-snippet:-1, max-image-preview:large, max-video-preview:-1\" \/>\n<link rel=\"canonical\" href=\"https:\/\/feelmypaint.com\/de\/zahlungsmoeglichkeiten\/\" \/>\n<meta property=\"og:locale\" content=\"de_DE\" \/>\n<meta property=\"og:type\" content=\"article\" \/>\n<meta property=\"og:title\" content=\"Zahlungsm\u00f6glichkeiten - FeelMyPaint\" \/>\n<meta property=\"og:description\" content=\"Wie Sie Ihre Bestellung bezahlen k\u00f6nnen Sie k\u00f6nnen eine der folgenden Zahlungsarten w\u00e4hlen, um Ihre Bestellung abzuschlie\u00dfen: Przelewy24 \u00dcberweisung: Die Kontonummer und die \u00dcberweisungsdaten werden Ihnen nach der Bestellung zugesandt. Kreditkarte: Mastercard, Visa, Twisto BLIK GooglePay iPKO, mBank, Pekao PayPo F\u00fcr Kunden aus anderen L\u00e4ndern als Polen stehen die folgenden Zahlungsm\u00f6glichkeiten zur Verf\u00fcgung: Kreditkarte: Mastercard, [&hellip;]\" \/>\n<meta property=\"og:url\" content=\"https:\/\/feelmypaint.com\/de\/zahlungsmoeglichkeiten\/\" \/>\n<meta property=\"og:site_name\" content=\"FeelMyPaint\" \/>\n<meta property=\"article:publisher\" content=\"https:\/\/www.facebook.com\/feelmypaintpl\" \/>\n<meta property=\"article:modified_time\" content=\"2024-01-10T17:51:09+00:00\" \/>\n<meta name=\"twitter:card\" content=\"summary_large_image\" \/>\n<meta name=\"twitter:label1\" content=\"Gesch\u00e4tzte Lesezeit\" \/>\n\t<meta name=\"twitter:data1\" content=\"2\u00a0Minuten\" \/>\n<script type=\"application\/ld+json\" class=\"yoast-schema-graph\">{\"@context\":\"https:\/\/schema.org\",\"@graph\":[{\"@type\":\"WebPage\",\"@id\":\"https:\/\/feelmypaint.com\/de\/zahlungsmoeglichkeiten\/\",\"url\":\"https:\/\/feelmypaint.com\/de\/zahlungsmoeglichkeiten\/\",\"name\":\"Zahlungsm\u00f6glichkeiten - FeelMyPaint\",\"isPartOf\":{\"@id\":\"https:\/\/feelmypaint.com\/de\/#website\"},\"datePublished\":\"2023-11-27T13:20:15+00:00\",\"dateModified\":\"2024-01-10T17:51:09+00:00\",\"breadcrumb\":{\"@id\":\"https:\/\/feelmypaint.com\/de\/zahlungsmoeglichkeiten\/#breadcrumb\"},\"inLanguage\":\"de\",\"potentialAction\":[{\"@type\":\"ReadAction\",\"target\":[\"https:\/\/feelmypaint.com\/de\/zahlungsmoeglichkeiten\/\"]}]},{\"@type\":\"BreadcrumbList\",\"@id\":\"https:\/\/feelmypaint.com\/de\/zahlungsmoeglichkeiten\/#breadcrumb\",\"itemListElement\":[{\"@type\":\"ListItem\",\"position\":1,\"name\":\"Strona g\u0142\u00f3wna\",\"item\":\"https:\/\/feelmypaint.com\/de\/\"},{\"@type\":\"ListItem\",\"position\":2,\"name\":\"Zahlungsm\u00f6glichkeiten\"}]},{\"@type\":\"WebSite\",\"@id\":\"https:\/\/feelmypaint.com\/de\/#website\",\"url\":\"https:\/\/feelmypaint.com\/de\/\",\"name\":\"FeelMyPaint - producent farb artystycznych\",\"description\":\"\",\"potentialAction\":[{\"@type\":\"SearchAction\",\"target\":{\"@type\":\"EntryPoint\",\"urlTemplate\":\"https:\/\/feelmypaint.com\/de\/?s={search_term_string}\"},\"query-input\":{\"@type\":\"PropertyValueSpecification\",\"valueRequired\":true,\"valueName\":\"search_term_string\"}}],\"inLanguage\":\"de\"}]}<\/script>\n<!-- \/ Yoast SEO plugin. -->","yoast_head_json":{"title":"Zahlungsm\u00f6glichkeiten - FeelMyPaint","robots":{"index":"index","follow":"follow","max-snippet":"max-snippet:-1","max-image-preview":"max-image-preview:large","max-video-preview":"max-video-preview:-1"},"canonical":"https:\/\/feelmypaint.com\/de\/zahlungsmoeglichkeiten\/","og_locale":"de_DE","og_type":"article","og_title":"Zahlungsm\u00f6glichkeiten - FeelMyPaint","og_description":"Wie Sie Ihre Bestellung bezahlen k\u00f6nnen Sie k\u00f6nnen eine der folgenden Zahlungsarten w\u00e4hlen, um Ihre Bestellung abzuschlie\u00dfen: Przelewy24 \u00dcberweisung: Die Kontonummer und die \u00dcberweisungsdaten werden Ihnen nach der Bestellung zugesandt. Kreditkarte: Mastercard, Visa, Twisto BLIK GooglePay iPKO, mBank, Pekao PayPo F\u00fcr Kunden aus anderen L\u00e4ndern als Polen stehen die folgenden Zahlungsm\u00f6glichkeiten zur Verf\u00fcgung: Kreditkarte: Mastercard, [&hellip;]","og_url":"https:\/\/feelmypaint.com\/de\/zahlungsmoeglichkeiten\/","og_site_name":"FeelMyPaint","article_publisher":"https:\/\/www.facebook.com\/feelmypaintpl","article_modified_time":"2024-01-10T17:51:09+00:00","twitter_card":"summary_large_image","twitter_misc":{"Gesch\u00e4tzte Lesezeit":"2\u00a0Minuten"},"schema":{"@context":"https:\/\/schema.org","@graph":[{"@type":"WebPage","@id":"https:\/\/feelmypaint.com\/de\/zahlungsmoeglichkeiten\/","url":"https:\/\/feelmypaint.com\/de\/zahlungsmoeglichkeiten\/","name":"Zahlungsm\u00f6glichkeiten - FeelMyPaint","isPartOf":{"@id":"https:\/\/feelmypaint.com\/de\/#website"},"datePublished":"2023-11-27T13:20:15+00:00","dateModified":"2024-01-10T17:51:09+00:00","breadcrumb":{"@id":"https:\/\/feelmypaint.com\/de\/zahlungsmoeglichkeiten\/#breadcrumb"},"inLanguage":"de","potentialAction":[{"@type":"ReadAction","target":["https:\/\/feelmypaint.com\/de\/zahlungsmoeglichkeiten\/"]}]},{"@type":"BreadcrumbList","@id":"https:\/\/feelmypaint.com\/de\/zahlungsmoeglichkeiten\/#breadcrumb","itemListElement":[{"@type":"ListItem","position":1,"name":"Strona g\u0142\u00f3wna","item":"https:\/\/feelmypaint.com\/de\/"},{"@type":"ListItem","position":2,"name":"Zahlungsm\u00f6glichkeiten"}]},{"@type":"WebSite","@id":"https:\/\/feelmypaint.com\/de\/#website","url":"https:\/\/feelmypaint.com\/de\/","name":"FeelMyPaint - producent farb artystycznych","description":"","potentialAction":[{"@type":"SearchAction","target":{"@type":"EntryPoint","urlTemplate":"https:\/\/feelmypaint.com\/de\/?s={search_term_string}"},"query-input":{"@type":"PropertyValueSpecification","valueRequired":true,"valueName":"search_term_string"}}],"inLanguage":"de"}]}},"_links":{"self":[{"href":"https:\/\/feelmypaint.com\/de\/wp-json\/wp\/v2\/pages\/1458","targetHints":{"allow":["GET"]}}],"collection":[{"href":"https:\/\/feelmypaint.com\/de\/wp-json\/wp\/v2\/pages"}],"about":[{"href":"https:\/\/feelmypaint.com\/de\/wp-json\/wp\/v2\/types\/page"}],"author":[{"embeddable":true,"href":"https:\/\/feelmypaint.com\/de\/wp-json\/wp\/v2\/users\/1"}],"replies":[{"embeddable":true,"href":"https:\/\/feelmypaint.com\/de\/wp-json\/wp\/v2\/comments?post=1458"}],"version-history":[{"count":0,"href":"https:\/\/feelmypaint.com\/de\/wp-json\/wp\/v2\/pages\/1458\/revisions"}],"wp:attachment":[{"href":"https:\/\/feelmypaint.com\/de\/wp-json\/wp\/v2\/media?parent=1458"}],"curies":[{"name":"wp","href":"https:\/\/api.w.org\/{rel}","templated":true}]}}