{"id":1484,"date":"2023-11-20T18:43:38","date_gmt":"2023-11-20T17:43:38","guid":{"rendered":"https:\/\/feelmypaint.com\/ueber\/"},"modified":"2025-07-22T14:22:54","modified_gmt":"2025-07-22T13:22:54","slug":"ueber","status":"publish","type":"page","link":"https:\/\/feelmypaint.com\/de\/ueber\/","title":{"rendered":"\u00fcber das Unternehmen"},"content":{"rendered":"\t\t<div data-elementor-type=\"wp-page\" data-elementor-id=\"1484\" class=\"elementor elementor-1484 elementor-346\" data-elementor-post-type=\"page\">\n\t\t\t\t<div class=\"elementor-element elementor-element-a05dc97 e-flex e-con-boxed e-con e-parent\" data-id=\"a05dc97\" data-element_type=\"container\" data-settings=\"{&quot;background_background&quot;:&quot;classic&quot;}\">\n\t\t\t\t\t<div class=\"e-con-inner\">\n\t\t\t\t<div class=\"elementor-element elementor-element-b517f20 elementor-widget elementor-widget-text-editor\" data-id=\"b517f20\" data-element_type=\"widget\" data-widget_type=\"text-editor.default\">\n\t\t\t\t<div class=\"elementor-widget-container\">\n\t\t\t\t\t\t\t\t\t<p><strong>\u00dcBER<\/strong><\/p>\n\t\t\t\t\t\t\t\t<\/div>\n\t\t\t\t<\/div>\n\t\t\t\t\t<\/div>\n\t\t\t\t<\/div>\n\t\t<div class=\"elementor-element elementor-element-5b9d5b9 e-flex e-con-boxed e-con e-parent\" data-id=\"5b9d5b9\" data-element_type=\"container\" data-settings=\"{&quot;background_background&quot;:&quot;classic&quot;}\">\n\t\t\t\t\t<div class=\"e-con-inner\">\n\t\t<div class=\"elementor-element elementor-element-fb71b5b e-con-full e-flex e-con e-child\" data-id=\"fb71b5b\" data-element_type=\"container\">\n\t\t\t\t<div class=\"elementor-element elementor-element-dc37507 elementor-widget elementor-widget-image\" data-id=\"dc37507\" data-element_type=\"widget\" data-widget_type=\"image.default\">\n\t\t\t\t<div class=\"elementor-widget-container\">\n\t\t\t\t\t\t\t\t\t\t\t\t\t\t\t<img decoding=\"async\" width=\"196\" height=\"85\" src=\"https:\/\/feelmypaint.com\/wp-content\/uploads\/2023\/11\/FMP_logo_black-2.png\" class=\"attachment-large size-large wp-image-1301\" alt=\"\" \/>\t\t\t\t\t\t\t\t\t\t\t\t\t\t\t<\/div>\n\t\t\t\t<\/div>\n\t\t\t\t<\/div>\n\t\t<div class=\"elementor-element elementor-element-a86dbb5 e-con-full e-flex e-con e-child\" data-id=\"a86dbb5\" data-element_type=\"container\">\n\t\t\t\t<div class=\"elementor-element elementor-element-d3c8583 elementor-widget elementor-widget-text-editor\" data-id=\"d3c8583\" data-element_type=\"widget\" data-widget_type=\"text-editor.default\">\n\t\t\t\t<div class=\"elementor-widget-container\">\n\t\t\t\t\t\t\t\t\t<p data-start=\"218\" data-end=\"511\"><strong data-start=\"218\" data-end=\"296\">FeelMyPaint ist eine familiengef\u00fchrte Manufaktur f\u00fcr Acrylfarben mit Sitz in Krakau.<\/strong><\/p>\n<p data-start=\"218\" data-end=\"511\">Seit 2022 stellen wir mit Leidenschaft hochwertige Farben her, die k\u00fcnstlerische Freiheit mit technologischer Pr\u00e4zision verbinden. Die Produktion in kleinen Chargen erm\u00f6glicht es uns, die Frische und volle Qualit\u00e4tskontrolle jeder Serie zu gew\u00e4hrleisten. <\/p>\n<p data-start=\"513\" data-end=\"767\">Unsere Mission ist es, frische, sichere und inspirierende Farben f\u00fcr ganz Europa zu liefern \u2013 sowohl f\u00fcr Profis als auch f\u00fcr Hobbyk\u00fcnstler. Deshalb stellen wir unsere Produkte ausschlie\u00dflich aus hochwertigen Pigmenten und 100 % Acryldispersion her \u2013 ohne Kompromisse. <\/p>\n<h4 data-start=\"769\" data-end=\"790\">Was uns auszeichnet?<\/h4>\n<ul data-start=\"792\" data-end=\"1469\">\n<li data-start=\"792\" data-end=\"905\">\n<p data-start=\"794\" data-end=\"905\"><strong data-start=\"794\" data-end=\"815\">Ausdrucksstarke Farben:<\/strong> Die Farben zeichnen sich durch hohe Intensit\u00e4t, Lichtechtheit und gute Mischbarkeit aus.<\/p>\n<\/li>\n<li data-start=\"906\" data-end=\"1081\">\n<p data-start=\"908\" data-end=\"1081\"><strong data-start=\"908\" data-end=\"933\">Zwei Produktlinien:<\/strong><br data-start=\"933\" data-end=\"936\">\u2022 120-ml-Tuben \u2013 21 Farben f\u00fcr individuelle K\u00fcnstler,<br data-start=\"993\" data-end=\"996\">\u2022 500-ml-Gl\u00e4ser \u2013 10 universelle Farbt\u00f6ne, ideal f\u00fcr Ateliers, Schulen und Studios.<\/p>\n<\/li>\n<li data-start=\"1082\" data-end=\"1183\">\n<p data-start=\"1084\" data-end=\"1183\"><strong data-start=\"1084\" data-end=\"1108\">Antwort auf Trends:<\/strong> Wir erweitern st\u00e4ndig unsere Palette und beobachten die Bed\u00fcrfnisse von K\u00fcnstlern und der Kreativbranche.<\/p>\n<\/li>\n<li data-start=\"1184\" data-end=\"1296\">\n<p data-start=\"1186\" data-end=\"1296\"><strong data-start=\"1186\" data-end=\"1205\">Sicherheit:<\/strong> Wir befinden uns im Zertifizierungsprozess nach EN 71\u20113, die die Einhaltung europ\u00e4ischer Normen best\u00e4tigt.<\/p>\n<\/li>\n<li data-start=\"1297\" data-end=\"1469\">\n<p data-start=\"1299\" data-end=\"1469\"><strong data-start=\"1299\" data-end=\"1328\">N\u00e4he zu den Nutzern:<\/strong> Jeden Monat verteilen wir Tausende von Mustern an unsere Partner und Kunden in ganz Europa \u2013 denn wir glauben, dass man Farben f\u00fchlen muss, bevor man sie liebt.<\/p>\n<\/li>\n<\/ul>\n\t\t\t\t\t\t\t\t<\/div>\n\t\t\t\t<\/div>\n\t\t\t\t<\/div>\n\t\t\t\t\t<\/div>\n\t\t\t\t<\/div>\n\t\t\t\t<\/div>\n\t\t","protected":false},"excerpt":{"rendered":"<p>\u00dcBER FeelMyPaint ist eine familiengef\u00fchrte Manufaktur f\u00fcr Acrylfarben mit Sitz in Krakau. Seit 2022 stellen wir mit Leidenschaft hochwertige Farben her, die k\u00fcnstlerische Freiheit mit technologischer Pr\u00e4zision verbinden. Die Produktion in kleinen Chargen erm\u00f6glicht es uns, die Frische und volle Qualit\u00e4tskontrolle jeder Serie zu gew\u00e4hrleisten. Unsere Mission ist es, frische, sichere und inspirierende Farben f\u00fcr [&hellip;]<\/p>\n","protected":false},"author":1,"featured_media":0,"parent":0,"menu_order":0,"comment_status":"closed","ping_status":"closed","template":"","meta":{"footnotes":""},"class_list":["post-1484","page","type-page","status-publish","hentry"],"yoast_head":"<!-- This site is optimized with the Yoast SEO plugin v26.5 - https:\/\/yoast.com\/wordpress\/plugins\/seo\/ -->\n<title>\u00fcber das Unternehmen - FeelMyPaint<\/title>\n<meta name=\"robots\" content=\"index, follow, max-snippet:-1, max-image-preview:large, max-video-preview:-1\" \/>\n<link rel=\"canonical\" href=\"https:\/\/feelmypaint.com\/de\/ueber\/\" \/>\n<meta property=\"og:locale\" content=\"de_DE\" \/>\n<meta property=\"og:type\" content=\"article\" \/>\n<meta property=\"og:title\" content=\"\u00fcber das Unternehmen - FeelMyPaint\" \/>\n<meta property=\"og:description\" content=\"\u00dcBER FeelMyPaint ist eine familiengef\u00fchrte Manufaktur f\u00fcr Acrylfarben mit Sitz in Krakau. Seit 2022 stellen wir mit Leidenschaft hochwertige Farben her, die k\u00fcnstlerische Freiheit mit technologischer Pr\u00e4zision verbinden. Die Produktion in kleinen Chargen erm\u00f6glicht es uns, die Frische und volle Qualit\u00e4tskontrolle jeder Serie zu gew\u00e4hrleisten. Unsere Mission ist es, frische, sichere und inspirierende Farben f\u00fcr [&hellip;]\" \/>\n<meta property=\"og:url\" content=\"https:\/\/feelmypaint.com\/de\/ueber\/\" \/>\n<meta property=\"og:site_name\" content=\"FeelMyPaint\" \/>\n<meta property=\"article:publisher\" content=\"https:\/\/www.facebook.com\/feelmypaintpl\" \/>\n<meta property=\"article:modified_time\" content=\"2025-07-22T13:22:54+00:00\" \/>\n<meta property=\"og:image\" content=\"https:\/\/feelmypaint.com\/wp-content\/uploads\/2023\/11\/FMP_logo_black-2.png\" \/>\n\t<meta property=\"og:image:width\" content=\"196\" \/>\n\t<meta property=\"og:image:height\" content=\"85\" \/>\n\t<meta property=\"og:image:type\" content=\"image\/png\" \/>\n<meta name=\"twitter:card\" content=\"summary_large_image\" \/>\n<meta name=\"twitter:label1\" content=\"Gesch\u00e4tzte Lesezeit\" \/>\n\t<meta name=\"twitter:data1\" content=\"1\u00a0Minute\" \/>\n<script type=\"application\/ld+json\" class=\"yoast-schema-graph\">{\"@context\":\"https:\/\/schema.org\",\"@graph\":[{\"@type\":\"WebPage\",\"@id\":\"https:\/\/feelmypaint.com\/de\/ueber\/\",\"url\":\"https:\/\/feelmypaint.com\/de\/ueber\/\",\"name\":\"\u00fcber das Unternehmen - FeelMyPaint\",\"isPartOf\":{\"@id\":\"https:\/\/feelmypaint.com\/de\/#website\"},\"primaryImageOfPage\":{\"@id\":\"https:\/\/feelmypaint.com\/de\/ueber\/#primaryimage\"},\"image\":{\"@id\":\"https:\/\/feelmypaint.com\/de\/ueber\/#primaryimage\"},\"thumbnailUrl\":\"https:\/\/feelmypaint.com\/wp-content\/uploads\/2023\/11\/FMP_logo_black-2.png\",\"datePublished\":\"2023-11-20T17:43:38+00:00\",\"dateModified\":\"2025-07-22T13:22:54+00:00\",\"breadcrumb\":{\"@id\":\"https:\/\/feelmypaint.com\/de\/ueber\/#breadcrumb\"},\"inLanguage\":\"de\",\"potentialAction\":[{\"@type\":\"ReadAction\",\"target\":[\"https:\/\/feelmypaint.com\/de\/ueber\/\"]}]},{\"@type\":\"ImageObject\",\"inLanguage\":\"de\",\"@id\":\"https:\/\/feelmypaint.com\/de\/ueber\/#primaryimage\",\"url\":\"https:\/\/feelmypaint.com\/wp-content\/uploads\/2023\/11\/FMP_logo_black-2.png\",\"contentUrl\":\"https:\/\/feelmypaint.com\/wp-content\/uploads\/2023\/11\/FMP_logo_black-2.png\"},{\"@type\":\"BreadcrumbList\",\"@id\":\"https:\/\/feelmypaint.com\/de\/ueber\/#breadcrumb\",\"itemListElement\":[{\"@type\":\"ListItem\",\"position\":1,\"name\":\"Strona g\u0142\u00f3wna\",\"item\":\"https:\/\/feelmypaint.com\/de\/\"},{\"@type\":\"ListItem\",\"position\":2,\"name\":\"\u00fcber das Unternehmen\"}]},{\"@type\":\"WebSite\",\"@id\":\"https:\/\/feelmypaint.com\/de\/#website\",\"url\":\"https:\/\/feelmypaint.com\/de\/\",\"name\":\"FeelMyPaint - producent farb artystycznych\",\"description\":\"\",\"potentialAction\":[{\"@type\":\"SearchAction\",\"target\":{\"@type\":\"EntryPoint\",\"urlTemplate\":\"https:\/\/feelmypaint.com\/de\/?s={search_term_string}\"},\"query-input\":{\"@type\":\"PropertyValueSpecification\",\"valueRequired\":true,\"valueName\":\"search_term_string\"}}],\"inLanguage\":\"de\"}]}<\/script>\n<!-- \/ Yoast SEO plugin. -->","yoast_head_json":{"title":"\u00fcber das Unternehmen - FeelMyPaint","robots":{"index":"index","follow":"follow","max-snippet":"max-snippet:-1","max-image-preview":"max-image-preview:large","max-video-preview":"max-video-preview:-1"},"canonical":"https:\/\/feelmypaint.com\/de\/ueber\/","og_locale":"de_DE","og_type":"article","og_title":"\u00fcber das Unternehmen - FeelMyPaint","og_description":"\u00dcBER FeelMyPaint ist eine familiengef\u00fchrte Manufaktur f\u00fcr Acrylfarben mit Sitz in Krakau. Seit 2022 stellen wir mit Leidenschaft hochwertige Farben her, die k\u00fcnstlerische Freiheit mit technologischer Pr\u00e4zision verbinden. Die Produktion in kleinen Chargen erm\u00f6glicht es uns, die Frische und volle Qualit\u00e4tskontrolle jeder Serie zu gew\u00e4hrleisten. Unsere Mission ist es, frische, sichere und inspirierende Farben f\u00fcr [&hellip;]","og_url":"https:\/\/feelmypaint.com\/de\/ueber\/","og_site_name":"FeelMyPaint","article_publisher":"https:\/\/www.facebook.com\/feelmypaintpl","article_modified_time":"2025-07-22T13:22:54+00:00","og_image":[{"width":196,"height":85,"url":"https:\/\/feelmypaint.com\/wp-content\/uploads\/2023\/11\/FMP_logo_black-2.png","type":"image\/png"}],"twitter_card":"summary_large_image","twitter_misc":{"Gesch\u00e4tzte Lesezeit":"1\u00a0Minute"},"schema":{"@context":"https:\/\/schema.org","@graph":[{"@type":"WebPage","@id":"https:\/\/feelmypaint.com\/de\/ueber\/","url":"https:\/\/feelmypaint.com\/de\/ueber\/","name":"\u00fcber das Unternehmen - FeelMyPaint","isPartOf":{"@id":"https:\/\/feelmypaint.com\/de\/#website"},"primaryImageOfPage":{"@id":"https:\/\/feelmypaint.com\/de\/ueber\/#primaryimage"},"image":{"@id":"https:\/\/feelmypaint.com\/de\/ueber\/#primaryimage"},"thumbnailUrl":"https:\/\/feelmypaint.com\/wp-content\/uploads\/2023\/11\/FMP_logo_black-2.png","datePublished":"2023-11-20T17:43:38+00:00","dateModified":"2025-07-22T13:22:54+00:00","breadcrumb":{"@id":"https:\/\/feelmypaint.com\/de\/ueber\/#breadcrumb"},"inLanguage":"de","potentialAction":[{"@type":"ReadAction","target":["https:\/\/feelmypaint.com\/de\/ueber\/"]}]},{"@type":"ImageObject","inLanguage":"de","@id":"https:\/\/feelmypaint.com\/de\/ueber\/#primaryimage","url":"https:\/\/feelmypaint.com\/wp-content\/uploads\/2023\/11\/FMP_logo_black-2.png","contentUrl":"https:\/\/feelmypaint.com\/wp-content\/uploads\/2023\/11\/FMP_logo_black-2.png"},{"@type":"BreadcrumbList","@id":"https:\/\/feelmypaint.com\/de\/ueber\/#breadcrumb","itemListElement":[{"@type":"ListItem","position":1,"name":"Strona g\u0142\u00f3wna","item":"https:\/\/feelmypaint.com\/de\/"},{"@type":"ListItem","position":2,"name":"\u00fcber das Unternehmen"}]},{"@type":"WebSite","@id":"https:\/\/feelmypaint.com\/de\/#website","url":"https:\/\/feelmypaint.com\/de\/","name":"FeelMyPaint - producent farb artystycznych","description":"","potentialAction":[{"@type":"SearchAction","target":{"@type":"EntryPoint","urlTemplate":"https:\/\/feelmypaint.com\/de\/?s={search_term_string}"},"query-input":{"@type":"PropertyValueSpecification","valueRequired":true,"valueName":"search_term_string"}}],"inLanguage":"de"}]}},"_links":{"self":[{"href":"https:\/\/feelmypaint.com\/de\/wp-json\/wp\/v2\/pages\/1484","targetHints":{"allow":["GET"]}}],"collection":[{"href":"https:\/\/feelmypaint.com\/de\/wp-json\/wp\/v2\/pages"}],"about":[{"href":"https:\/\/feelmypaint.com\/de\/wp-json\/wp\/v2\/types\/page"}],"author":[{"embeddable":true,"href":"https:\/\/feelmypaint.com\/de\/wp-json\/wp\/v2\/users\/1"}],"replies":[{"embeddable":true,"href":"https:\/\/feelmypaint.com\/de\/wp-json\/wp\/v2\/comments?post=1484"}],"version-history":[{"count":4,"href":"https:\/\/feelmypaint.com\/de\/wp-json\/wp\/v2\/pages\/1484\/revisions"}],"predecessor-version":[{"id":3152,"href":"https:\/\/feelmypaint.com\/de\/wp-json\/wp\/v2\/pages\/1484\/revisions\/3152"}],"wp:attachment":[{"href":"https:\/\/feelmypaint.com\/de\/wp-json\/wp\/v2\/media?parent=1484"}],"curies":[{"name":"wp","href":"https:\/\/api.w.org\/{rel}","templated":true}]}}