{"id":1495,"date":"2023-11-19T21:53:34","date_gmt":"2023-11-19T20:53:34","guid":{"rendered":"https:\/\/feelmypaint.com\/wie\/"},"modified":"2025-07-22T14:24:41","modified_gmt":"2025-07-22T13:24:41","slug":"wie","status":"publish","type":"page","link":"https:\/\/feelmypaint.com\/de\/wie\/","title":{"rendered":"wie"},"content":{"rendered":"\t\t<div data-elementor-type=\"wp-page\" data-elementor-id=\"1495\" class=\"elementor elementor-1495 elementor-160\" data-elementor-post-type=\"page\">\n\t\t\t\t<div class=\"elementor-element elementor-element-5772526 e-con-full e-flex e-con e-parent\" data-id=\"5772526\" data-element_type=\"container\" data-settings=\"{&quot;background_background&quot;:&quot;classic&quot;}\">\n\t\t<div class=\"elementor-element elementor-element-9c02133 e-con-full e-flex e-con e-child\" data-id=\"9c02133\" data-element_type=\"container\">\n\t\t<div class=\"elementor-element elementor-element-5014360 e-flex e-con-boxed e-con e-child\" data-id=\"5014360\" data-element_type=\"container\">\n\t\t\t\t\t<div class=\"e-con-inner\">\n\t\t\t\t<div class=\"elementor-element elementor-element-e2dfb06 elementor-widget elementor-widget-text-editor\" data-id=\"e2dfb06\" data-element_type=\"widget\" data-widget_type=\"text-editor.default\">\n\t\t\t\t<div class=\"elementor-widget-container\">\n\t\t\t\t\t\t\t\t\t<p style=\"text-align: left;\"><strong>WIE<\/strong><\/p>\n\t\t\t\t\t\t\t\t<\/div>\n\t\t\t\t<\/div>\n\t\t\t\t\t<\/div>\n\t\t\t\t<\/div>\n\t\t\t\t<div class=\"elementor-element elementor-element-3e5ae3a elementor-widget elementor-widget-text-editor\" data-id=\"3e5ae3a\" data-element_type=\"widget\" data-widget_type=\"text-editor.default\">\n\t\t\t\t<div class=\"elementor-widget-container\">\n\t\t\t\t\t\t\t\t\t<h1 style=\"text-align: left;\"><strong>Wie machen wir das?<\/strong><\/h1>\n<p style=\"text-align: left;\">Der Herstellungsprozess unserer Acrylfarben ist eine Kombination aus Pr\u00e4zision, Erfahrung und manueller \u00dcberwachung in jeder Phase. Alles geschieht in unserem Atelier in Krakau \u2013 Schritt f\u00fcr Schritt: <\/p>\n\t\t\t\t\t\t\t\t<\/div>\n\t\t\t\t<\/div>\n\t\t\t\t<\/div>\n\t\t\t\t<\/div>\n\t\t<div class=\"elementor-element elementor-element-a3da2f7 e-con-full e-flex e-con e-parent\" data-id=\"a3da2f7\" data-element_type=\"container\" data-settings=\"{&quot;background_background&quot;:&quot;classic&quot;}\">\n\t\t<div class=\"elementor-element elementor-element-6a177ab e-con-full e-flex e-con e-child\" data-id=\"6a177ab\" data-element_type=\"container\">\n\t\t\t\t<div class=\"elementor-element elementor-element-0b1017f elementor-widget__width-initial elementor-widget elementor-widget-image\" data-id=\"0b1017f\" data-element_type=\"widget\" data-widget_type=\"image.default\">\n\t\t\t\t<div class=\"elementor-widget-container\">\n\t\t\t\t\t\t\t\t\t\t\t\t\t\t\t<img fetchpriority=\"high\" decoding=\"async\" width=\"505\" height=\"419\" src=\"https:\/\/feelmypaint.com\/wp-content\/uploads\/2024\/02\/Capture.png\" class=\"attachment-large size-large wp-image-1941\" alt=\"\" srcset=\"https:\/\/feelmypaint.com\/wp-content\/uploads\/2024\/02\/Capture.png 505w, https:\/\/feelmypaint.com\/wp-content\/uploads\/2024\/02\/Capture-300x249.png 300w\" sizes=\"(max-width: 505px) 100vw, 505px\" \/>\t\t\t\t\t\t\t\t\t\t\t\t\t\t\t<\/div>\n\t\t\t\t<\/div>\n\t\t\t\t<\/div>\n\t\t<div class=\"elementor-element elementor-element-7de7756 e-con-full e-flex e-con e-child\" data-id=\"7de7756\" data-element_type=\"container\">\n\t\t\t\t<div class=\"elementor-element elementor-element-7d3c322 elementor-widget elementor-widget-text-editor\" data-id=\"7d3c322\" data-element_type=\"widget\" data-widget_type=\"text-editor.default\">\n\t\t\t\t<div class=\"elementor-widget-container\">\n\t\t\t\t\t\t\t\t\t<h1>ERSTE STUFE<\/h1>\n\t\t\t\t\t\t\t\t<\/div>\n\t\t\t\t<\/div>\n\t\t\t\t<div class=\"elementor-element elementor-element-a741762 elementor-widget__width-initial elementor-widget elementor-widget-text-editor\" data-id=\"a741762\" data-element_type=\"widget\" data-widget_type=\"text-editor.default\">\n\t\t\t\t<div class=\"elementor-widget-container\">\n\t\t\t\t\t\t\t\t\t<p data-start=\"691\" data-end=\"826\">Wir beginnen mit der Vorbereitung der wichtigsten Inhaltsstoffe:<br data-start=\"740\" data-end=\"743\">\u2714 Acryldispersion,<br data-start=\"781\" data-end=\"784\">\u2714 Pigmente,<br data-start=\"796\" data-end=\"799\">\u2714 F\u00fcllstoffe und Zusatzstoffe.<\/p>\n<p data-start=\"828\" data-end=\"912\">Jeder Inhaltsstoff wird genau abgewogen, um die Wiederholbarkeit der Rezeptur und die Qualit\u00e4t zu gew\u00e4hrleisten.<\/p>\n\t\t\t\t\t\t\t\t<\/div>\n\t\t\t\t<\/div>\n\t\t\t\t<\/div>\n\t\t\t\t<\/div>\n\t\t<div class=\"elementor-element elementor-element-fd65b94 e-con-full e-flex e-con e-parent\" data-id=\"fd65b94\" data-element_type=\"container\" data-settings=\"{&quot;background_background&quot;:&quot;classic&quot;}\">\n\t\t<div class=\"elementor-element elementor-element-ca5a861 e-con-full e-flex e-con e-child\" data-id=\"ca5a861\" data-element_type=\"container\">\n\t\t\t\t<div class=\"elementor-element elementor-element-37af32a elementor-widget__width-initial elementor-widget elementor-widget-image\" data-id=\"37af32a\" data-element_type=\"widget\" data-widget_type=\"image.default\">\n\t\t\t\t<div class=\"elementor-widget-container\">\n\t\t\t\t\t\t\t\t\t\t\t\t\t\t\t<img decoding=\"async\" width=\"443\" height=\"477\" src=\"https:\/\/feelmypaint.com\/wp-content\/uploads\/2024\/02\/Capture2.webp\" class=\"attachment-large size-large wp-image-1944\" alt=\"\" srcset=\"https:\/\/feelmypaint.com\/wp-content\/uploads\/2024\/02\/Capture2.webp 443w, https:\/\/feelmypaint.com\/wp-content\/uploads\/2024\/02\/Capture2-279x300.webp 279w\" sizes=\"(max-width: 443px) 100vw, 443px\" \/>\t\t\t\t\t\t\t\t\t\t\t\t\t\t\t<\/div>\n\t\t\t\t<\/div>\n\t\t\t\t<\/div>\n\t\t<div class=\"elementor-element elementor-element-c5df6de e-con-full e-flex e-con e-child\" data-id=\"c5df6de\" data-element_type=\"container\">\n\t\t\t\t<div class=\"elementor-element elementor-element-e8fb13e elementor-widget elementor-widget-text-editor\" data-id=\"e8fb13e\" data-element_type=\"widget\" data-widget_type=\"text-editor.default\">\n\t\t\t\t<div class=\"elementor-widget-container\">\n\t\t\t\t\t\t\t\t\t<h1>ZWEITE STUFE<\/h1>\n\t\t\t\t\t\t\t\t<\/div>\n\t\t\t\t<\/div>\n\t\t\t\t<div class=\"elementor-element elementor-element-9e13d5b elementor-widget__width-initial elementor-widget elementor-widget-text-editor\" data-id=\"9e13d5b\" data-element_type=\"widget\" data-widget_type=\"text-editor.default\">\n\t\t\t\t<div class=\"elementor-widget-container\">\n\t\t\t\t\t\t\t\t\t<p>Die Dispersion wird mit Wasser und Zusatzstoffen vermischt, und dann \u2013 bei niedriger Geschwindigkeit \u2013 wird das Pigment hinzugef\u00fcgt.<br \/>Es geht darum, dass jedes Farbstoffpartikel gleichm\u00e4\u00dfig benetzt wird \u2013 das garantiert die Reinheit der Farbe und die Haltbarkeit des Effekts.<\/p>\n\t\t\t\t\t\t\t\t<\/div>\n\t\t\t\t<\/div>\n\t\t\t\t<\/div>\n\t\t\t\t<\/div>\n\t\t<div class=\"elementor-element elementor-element-c0771ed e-con-full e-flex e-con e-parent\" data-id=\"c0771ed\" data-element_type=\"container\" data-settings=\"{&quot;background_background&quot;:&quot;classic&quot;}\">\n\t\t<div class=\"elementor-element elementor-element-938dd79 e-con-full e-flex e-con e-child\" data-id=\"938dd79\" data-element_type=\"container\">\n\t\t\t\t<div class=\"elementor-element elementor-element-fa770e5 elementor-widget__width-initial elementor-widget elementor-widget-image\" data-id=\"fa770e5\" data-element_type=\"widget\" data-widget_type=\"image.default\">\n\t\t\t\t<div class=\"elementor-widget-container\">\n\t\t\t\t\t\t\t\t\t\t\t\t\t\t\t<img decoding=\"async\" width=\"411\" height=\"353\" src=\"https:\/\/feelmypaint.com\/wp-content\/uploads\/2024\/02\/Capture3.webp\" class=\"attachment-large size-large wp-image-1947\" alt=\"\" srcset=\"https:\/\/feelmypaint.com\/wp-content\/uploads\/2024\/02\/Capture3.webp 411w, https:\/\/feelmypaint.com\/wp-content\/uploads\/2024\/02\/Capture3-300x258.webp 300w\" sizes=\"(max-width: 411px) 100vw, 411px\" \/>\t\t\t\t\t\t\t\t\t\t\t\t\t\t\t<\/div>\n\t\t\t\t<\/div>\n\t\t\t\t<\/div>\n\t\t<div class=\"elementor-element elementor-element-f52c274 e-con-full e-flex e-con e-child\" data-id=\"f52c274\" data-element_type=\"container\">\n\t\t\t\t<div class=\"elementor-element elementor-element-130fef8 elementor-widget elementor-widget-text-editor\" data-id=\"130fef8\" data-element_type=\"widget\" data-widget_type=\"text-editor.default\">\n\t\t\t\t<div class=\"elementor-widget-container\">\n\t\t\t\t\t\t\t\t\t<h1>DRITTE STUFE<\/h1>\n\t\t\t\t\t\t\t\t<\/div>\n\t\t\t\t<\/div>\n\t\t\t\t<div class=\"elementor-element elementor-element-10b248d elementor-widget__width-initial elementor-widget elementor-widget-text-editor\" data-id=\"10b248d\" data-element_type=\"widget\" data-widget_type=\"text-editor.default\">\n\t\t\t\t<div class=\"elementor-widget-container\">\n\t\t\t\t\t\t\t\t\t<p data-start=\"1232\" data-end=\"1472\">Wir erh\u00f6hen die Mischgeschwindigkeit, um eine homogene Masse zu erhalten.<br data-start=\"1290\" data-end=\"1293\">Anschlie\u00dfend wird die Farbe in Dreiwalzenm\u00fchlen gemahlen, bis eine glatte, cremige Konsistenz erreicht ist. Das ist der Moment, in dem die Farbe wirklich angenehm zu verarbeiten wird. <\/p>\n<p data-start=\"1474\" data-end=\"1591\">Nach dem Mahlen entnehmen wir Proben und f\u00fchren eine Qualit\u00e4tskontrolle durch \u2013 wir pr\u00fcfen Viskosit\u00e4t, Farbe, Deckkraft und Stabilit\u00e4t.<\/p>\n\t\t\t\t\t\t\t\t<\/div>\n\t\t\t\t<\/div>\n\t\t\t\t<\/div>\n\t\t\t\t<\/div>\n\t\t<div class=\"elementor-element elementor-element-4cff758 e-con-full e-flex e-con e-parent\" data-id=\"4cff758\" data-element_type=\"container\" data-settings=\"{&quot;background_background&quot;:&quot;classic&quot;}\">\n\t\t<div class=\"elementor-element elementor-element-c7a1d15 e-con-full e-flex e-con e-child\" data-id=\"c7a1d15\" data-element_type=\"container\">\n\t\t\t\t<div class=\"elementor-element elementor-element-9ac2bac elementor-widget__width-initial elementor-widget elementor-widget-image\" data-id=\"9ac2bac\" data-element_type=\"widget\" data-widget_type=\"image.default\">\n\t\t\t\t<div class=\"elementor-widget-container\">\n\t\t\t\t\t\t\t\t\t\t\t\t\t\t\t<img loading=\"lazy\" decoding=\"async\" width=\"423\" height=\"463\" src=\"https:\/\/feelmypaint.com\/wp-content\/uploads\/2024\/02\/Capture4.webp\" class=\"attachment-large size-large wp-image-1951\" alt=\"\" srcset=\"https:\/\/feelmypaint.com\/wp-content\/uploads\/2024\/02\/Capture4.webp 423w, https:\/\/feelmypaint.com\/wp-content\/uploads\/2024\/02\/Capture4-274x300.webp 274w\" sizes=\"(max-width: 423px) 100vw, 423px\" \/>\t\t\t\t\t\t\t\t\t\t\t\t\t\t\t<\/div>\n\t\t\t\t<\/div>\n\t\t\t\t<\/div>\n\t\t<div class=\"elementor-element elementor-element-34abc17 e-con-full e-flex e-con e-child\" data-id=\"34abc17\" data-element_type=\"container\">\n\t\t\t\t<div class=\"elementor-element elementor-element-7b1d906 elementor-widget elementor-widget-text-editor\" data-id=\"7b1d906\" data-element_type=\"widget\" data-widget_type=\"text-editor.default\">\n\t\t\t\t<div class=\"elementor-widget-container\">\n\t\t\t\t\t\t\t\t\t<h1>VIERTE STUFE<\/h1>\n\t\t\t\t\t\t\t\t<\/div>\n\t\t\t\t<\/div>\n\t\t\t\t<div class=\"elementor-element elementor-element-3904b40 elementor-widget__width-initial elementor-widget elementor-widget-text-editor\" data-id=\"3904b40\" data-element_type=\"widget\" data-widget_type=\"text-editor.default\">\n\t\t\t\t<div class=\"elementor-widget-container\">\n\t\t\t\t\t\t\t\t\t<p>Nur Farben, die die Qualit\u00e4tskontrolle bestanden haben, werden in Tuben und Gl\u00e4ser abgef\u00fcllt.<br data-start=\"1695\" data-end=\"1698\">Wir verschlie\u00dfen sie hermetisch, damit sie versandfertig sind \u2013 frisch, sauber und bereit zum Malen.<\/p>\n<\/p>\n<p>Jede Farbcharge wird mit Sorgfalt und Kontrolle hergestellt \u2013 nicht massenhaft, sondern in durchdachten, kleinen Serien.<br data-start=\"1907\" data-end=\"1910\">So k\u00f6nnen Sie sicher sein, dass die Tube, die Sie in der Hand halten, von Anfang bis Ende wirklich \u201e\u00fcberwacht\u201c wurde.<\/p>\n\t\t\t\t\t\t\t\t<\/div>\n\t\t\t\t<\/div>\n\t\t\t\t<\/div>\n\t\t\t\t<\/div>\n\t\t<div class=\"elementor-element elementor-element-5f2c290 e-flex e-con-boxed e-con e-parent\" data-id=\"5f2c290\" data-element_type=\"container\">\n\t\t\t\t\t<div class=\"e-con-inner\">\n\t\t\t\t\t<\/div>\n\t\t\t\t<\/div>\n\t\t<div class=\"elementor-element elementor-element-965b67a e-flex e-con-boxed e-con e-parent\" data-id=\"965b67a\" data-element_type=\"container\">\n\t\t\t\t\t<div class=\"e-con-inner\">\n\t\t\t\t\t<\/div>\n\t\t\t\t<\/div>\n\t\t\t\t<\/div>\n\t\t","protected":false},"excerpt":{"rendered":"<p>WIE Wie machen wir das? Der Herstellungsprozess unserer Acrylfarben ist eine Kombination aus Pr\u00e4zision, Erfahrung und manueller \u00dcberwachung in jeder Phase. Alles geschieht in unserem Atelier in Krakau \u2013 Schritt f\u00fcr Schritt: ERSTE STUFE Wir beginnen mit der Vorbereitung der wichtigsten Inhaltsstoffe:\u2714 Acryldispersion,\u2714 Pigmente,\u2714 F\u00fcllstoffe und Zusatzstoffe. Jeder Inhaltsstoff wird genau abgewogen, um die Wiederholbarkeit [&hellip;]<\/p>\n","protected":false},"author":1,"featured_media":0,"parent":0,"menu_order":0,"comment_status":"closed","ping_status":"closed","template":"","meta":{"footnotes":""},"class_list":["post-1495","page","type-page","status-publish","hentry"],"yoast_head":"<!-- This site is optimized with the Yoast SEO plugin v26.5 - https:\/\/yoast.com\/wordpress\/plugins\/seo\/ -->\n<title>wie - FeelMyPaint<\/title>\n<meta name=\"robots\" content=\"index, follow, max-snippet:-1, max-image-preview:large, max-video-preview:-1\" \/>\n<link rel=\"canonical\" href=\"https:\/\/feelmypaint.com\/de\/wie\/\" \/>\n<meta property=\"og:locale\" content=\"de_DE\" \/>\n<meta property=\"og:type\" content=\"article\" \/>\n<meta property=\"og:title\" content=\"wie - FeelMyPaint\" \/>\n<meta property=\"og:description\" content=\"WIE Wie machen wir das? Der Herstellungsprozess unserer Acrylfarben ist eine Kombination aus Pr\u00e4zision, Erfahrung und manueller \u00dcberwachung in jeder Phase. Alles geschieht in unserem Atelier in Krakau \u2013 Schritt f\u00fcr Schritt: ERSTE STUFE Wir beginnen mit der Vorbereitung der wichtigsten Inhaltsstoffe:\u2714 Acryldispersion,\u2714 Pigmente,\u2714 F\u00fcllstoffe und Zusatzstoffe. Jeder Inhaltsstoff wird genau abgewogen, um die Wiederholbarkeit [&hellip;]\" \/>\n<meta property=\"og:url\" content=\"https:\/\/feelmypaint.com\/de\/wie\/\" \/>\n<meta property=\"og:site_name\" content=\"FeelMyPaint\" \/>\n<meta property=\"article:publisher\" content=\"https:\/\/www.facebook.com\/feelmypaintpl\" \/>\n<meta property=\"article:modified_time\" content=\"2025-07-22T13:24:41+00:00\" \/>\n<meta property=\"og:image\" content=\"https:\/\/feelmypaint.com\/wp-content\/uploads\/2024\/02\/Capture.png\" \/>\n\t<meta property=\"og:image:width\" content=\"505\" \/>\n\t<meta property=\"og:image:height\" content=\"419\" \/>\n\t<meta property=\"og:image:type\" content=\"image\/png\" \/>\n<meta name=\"twitter:card\" content=\"summary_large_image\" \/>\n<meta name=\"twitter:label1\" content=\"Gesch\u00e4tzte Lesezeit\" \/>\n\t<meta name=\"twitter:data1\" content=\"1\u00a0Minute\" \/>\n<script type=\"application\/ld+json\" class=\"yoast-schema-graph\">{\"@context\":\"https:\/\/schema.org\",\"@graph\":[{\"@type\":\"WebPage\",\"@id\":\"https:\/\/feelmypaint.com\/de\/wie\/\",\"url\":\"https:\/\/feelmypaint.com\/de\/wie\/\",\"name\":\"wie - FeelMyPaint\",\"isPartOf\":{\"@id\":\"https:\/\/feelmypaint.com\/de\/#website\"},\"primaryImageOfPage\":{\"@id\":\"https:\/\/feelmypaint.com\/de\/wie\/#primaryimage\"},\"image\":{\"@id\":\"https:\/\/feelmypaint.com\/de\/wie\/#primaryimage\"},\"thumbnailUrl\":\"https:\/\/feelmypaint.com\/wp-content\/uploads\/2024\/02\/Capture.png\",\"datePublished\":\"2023-11-19T20:53:34+00:00\",\"dateModified\":\"2025-07-22T13:24:41+00:00\",\"breadcrumb\":{\"@id\":\"https:\/\/feelmypaint.com\/de\/wie\/#breadcrumb\"},\"inLanguage\":\"de\",\"potentialAction\":[{\"@type\":\"ReadAction\",\"target\":[\"https:\/\/feelmypaint.com\/de\/wie\/\"]}]},{\"@type\":\"ImageObject\",\"inLanguage\":\"de\",\"@id\":\"https:\/\/feelmypaint.com\/de\/wie\/#primaryimage\",\"url\":\"https:\/\/feelmypaint.com\/wp-content\/uploads\/2024\/02\/Capture.png\",\"contentUrl\":\"https:\/\/feelmypaint.com\/wp-content\/uploads\/2024\/02\/Capture.png\"},{\"@type\":\"BreadcrumbList\",\"@id\":\"https:\/\/feelmypaint.com\/de\/wie\/#breadcrumb\",\"itemListElement\":[{\"@type\":\"ListItem\",\"position\":1,\"name\":\"Strona g\u0142\u00f3wna\",\"item\":\"https:\/\/feelmypaint.com\/de\/\"},{\"@type\":\"ListItem\",\"position\":2,\"name\":\"wie\"}]},{\"@type\":\"WebSite\",\"@id\":\"https:\/\/feelmypaint.com\/de\/#website\",\"url\":\"https:\/\/feelmypaint.com\/de\/\",\"name\":\"FeelMyPaint - producent farb artystycznych\",\"description\":\"\",\"potentialAction\":[{\"@type\":\"SearchAction\",\"target\":{\"@type\":\"EntryPoint\",\"urlTemplate\":\"https:\/\/feelmypaint.com\/de\/?s={search_term_string}\"},\"query-input\":{\"@type\":\"PropertyValueSpecification\",\"valueRequired\":true,\"valueName\":\"search_term_string\"}}],\"inLanguage\":\"de\"}]}<\/script>\n<!-- \/ Yoast SEO plugin. -->","yoast_head_json":{"title":"wie - FeelMyPaint","robots":{"index":"index","follow":"follow","max-snippet":"max-snippet:-1","max-image-preview":"max-image-preview:large","max-video-preview":"max-video-preview:-1"},"canonical":"https:\/\/feelmypaint.com\/de\/wie\/","og_locale":"de_DE","og_type":"article","og_title":"wie - FeelMyPaint","og_description":"WIE Wie machen wir das? Der Herstellungsprozess unserer Acrylfarben ist eine Kombination aus Pr\u00e4zision, Erfahrung und manueller \u00dcberwachung in jeder Phase. Alles geschieht in unserem Atelier in Krakau \u2013 Schritt f\u00fcr Schritt: ERSTE STUFE Wir beginnen mit der Vorbereitung der wichtigsten Inhaltsstoffe:\u2714 Acryldispersion,\u2714 Pigmente,\u2714 F\u00fcllstoffe und Zusatzstoffe. Jeder Inhaltsstoff wird genau abgewogen, um die Wiederholbarkeit [&hellip;]","og_url":"https:\/\/feelmypaint.com\/de\/wie\/","og_site_name":"FeelMyPaint","article_publisher":"https:\/\/www.facebook.com\/feelmypaintpl","article_modified_time":"2025-07-22T13:24:41+00:00","og_image":[{"width":505,"height":419,"url":"https:\/\/feelmypaint.com\/wp-content\/uploads\/2024\/02\/Capture.png","type":"image\/png"}],"twitter_card":"summary_large_image","twitter_misc":{"Gesch\u00e4tzte Lesezeit":"1\u00a0Minute"},"schema":{"@context":"https:\/\/schema.org","@graph":[{"@type":"WebPage","@id":"https:\/\/feelmypaint.com\/de\/wie\/","url":"https:\/\/feelmypaint.com\/de\/wie\/","name":"wie - FeelMyPaint","isPartOf":{"@id":"https:\/\/feelmypaint.com\/de\/#website"},"primaryImageOfPage":{"@id":"https:\/\/feelmypaint.com\/de\/wie\/#primaryimage"},"image":{"@id":"https:\/\/feelmypaint.com\/de\/wie\/#primaryimage"},"thumbnailUrl":"https:\/\/feelmypaint.com\/wp-content\/uploads\/2024\/02\/Capture.png","datePublished":"2023-11-19T20:53:34+00:00","dateModified":"2025-07-22T13:24:41+00:00","breadcrumb":{"@id":"https:\/\/feelmypaint.com\/de\/wie\/#breadcrumb"},"inLanguage":"de","potentialAction":[{"@type":"ReadAction","target":["https:\/\/feelmypaint.com\/de\/wie\/"]}]},{"@type":"ImageObject","inLanguage":"de","@id":"https:\/\/feelmypaint.com\/de\/wie\/#primaryimage","url":"https:\/\/feelmypaint.com\/wp-content\/uploads\/2024\/02\/Capture.png","contentUrl":"https:\/\/feelmypaint.com\/wp-content\/uploads\/2024\/02\/Capture.png"},{"@type":"BreadcrumbList","@id":"https:\/\/feelmypaint.com\/de\/wie\/#breadcrumb","itemListElement":[{"@type":"ListItem","position":1,"name":"Strona g\u0142\u00f3wna","item":"https:\/\/feelmypaint.com\/de\/"},{"@type":"ListItem","position":2,"name":"wie"}]},{"@type":"WebSite","@id":"https:\/\/feelmypaint.com\/de\/#website","url":"https:\/\/feelmypaint.com\/de\/","name":"FeelMyPaint - producent farb artystycznych","description":"","potentialAction":[{"@type":"SearchAction","target":{"@type":"EntryPoint","urlTemplate":"https:\/\/feelmypaint.com\/de\/?s={search_term_string}"},"query-input":{"@type":"PropertyValueSpecification","valueRequired":true,"valueName":"search_term_string"}}],"inLanguage":"de"}]}},"_links":{"self":[{"href":"https:\/\/feelmypaint.com\/de\/wp-json\/wp\/v2\/pages\/1495","targetHints":{"allow":["GET"]}}],"collection":[{"href":"https:\/\/feelmypaint.com\/de\/wp-json\/wp\/v2\/pages"}],"about":[{"href":"https:\/\/feelmypaint.com\/de\/wp-json\/wp\/v2\/types\/page"}],"author":[{"embeddable":true,"href":"https:\/\/feelmypaint.com\/de\/wp-json\/wp\/v2\/users\/1"}],"replies":[{"embeddable":true,"href":"https:\/\/feelmypaint.com\/de\/wp-json\/wp\/v2\/comments?post=1495"}],"version-history":[{"count":3,"href":"https:\/\/feelmypaint.com\/de\/wp-json\/wp\/v2\/pages\/1495\/revisions"}],"predecessor-version":[{"id":3162,"href":"https:\/\/feelmypaint.com\/de\/wp-json\/wp\/v2\/pages\/1495\/revisions\/3162"}],"wp:attachment":[{"href":"https:\/\/feelmypaint.com\/de\/wp-json\/wp\/v2\/media?parent=1495"}],"curies":[{"name":"wp","href":"https:\/\/api.w.org\/{rel}","templated":true}]}}