{"id":2850,"date":"2023-11-19T21:53:34","date_gmt":"2023-11-19T20:53:34","guid":{"rendered":"https:\/\/feelmypaint.com\/come\/"},"modified":"2025-07-22T14:24:41","modified_gmt":"2025-07-22T13:24:41","slug":"come","status":"publish","type":"page","link":"https:\/\/feelmypaint.com\/it\/come\/","title":{"rendered":"come"},"content":{"rendered":"\t\t<div data-elementor-type=\"wp-page\" data-elementor-id=\"2850\" class=\"elementor elementor-2850 elementor-160\" data-elementor-post-type=\"page\">\n\t\t\t\t<div class=\"elementor-element elementor-element-5772526 e-con-full e-flex e-con e-parent\" data-id=\"5772526\" data-element_type=\"container\" data-settings=\"{&quot;background_background&quot;:&quot;classic&quot;}\">\n\t\t<div class=\"elementor-element elementor-element-9c02133 e-con-full e-flex e-con e-child\" data-id=\"9c02133\" data-element_type=\"container\">\n\t\t<div class=\"elementor-element elementor-element-5014360 e-flex e-con-boxed e-con e-child\" data-id=\"5014360\" data-element_type=\"container\">\n\t\t\t\t\t<div class=\"e-con-inner\">\n\t\t\t\t<div class=\"elementor-element elementor-element-e2dfb06 elementor-widget elementor-widget-text-editor\" data-id=\"e2dfb06\" data-element_type=\"widget\" data-widget_type=\"text-editor.default\">\n\t\t\t\t<div class=\"elementor-widget-container\">\n\t\t\t\t\t\t\t\t\t<p style=\"text-align: left;\"><strong>COME<\/strong><\/p>\n\t\t\t\t\t\t\t\t<\/div>\n\t\t\t\t<\/div>\n\t\t\t\t\t<\/div>\n\t\t\t\t<\/div>\n\t\t\t\t<div class=\"elementor-element elementor-element-3e5ae3a elementor-widget elementor-widget-text-editor\" data-id=\"3e5ae3a\" data-element_type=\"widget\" data-widget_type=\"text-editor.default\">\n\t\t\t\t<div class=\"elementor-widget-container\">\n\t\t\t\t\t\t\t\t\t<h1 style=\"text-align: left;\"><strong>Come si fa?<\/strong><\/h1>\n<p style=\"text-align: left;\">Il processo di produzione dei nostri colori acrilici \u00e8 una combinazione di precisione, esperienza e supervisione manuale in ogni fase. Tutto avviene nel nostro laboratorio di Cracovia, passo dopo passo: <\/p>\n\t\t\t\t\t\t\t\t<\/div>\n\t\t\t\t<\/div>\n\t\t\t\t<\/div>\n\t\t\t\t<\/div>\n\t\t<div class=\"elementor-element elementor-element-a3da2f7 e-con-full e-flex e-con e-parent\" data-id=\"a3da2f7\" data-element_type=\"container\" data-settings=\"{&quot;background_background&quot;:&quot;classic&quot;}\">\n\t\t<div class=\"elementor-element elementor-element-6a177ab e-con-full e-flex e-con e-child\" data-id=\"6a177ab\" data-element_type=\"container\">\n\t\t\t\t<div class=\"elementor-element elementor-element-0b1017f elementor-widget__width-initial elementor-widget elementor-widget-image\" data-id=\"0b1017f\" data-element_type=\"widget\" data-widget_type=\"image.default\">\n\t\t\t\t<div class=\"elementor-widget-container\">\n\t\t\t\t\t\t\t\t\t\t\t\t\t\t\t<img fetchpriority=\"high\" decoding=\"async\" width=\"505\" height=\"419\" src=\"https:\/\/feelmypaint.com\/wp-content\/uploads\/2024\/02\/Capture.png\" class=\"attachment-large size-large wp-image-2858\" alt=\"\" srcset=\"https:\/\/feelmypaint.com\/wp-content\/uploads\/2024\/02\/Capture.png 505w, https:\/\/feelmypaint.com\/wp-content\/uploads\/2024\/02\/Capture-300x249.png 300w\" sizes=\"(max-width: 505px) 100vw, 505px\" \/>\t\t\t\t\t\t\t\t\t\t\t\t\t\t\t<\/div>\n\t\t\t\t<\/div>\n\t\t\t\t<\/div>\n\t\t<div class=\"elementor-element elementor-element-7de7756 e-con-full e-flex e-con e-child\" data-id=\"7de7756\" data-element_type=\"container\">\n\t\t\t\t<div class=\"elementor-element elementor-element-7d3c322 elementor-widget elementor-widget-text-editor\" data-id=\"7d3c322\" data-element_type=\"widget\" data-widget_type=\"text-editor.default\">\n\t\t\t\t<div class=\"elementor-widget-container\">\n\t\t\t\t\t\t\t\t\t<h1>PRIMA FASE<\/h1>\n\t\t\t\t\t\t\t\t<\/div>\n\t\t\t\t<\/div>\n\t\t\t\t<div class=\"elementor-element elementor-element-a741762 elementor-widget__width-initial elementor-widget elementor-widget-text-editor\" data-id=\"a741762\" data-element_type=\"widget\" data-widget_type=\"text-editor.default\">\n\t\t\t\t<div class=\"elementor-widget-container\">\n\t\t\t\t\t\t\t\t\t<p data-start=\"691\" data-end=\"826\">Iniziamo preparando gli ingredienti chiave:<br data-start=\"740\" data-end=\"743\">\u2714 dispersione acrilica,<br data-start=\"781\" data-end=\"784\">\u2714 pigmenti,<br data-start=\"796\" data-end=\"799\">\u2714 riempitivi e additivi.<\/p>\n<p data-start=\"828\" data-end=\"912\">Ogni ingrediente viene pesato con precisione per mantenere la ripetibilit\u00e0 della formula e la qualit\u00e0.<\/p>\n\t\t\t\t\t\t\t\t<\/div>\n\t\t\t\t<\/div>\n\t\t\t\t<\/div>\n\t\t\t\t<\/div>\n\t\t<div class=\"elementor-element elementor-element-fd65b94 e-con-full e-flex e-con e-parent\" data-id=\"fd65b94\" data-element_type=\"container\" data-settings=\"{&quot;background_background&quot;:&quot;classic&quot;}\">\n\t\t<div class=\"elementor-element elementor-element-ca5a861 e-con-full e-flex e-con e-child\" data-id=\"ca5a861\" data-element_type=\"container\">\n\t\t\t\t<div class=\"elementor-element elementor-element-37af32a elementor-widget__width-initial elementor-widget elementor-widget-image\" data-id=\"37af32a\" data-element_type=\"widget\" data-widget_type=\"image.default\">\n\t\t\t\t<div class=\"elementor-widget-container\">\n\t\t\t\t\t\t\t\t\t\t\t\t\t\t\t<img decoding=\"async\" width=\"443\" height=\"477\" src=\"https:\/\/feelmypaint.com\/wp-content\/uploads\/2024\/02\/Capture2.webp\" class=\"attachment-large size-large wp-image-2859\" alt=\"\" srcset=\"https:\/\/feelmypaint.com\/wp-content\/uploads\/2024\/02\/Capture2.webp 443w, https:\/\/feelmypaint.com\/wp-content\/uploads\/2024\/02\/Capture2-279x300.webp 279w\" sizes=\"(max-width: 443px) 100vw, 443px\" \/>\t\t\t\t\t\t\t\t\t\t\t\t\t\t\t<\/div>\n\t\t\t\t<\/div>\n\t\t\t\t<\/div>\n\t\t<div class=\"elementor-element elementor-element-c5df6de e-con-full e-flex e-con e-child\" data-id=\"c5df6de\" data-element_type=\"container\">\n\t\t\t\t<div class=\"elementor-element elementor-element-e8fb13e elementor-widget elementor-widget-text-editor\" data-id=\"e8fb13e\" data-element_type=\"widget\" data-widget_type=\"text-editor.default\">\n\t\t\t\t<div class=\"elementor-widget-container\">\n\t\t\t\t\t\t\t\t\t<h1>SECONDA FASE<\/h1>\n\t\t\t\t\t\t\t\t<\/div>\n\t\t\t\t<\/div>\n\t\t\t\t<div class=\"elementor-element elementor-element-9e13d5b elementor-widget__width-initial elementor-widget elementor-widget-text-editor\" data-id=\"9e13d5b\" data-element_type=\"widget\" data-widget_type=\"text-editor.default\">\n\t\t\t\t<div class=\"elementor-widget-container\">\n\t\t\t\t\t\t\t\t\t<p>Mescoliamo la dispersione con acqua e additivi, quindi, a bassa velocit\u00e0, aggiungiamo il pigmento.<br \/>L&#8217;obiettivo \u00e8 che ogni particella di colorante sia uniformemente bagnata, garantendo la purezza del colore e la durata dell&#8217;effetto.<\/p>\n\t\t\t\t\t\t\t\t<\/div>\n\t\t\t\t<\/div>\n\t\t\t\t<\/div>\n\t\t\t\t<\/div>\n\t\t<div class=\"elementor-element elementor-element-c0771ed e-con-full e-flex e-con e-parent\" data-id=\"c0771ed\" data-element_type=\"container\" data-settings=\"{&quot;background_background&quot;:&quot;classic&quot;}\">\n\t\t<div class=\"elementor-element elementor-element-938dd79 e-con-full e-flex e-con e-child\" data-id=\"938dd79\" data-element_type=\"container\">\n\t\t\t\t<div class=\"elementor-element elementor-element-fa770e5 elementor-widget__width-initial elementor-widget elementor-widget-image\" data-id=\"fa770e5\" data-element_type=\"widget\" data-widget_type=\"image.default\">\n\t\t\t\t<div class=\"elementor-widget-container\">\n\t\t\t\t\t\t\t\t\t\t\t\t\t\t\t<img decoding=\"async\" width=\"411\" height=\"353\" src=\"https:\/\/feelmypaint.com\/wp-content\/uploads\/2024\/02\/Capture3.webp\" class=\"attachment-large size-large wp-image-2860\" alt=\"\" srcset=\"https:\/\/feelmypaint.com\/wp-content\/uploads\/2024\/02\/Capture3.webp 411w, https:\/\/feelmypaint.com\/wp-content\/uploads\/2024\/02\/Capture3-300x258.webp 300w\" sizes=\"(max-width: 411px) 100vw, 411px\" \/>\t\t\t\t\t\t\t\t\t\t\t\t\t\t\t<\/div>\n\t\t\t\t<\/div>\n\t\t\t\t<\/div>\n\t\t<div class=\"elementor-element elementor-element-f52c274 e-con-full e-flex e-con e-child\" data-id=\"f52c274\" data-element_type=\"container\">\n\t\t\t\t<div class=\"elementor-element elementor-element-130fef8 elementor-widget elementor-widget-text-editor\" data-id=\"130fef8\" data-element_type=\"widget\" data-widget_type=\"text-editor.default\">\n\t\t\t\t<div class=\"elementor-widget-container\">\n\t\t\t\t\t\t\t\t\t<h1>TERZA FASE<\/h1>\n\t\t\t\t\t\t\t\t<\/div>\n\t\t\t\t<\/div>\n\t\t\t\t<div class=\"elementor-element elementor-element-10b248d elementor-widget__width-initial elementor-widget elementor-widget-text-editor\" data-id=\"10b248d\" data-element_type=\"widget\" data-widget_type=\"text-editor.default\">\n\t\t\t\t<div class=\"elementor-widget-container\">\n\t\t\t\t\t\t\t\t\t<p data-start=\"1232\" data-end=\"1472\">Aumentiamo la velocit\u00e0 di miscelazione per ottenere una massa omogenea.<br data-start=\"1290\" data-end=\"1293\">Successivamente, il colore viene trasferito ai mulini a tre rulli, dove viene macinato fino a ottenere una consistenza liscia e cremosa. Questo \u00e8 il momento in cui il colore diventa davvero piacevole da lavorare. <\/p>\n<p data-start=\"1474\" data-end=\"1591\">Dopo la macinazione, preleviamo campioni ed eseguiamo un controllo qualit\u00e0: verifichiamo la viscosit\u00e0, il colore, la copertura e la stabilit\u00e0.<\/p>\n\t\t\t\t\t\t\t\t<\/div>\n\t\t\t\t<\/div>\n\t\t\t\t<\/div>\n\t\t\t\t<\/div>\n\t\t<div class=\"elementor-element elementor-element-4cff758 e-con-full e-flex e-con e-parent\" data-id=\"4cff758\" data-element_type=\"container\" data-settings=\"{&quot;background_background&quot;:&quot;classic&quot;}\">\n\t\t<div class=\"elementor-element elementor-element-c7a1d15 e-con-full e-flex e-con e-child\" data-id=\"c7a1d15\" data-element_type=\"container\">\n\t\t\t\t<div class=\"elementor-element elementor-element-9ac2bac elementor-widget__width-initial elementor-widget elementor-widget-image\" data-id=\"9ac2bac\" data-element_type=\"widget\" data-widget_type=\"image.default\">\n\t\t\t\t<div class=\"elementor-widget-container\">\n\t\t\t\t\t\t\t\t\t\t\t\t\t\t\t<img loading=\"lazy\" decoding=\"async\" width=\"423\" height=\"463\" src=\"https:\/\/feelmypaint.com\/wp-content\/uploads\/2024\/02\/Capture4.webp\" class=\"attachment-large size-large wp-image-2861\" alt=\"\" srcset=\"https:\/\/feelmypaint.com\/wp-content\/uploads\/2024\/02\/Capture4.webp 423w, https:\/\/feelmypaint.com\/wp-content\/uploads\/2024\/02\/Capture4-274x300.webp 274w\" sizes=\"(max-width: 423px) 100vw, 423px\" \/>\t\t\t\t\t\t\t\t\t\t\t\t\t\t\t<\/div>\n\t\t\t\t<\/div>\n\t\t\t\t<\/div>\n\t\t<div class=\"elementor-element elementor-element-34abc17 e-con-full e-flex e-con e-child\" data-id=\"34abc17\" data-element_type=\"container\">\n\t\t\t\t<div class=\"elementor-element elementor-element-7b1d906 elementor-widget elementor-widget-text-editor\" data-id=\"7b1d906\" data-element_type=\"widget\" data-widget_type=\"text-editor.default\">\n\t\t\t\t<div class=\"elementor-widget-container\">\n\t\t\t\t\t\t\t\t\t<h1>QUARTA FASE<\/h1>\n\t\t\t\t\t\t\t\t<\/div>\n\t\t\t\t<\/div>\n\t\t\t\t<div class=\"elementor-element elementor-element-3904b40 elementor-widget__width-initial elementor-widget elementor-widget-text-editor\" data-id=\"3904b40\" data-element_type=\"widget\" data-widget_type=\"text-editor.default\">\n\t\t\t\t<div class=\"elementor-widget-container\">\n\t\t\t\t\t\t\t\t\t<p>Solo i colori che hanno superato il controllo qualit\u00e0 finiscono in tubetti e vasetti.<br data-start=\"1695\" data-end=\"1698\">Li sigilliamo ermeticamente in modo che siano pronti per la spedizione: freschi, puliti e pronti per dipingere.<\/p>\n<\/p>\n<p>Ogni lotto di colore \u00e8 creato con cura e controllo, non in massa, ma in serie piccole e ponderate.<br data-start=\"1907\" data-end=\"1910\">In questo modo, puoi essere certo che il tubetto che tieni in mano \u00e8 stato veramente &#8220;curato&#8221; dall&#8217;inizio alla fine.<\/p>\n\t\t\t\t\t\t\t\t<\/div>\n\t\t\t\t<\/div>\n\t\t\t\t<\/div>\n\t\t\t\t<\/div>\n\t\t<div class=\"elementor-element elementor-element-5f2c290 e-flex e-con-boxed e-con e-parent\" data-id=\"5f2c290\" data-element_type=\"container\">\n\t\t\t\t\t<div class=\"e-con-inner\">\n\t\t\t\t\t<\/div>\n\t\t\t\t<\/div>\n\t\t<div class=\"elementor-element elementor-element-965b67a e-flex e-con-boxed e-con e-parent\" data-id=\"965b67a\" data-element_type=\"container\">\n\t\t\t\t\t<div class=\"e-con-inner\">\n\t\t\t\t\t<\/div>\n\t\t\t\t<\/div>\n\t\t\t\t<\/div>\n\t\t","protected":false},"excerpt":{"rendered":"<p>COME Come si fa? Il processo di produzione dei nostri colori acrilici \u00e8 una combinazione di precisione, esperienza e supervisione manuale in ogni fase. Tutto avviene nel nostro laboratorio di Cracovia, passo dopo passo: PRIMA FASE Iniziamo preparando gli ingredienti chiave:\u2714 dispersione acrilica,\u2714 pigmenti,\u2714 riempitivi e additivi. Ogni ingrediente viene pesato con precisione per mantenere [&hellip;]<\/p>\n","protected":false},"author":1,"featured_media":0,"parent":0,"menu_order":0,"comment_status":"closed","ping_status":"closed","template":"","meta":{"footnotes":""},"class_list":["post-2850","page","type-page","status-publish","hentry"],"yoast_head":"<!-- This site is optimized with the Yoast SEO plugin v26.5 - https:\/\/yoast.com\/wordpress\/plugins\/seo\/ -->\n<title>come - FeelMyPaint<\/title>\n<meta name=\"robots\" content=\"index, follow, max-snippet:-1, max-image-preview:large, max-video-preview:-1\" \/>\n<link rel=\"canonical\" href=\"https:\/\/feelmypaint.com\/it\/come\/\" \/>\n<meta property=\"og:locale\" content=\"it_IT\" \/>\n<meta property=\"og:type\" content=\"article\" \/>\n<meta property=\"og:title\" content=\"come - FeelMyPaint\" \/>\n<meta property=\"og:description\" content=\"COME Come si fa? Il processo di produzione dei nostri colori acrilici \u00e8 una combinazione di precisione, esperienza e supervisione manuale in ogni fase. Tutto avviene nel nostro laboratorio di Cracovia, passo dopo passo: PRIMA FASE Iniziamo preparando gli ingredienti chiave:\u2714 dispersione acrilica,\u2714 pigmenti,\u2714 riempitivi e additivi. Ogni ingrediente viene pesato con precisione per mantenere [&hellip;]\" \/>\n<meta property=\"og:url\" content=\"https:\/\/feelmypaint.com\/it\/come\/\" \/>\n<meta property=\"og:site_name\" content=\"FeelMyPaint\" \/>\n<meta property=\"article:publisher\" content=\"https:\/\/www.facebook.com\/feelmypaintpl\" \/>\n<meta property=\"article:modified_time\" content=\"2025-07-22T13:24:41+00:00\" \/>\n<meta property=\"og:image\" content=\"https:\/\/feelmypaint.com\/wp-content\/uploads\/2024\/02\/Capture.png\" \/>\n\t<meta property=\"og:image:width\" content=\"505\" \/>\n\t<meta property=\"og:image:height\" content=\"419\" \/>\n\t<meta property=\"og:image:type\" content=\"image\/png\" \/>\n<meta name=\"twitter:card\" content=\"summary_large_image\" \/>\n<meta name=\"twitter:label1\" content=\"Tempo di lettura stimato\" \/>\n\t<meta name=\"twitter:data1\" content=\"1 minuto\" \/>\n<script type=\"application\/ld+json\" class=\"yoast-schema-graph\">{\"@context\":\"https:\/\/schema.org\",\"@graph\":[{\"@type\":\"WebPage\",\"@id\":\"https:\/\/feelmypaint.com\/it\/come\/\",\"url\":\"https:\/\/feelmypaint.com\/it\/come\/\",\"name\":\"come - FeelMyPaint\",\"isPartOf\":{\"@id\":\"https:\/\/feelmypaint.com\/it\/#website\"},\"primaryImageOfPage\":{\"@id\":\"https:\/\/feelmypaint.com\/it\/come\/#primaryimage\"},\"image\":{\"@id\":\"https:\/\/feelmypaint.com\/it\/come\/#primaryimage\"},\"thumbnailUrl\":\"https:\/\/feelmypaint.com\/wp-content\/uploads\/2024\/02\/Capture.png\",\"datePublished\":\"2023-11-19T20:53:34+00:00\",\"dateModified\":\"2025-07-22T13:24:41+00:00\",\"breadcrumb\":{\"@id\":\"https:\/\/feelmypaint.com\/it\/come\/#breadcrumb\"},\"inLanguage\":\"it-IT\",\"potentialAction\":[{\"@type\":\"ReadAction\",\"target\":[\"https:\/\/feelmypaint.com\/it\/come\/\"]}]},{\"@type\":\"ImageObject\",\"inLanguage\":\"it-IT\",\"@id\":\"https:\/\/feelmypaint.com\/it\/come\/#primaryimage\",\"url\":\"https:\/\/feelmypaint.com\/wp-content\/uploads\/2024\/02\/Capture.png\",\"contentUrl\":\"https:\/\/feelmypaint.com\/wp-content\/uploads\/2024\/02\/Capture.png\"},{\"@type\":\"BreadcrumbList\",\"@id\":\"https:\/\/feelmypaint.com\/it\/come\/#breadcrumb\",\"itemListElement\":[{\"@type\":\"ListItem\",\"position\":1,\"name\":\"Strona g\u0142\u00f3wna\",\"item\":\"https:\/\/feelmypaint.com\/it\/\"},{\"@type\":\"ListItem\",\"position\":2,\"name\":\"come\"}]},{\"@type\":\"WebSite\",\"@id\":\"https:\/\/feelmypaint.com\/it\/#website\",\"url\":\"https:\/\/feelmypaint.com\/it\/\",\"name\":\"FeelMyPaint - producent farb artystycznych\",\"description\":\"\",\"potentialAction\":[{\"@type\":\"SearchAction\",\"target\":{\"@type\":\"EntryPoint\",\"urlTemplate\":\"https:\/\/feelmypaint.com\/it\/?s={search_term_string}\"},\"query-input\":{\"@type\":\"PropertyValueSpecification\",\"valueRequired\":true,\"valueName\":\"search_term_string\"}}],\"inLanguage\":\"it-IT\"}]}<\/script>\n<!-- \/ Yoast SEO plugin. -->","yoast_head_json":{"title":"come - FeelMyPaint","robots":{"index":"index","follow":"follow","max-snippet":"max-snippet:-1","max-image-preview":"max-image-preview:large","max-video-preview":"max-video-preview:-1"},"canonical":"https:\/\/feelmypaint.com\/it\/come\/","og_locale":"it_IT","og_type":"article","og_title":"come - FeelMyPaint","og_description":"COME Come si fa? Il processo di produzione dei nostri colori acrilici \u00e8 una combinazione di precisione, esperienza e supervisione manuale in ogni fase. Tutto avviene nel nostro laboratorio di Cracovia, passo dopo passo: PRIMA FASE Iniziamo preparando gli ingredienti chiave:\u2714 dispersione acrilica,\u2714 pigmenti,\u2714 riempitivi e additivi. Ogni ingrediente viene pesato con precisione per mantenere [&hellip;]","og_url":"https:\/\/feelmypaint.com\/it\/come\/","og_site_name":"FeelMyPaint","article_publisher":"https:\/\/www.facebook.com\/feelmypaintpl","article_modified_time":"2025-07-22T13:24:41+00:00","og_image":[{"width":505,"height":419,"url":"https:\/\/feelmypaint.com\/wp-content\/uploads\/2024\/02\/Capture.png","type":"image\/png"}],"twitter_card":"summary_large_image","twitter_misc":{"Tempo di lettura stimato":"1 minuto"},"schema":{"@context":"https:\/\/schema.org","@graph":[{"@type":"WebPage","@id":"https:\/\/feelmypaint.com\/it\/come\/","url":"https:\/\/feelmypaint.com\/it\/come\/","name":"come - FeelMyPaint","isPartOf":{"@id":"https:\/\/feelmypaint.com\/it\/#website"},"primaryImageOfPage":{"@id":"https:\/\/feelmypaint.com\/it\/come\/#primaryimage"},"image":{"@id":"https:\/\/feelmypaint.com\/it\/come\/#primaryimage"},"thumbnailUrl":"https:\/\/feelmypaint.com\/wp-content\/uploads\/2024\/02\/Capture.png","datePublished":"2023-11-19T20:53:34+00:00","dateModified":"2025-07-22T13:24:41+00:00","breadcrumb":{"@id":"https:\/\/feelmypaint.com\/it\/come\/#breadcrumb"},"inLanguage":"it-IT","potentialAction":[{"@type":"ReadAction","target":["https:\/\/feelmypaint.com\/it\/come\/"]}]},{"@type":"ImageObject","inLanguage":"it-IT","@id":"https:\/\/feelmypaint.com\/it\/come\/#primaryimage","url":"https:\/\/feelmypaint.com\/wp-content\/uploads\/2024\/02\/Capture.png","contentUrl":"https:\/\/feelmypaint.com\/wp-content\/uploads\/2024\/02\/Capture.png"},{"@type":"BreadcrumbList","@id":"https:\/\/feelmypaint.com\/it\/come\/#breadcrumb","itemListElement":[{"@type":"ListItem","position":1,"name":"Strona g\u0142\u00f3wna","item":"https:\/\/feelmypaint.com\/it\/"},{"@type":"ListItem","position":2,"name":"come"}]},{"@type":"WebSite","@id":"https:\/\/feelmypaint.com\/it\/#website","url":"https:\/\/feelmypaint.com\/it\/","name":"FeelMyPaint - producent farb artystycznych","description":"","potentialAction":[{"@type":"SearchAction","target":{"@type":"EntryPoint","urlTemplate":"https:\/\/feelmypaint.com\/it\/?s={search_term_string}"},"query-input":{"@type":"PropertyValueSpecification","valueRequired":true,"valueName":"search_term_string"}}],"inLanguage":"it-IT"}]}},"_links":{"self":[{"href":"https:\/\/feelmypaint.com\/it\/wp-json\/wp\/v2\/pages\/2850","targetHints":{"allow":["GET"]}}],"collection":[{"href":"https:\/\/feelmypaint.com\/it\/wp-json\/wp\/v2\/pages"}],"about":[{"href":"https:\/\/feelmypaint.com\/it\/wp-json\/wp\/v2\/types\/page"}],"author":[{"embeddable":true,"href":"https:\/\/feelmypaint.com\/it\/wp-json\/wp\/v2\/users\/1"}],"replies":[{"embeddable":true,"href":"https:\/\/feelmypaint.com\/it\/wp-json\/wp\/v2\/comments?post=2850"}],"version-history":[{"count":2,"href":"https:\/\/feelmypaint.com\/it\/wp-json\/wp\/v2\/pages\/2850\/revisions"}],"predecessor-version":[{"id":3161,"href":"https:\/\/feelmypaint.com\/it\/wp-json\/wp\/v2\/pages\/2850\/revisions\/3161"}],"wp:attachment":[{"href":"https:\/\/feelmypaint.com\/it\/wp-json\/wp\/v2\/media?parent=2850"}],"curies":[{"name":"wp","href":"https:\/\/api.w.org\/{rel}","templated":true}]}}