{"id":2927,"date":"2023-11-26T21:49:11","date_gmt":"2023-11-26T20:49:11","guid":{"rendered":"https:\/\/feelmypaint.com\/informativa-sulla-privacy\/"},"modified":"2025-05-29T17:18:13","modified_gmt":"2025-05-29T16:18:13","slug":"informativa-sulla-privacy","status":"publish","type":"page","link":"https:\/\/feelmypaint.com\/it\/informativa-sulla-privacy\/","title":{"rendered":"Informativa sulla privacy"},"content":{"rendered":"\t\t<div data-elementor-type=\"wp-page\" data-elementor-id=\"2927\" class=\"elementor elementor-2927 elementor-787\" data-elementor-post-type=\"page\">\n\t\t\t\t<div class=\"elementor-element elementor-element-ee5dd27 e-flex e-con-boxed e-con e-parent\" data-id=\"ee5dd27\" data-element_type=\"container\" data-settings=\"{&quot;background_background&quot;:&quot;classic&quot;}\">\n\t\t\t\t\t<div class=\"e-con-inner\">\n\t\t<div class=\"elementor-element elementor-element-f1afe19 e-flex e-con-boxed e-con e-child\" data-id=\"f1afe19\" data-element_type=\"container\">\n\t\t\t\t\t<div class=\"e-con-inner\">\n\t\t\t\t<div class=\"elementor-element elementor-element-7dd1d4f elementor-widget elementor-widget-heading\" data-id=\"7dd1d4f\" data-element_type=\"widget\" data-widget_type=\"heading.default\">\n\t\t\t\t<div class=\"elementor-widget-container\">\n\t\t\t\t\t<h1 class=\"elementor-heading-title elementor-size-default\">Informativa sulla privacy<\/h1>\t\t\t\t<\/div>\n\t\t\t\t<\/div>\n\t\t\t\t\t<\/div>\n\t\t\t\t<\/div>\n\t\t\t\t<div class=\"elementor-element elementor-element-6a41129 elementor-widget elementor-widget-text-editor\" data-id=\"6a41129\" data-element_type=\"widget\" data-widget_type=\"text-editor.default\">\n\t\t\t\t<div class=\"elementor-widget-container\">\n\t\t\t\t\t\t\t\t\t<p data-start=\"229\" data-end=\"253\"><strong data-start=\"229\" data-end=\"253\">Informativa sulla privacy<\/strong><\/p>\n<p data-start=\"255\" data-end=\"451\"><strong data-start=\"255\" data-end=\"282\">1. Disposizioni generali<\/strong><br data-start=\"282\" data-end=\"285\">La presente Informativa sulla privacy stabilisce le regole per il trattamento dei dati personali da parte dell&#8217;Amministratore del sito web <a href=\"https:\/\/store.feelmypaint.com\" target=\"_new\" rel=\"noopener\" data-start=\"403\" data-end=\"432\">https:\/\/feelmypaint.com<\/a> (di seguito: il &#8220;Sito&#8221;).<\/p>\n<p data-start=\"453\" data-end=\"609\">Il responsabile del trattamento dei dati \u00e8:<br><strong data-start=\"482\" data-end=\"508\">FeelMyPaint Sp. z o.o. <\/strong><br data-start=\"508\" data-end=\"511\">ul. Zag\u0142oby 2F, 31-980 Krak\u00f3w<br data-start=\"540\" data-end=\"543\">NIP: 6783199623, REGON: 522825535<br data-start=\"576\" data-end=\"579\">Contatto: <a rel=\"noopener\" data-start=\"588\" data-end=\"609\">info@feelmypaint.com<\/a> <\/p>\n<p data-start=\"611\" data-end=\"725\"><strong data-start=\"611\" data-end=\"663\">2. Ambito dei dati raccolti e finalit\u00e0 del trattamento<\/strong><br data-start=\"663\" data-end=\"666\">L&#8217;Amministratore tratta i dati personali solo nella misura in cui:<\/p>\n<ul data-start=\"726\" data-end=\"1060\">\n<li data-start=\"726\" data-end=\"892\">\n<p data-start=\"728\" data-end=\"892\">i dati forniti tramite il modulo di contatto (ad esempio, nome, indirizzo e-mail, contenuto del messaggio) &#8211; al fine di rispondere alla richiesta (articolo 6, paragrafo 1, lettera f), del RODO),<\/p>\n<\/li>\n<li data-start=\"893\" data-end=\"1060\">\n<p data-start=\"895\" data-end=\"1060\">dati raccolti tramite cookie &#8211; per finalit\u00e0 tecniche, statistiche e &#8211; con il consenso &#8211; di marketing (articolo 6, paragrafo 1, lettere a) e f) del RODO).<\/p>\n<\/li>\n<\/ul>\n<p data-start=\"1062\" data-end=\"1310\"><strong data-start=\"1062\" data-end=\"1076\">3 Cookie<\/strong><br data-start=\"1076\" data-end=\"1079\">Il sito web utilizza i cookie.<br data-start=\"1173\" data-end=\"1176\">Puoi revocare il tuo consenso ai cookie in qualsiasi momento nelle impostazioni del tuo browser o cliccando su \u201cModifica impostazioni sulla privacy\u201d nel footer del sito web.<\/p>\n<p data-start=\"1312\" data-end=\"1475\"><strong data-start=\"1312\" data-end=\"1334\">4 Destinatari dei dati<\/strong><br data-start=\"1334\" data-end=\"1337\">I dati possono essere trasferiti a soggetti che supportano tecnicamente l&#8217;Amministratore (ad es. web host, fornitori di moduli, fornitori di analisi).<\/p>\n<p data-start=\"1477\" data-end=\"1528\"><strong data-start=\"1477\" data-end=\"1501\">5. Diritti dell \u201cutente<\/strong><br data-start=\"1501\" data-end=\"1504\">L\u201d utente ha diritto a:<\/p>\n<ul data-start=\"1529\" data-end=\"1734\">\n<li data-start=\"1529\" data-end=\"1549\">\n<p data-start=\"1531\" data-end=\"1549\">accesso ai dati,<\/p>\n<\/li>\n<li data-start=\"1550\" data-end=\"1611\">\n<p data-start=\"1552\" data-end=\"1611\">la rettifica, la cancellazione o la limitazione del trattamento,<\/p>\n<\/li>\n<li data-start=\"1612\" data-end=\"1655\">\n<p data-start=\"1614\" data-end=\"1655\">per opporsi al trattamento,<\/p>\n<\/li>\n<li data-start=\"1656\" data-end=\"1697\">\n<p data-start=\"1658\" data-end=\"1697\">ritiro del consenso (se prestato),<\/p>\n<\/li>\n<li data-start=\"1698\" data-end=\"1734\">\n<p data-start=\"1700\" data-end=\"1734\">presentare un reclamo al Presidente di UODO.<\/p>\n<\/li>\n<\/ul>\n<p data-start=\"1736\" data-end=\"1928\"><strong data-start=\"1736\" data-end=\"1764\">6 Conservazione dei dati<\/strong><br data-start=\"1764\" data-end=\"1767\">Dati trattati sulla base del consenso &#8211; fino alla sua revoca.<br data-start=\"1831\" data-end=\"1834\">Dati provenienti dal modulo di contatto &#8211; fino al completamento della corrispondenza o alla presentazione di un&#8217;obiezione.<\/p>\n<p data-start=\"1930\" data-end=\"2073\"><strong data-start=\"1930\" data-end=\"1964\">7. Volontariet\u00e0 dei dati<\/strong><br data-start=\"1964\" data-end=\"1967\">Il conferimento dei dati personali nel modulo di contatto \u00e8 volontario, ma necessario per ricevere una risposta.<\/p>\n<p data-start=\"2075\" data-end=\"2298\"><strong data-start=\"2075\" data-end=\"2111\">8 Trasferimento dei dati al di fuori dello Spazio Economico Europeo<\/strong><br data-start=\"2111\" data-end=\"2114\">I dati potranno essere trasferiti al di fuori dello Spazio Economico Europeo in relazione all&#8217;utilizzo di strumenti analitici o di marketing &#8211; solo sulla base del tuo consenso (cookie).<\/p>\n<p data-start=\"2300\" data-end=\"2444\"><strong data-start=\"2300\" data-end=\"2328\">9 Sicurezza dei dati<\/strong><br data-start=\"2328\" data-end=\"2331\">L&#8217;Amministratore applicher\u00e0 misure tecniche e organizzative adeguate per proteggere i dati da accessi non autorizzati.<\/p>\n<p data-start=\"2446\" data-end=\"2501\">L&#8217;informativa sulla privacy \u00e8 in vigore dal <strong data-start=\"2486\" data-end=\"2500\">29.05.2025<\/strong>.<\/p>\t\t\t\t\t\t\t\t<\/div>\n\t\t\t\t<\/div>\n\t\t\t\t\t<\/div>\n\t\t\t\t<\/div>\n\t\t\t\t<\/div>\n\t\t","protected":false},"excerpt":{"rendered":"<p>Informativa sulla privacy Informativa sulla privacy 1. Disposizioni generaliLa presente Informativa sulla privacy stabilisce le regole per il trattamento dei dati personali da parte dell&#8217;Amministratore del sito web https:\/\/feelmypaint.com (di seguito: il &#8220;Sito&#8221;). Il responsabile del trattamento dei dati \u00e8:FeelMyPaint Sp. z o.o. ul. Zag\u0142oby 2F, 31-980 Krak\u00f3wNIP: 6783199623, REGON: 522825535Contatto: info@feelmypaint.com 2. Ambito dei [&hellip;]<\/p>\n","protected":false},"author":1,"featured_media":0,"parent":0,"menu_order":0,"comment_status":"closed","ping_status":"closed","template":"","meta":{"footnotes":""},"class_list":["post-2927","page","type-page","status-publish","hentry"],"yoast_head":"<!-- This site is optimized with the Yoast SEO plugin v26.5 - https:\/\/yoast.com\/wordpress\/plugins\/seo\/ -->\n<title>Informativa sulla privacy - FeelMyPaint<\/title>\n<meta name=\"robots\" content=\"index, follow, max-snippet:-1, max-image-preview:large, max-video-preview:-1\" \/>\n<link rel=\"canonical\" href=\"https:\/\/feelmypaint.com\/it\/informativa-sulla-privacy\/\" \/>\n<meta property=\"og:locale\" content=\"it_IT\" \/>\n<meta property=\"og:type\" content=\"article\" \/>\n<meta property=\"og:title\" content=\"Informativa sulla privacy - FeelMyPaint\" \/>\n<meta property=\"og:description\" content=\"Informativa sulla privacy Informativa sulla privacy 1. Disposizioni generaliLa presente Informativa sulla privacy stabilisce le regole per il trattamento dei dati personali da parte dell&#8217;Amministratore del sito web https:\/\/feelmypaint.com (di seguito: il &#8220;Sito&#8221;). Il responsabile del trattamento dei dati \u00e8:FeelMyPaint Sp. z o.o. ul. Zag\u0142oby 2F, 31-980 Krak\u00f3wNIP: 6783199623, REGON: 522825535Contatto: info@feelmypaint.com 2. Ambito dei [&hellip;]\" \/>\n<meta property=\"og:url\" content=\"https:\/\/feelmypaint.com\/it\/informativa-sulla-privacy\/\" \/>\n<meta property=\"og:site_name\" content=\"FeelMyPaint\" \/>\n<meta property=\"article:publisher\" content=\"https:\/\/www.facebook.com\/feelmypaintpl\" \/>\n<meta property=\"article:modified_time\" content=\"2025-05-29T16:18:13+00:00\" \/>\n<meta name=\"twitter:card\" content=\"summary_large_image\" \/>\n<meta name=\"twitter:label1\" content=\"Tempo di lettura stimato\" \/>\n\t<meta name=\"twitter:data1\" content=\"2 minuti\" \/>\n<script type=\"application\/ld+json\" class=\"yoast-schema-graph\">{\"@context\":\"https:\/\/schema.org\",\"@graph\":[{\"@type\":\"WebPage\",\"@id\":\"https:\/\/feelmypaint.com\/it\/informativa-sulla-privacy\/\",\"url\":\"https:\/\/feelmypaint.com\/it\/informativa-sulla-privacy\/\",\"name\":\"Informativa sulla privacy - FeelMyPaint\",\"isPartOf\":{\"@id\":\"https:\/\/feelmypaint.com\/it\/#website\"},\"datePublished\":\"2023-11-26T20:49:11+00:00\",\"dateModified\":\"2025-05-29T16:18:13+00:00\",\"breadcrumb\":{\"@id\":\"https:\/\/feelmypaint.com\/it\/informativa-sulla-privacy\/#breadcrumb\"},\"inLanguage\":\"it-IT\",\"potentialAction\":[{\"@type\":\"ReadAction\",\"target\":[\"https:\/\/feelmypaint.com\/it\/informativa-sulla-privacy\/\"]}]},{\"@type\":\"BreadcrumbList\",\"@id\":\"https:\/\/feelmypaint.com\/it\/informativa-sulla-privacy\/#breadcrumb\",\"itemListElement\":[{\"@type\":\"ListItem\",\"position\":1,\"name\":\"Strona g\u0142\u00f3wna\",\"item\":\"https:\/\/feelmypaint.com\/it\/\"},{\"@type\":\"ListItem\",\"position\":2,\"name\":\"Informativa sulla privacy\"}]},{\"@type\":\"WebSite\",\"@id\":\"https:\/\/feelmypaint.com\/it\/#website\",\"url\":\"https:\/\/feelmypaint.com\/it\/\",\"name\":\"FeelMyPaint - producent farb artystycznych\",\"description\":\"\",\"potentialAction\":[{\"@type\":\"SearchAction\",\"target\":{\"@type\":\"EntryPoint\",\"urlTemplate\":\"https:\/\/feelmypaint.com\/it\/?s={search_term_string}\"},\"query-input\":{\"@type\":\"PropertyValueSpecification\",\"valueRequired\":true,\"valueName\":\"search_term_string\"}}],\"inLanguage\":\"it-IT\"}]}<\/script>\n<!-- \/ Yoast SEO plugin. -->","yoast_head_json":{"title":"Informativa sulla privacy - FeelMyPaint","robots":{"index":"index","follow":"follow","max-snippet":"max-snippet:-1","max-image-preview":"max-image-preview:large","max-video-preview":"max-video-preview:-1"},"canonical":"https:\/\/feelmypaint.com\/it\/informativa-sulla-privacy\/","og_locale":"it_IT","og_type":"article","og_title":"Informativa sulla privacy - FeelMyPaint","og_description":"Informativa sulla privacy Informativa sulla privacy 1. Disposizioni generaliLa presente Informativa sulla privacy stabilisce le regole per il trattamento dei dati personali da parte dell&#8217;Amministratore del sito web https:\/\/feelmypaint.com (di seguito: il &#8220;Sito&#8221;). Il responsabile del trattamento dei dati \u00e8:FeelMyPaint Sp. z o.o. ul. Zag\u0142oby 2F, 31-980 Krak\u00f3wNIP: 6783199623, REGON: 522825535Contatto: info@feelmypaint.com 2. Ambito dei [&hellip;]","og_url":"https:\/\/feelmypaint.com\/it\/informativa-sulla-privacy\/","og_site_name":"FeelMyPaint","article_publisher":"https:\/\/www.facebook.com\/feelmypaintpl","article_modified_time":"2025-05-29T16:18:13+00:00","twitter_card":"summary_large_image","twitter_misc":{"Tempo di lettura stimato":"2 minuti"},"schema":{"@context":"https:\/\/schema.org","@graph":[{"@type":"WebPage","@id":"https:\/\/feelmypaint.com\/it\/informativa-sulla-privacy\/","url":"https:\/\/feelmypaint.com\/it\/informativa-sulla-privacy\/","name":"Informativa sulla privacy - FeelMyPaint","isPartOf":{"@id":"https:\/\/feelmypaint.com\/it\/#website"},"datePublished":"2023-11-26T20:49:11+00:00","dateModified":"2025-05-29T16:18:13+00:00","breadcrumb":{"@id":"https:\/\/feelmypaint.com\/it\/informativa-sulla-privacy\/#breadcrumb"},"inLanguage":"it-IT","potentialAction":[{"@type":"ReadAction","target":["https:\/\/feelmypaint.com\/it\/informativa-sulla-privacy\/"]}]},{"@type":"BreadcrumbList","@id":"https:\/\/feelmypaint.com\/it\/informativa-sulla-privacy\/#breadcrumb","itemListElement":[{"@type":"ListItem","position":1,"name":"Strona g\u0142\u00f3wna","item":"https:\/\/feelmypaint.com\/it\/"},{"@type":"ListItem","position":2,"name":"Informativa sulla privacy"}]},{"@type":"WebSite","@id":"https:\/\/feelmypaint.com\/it\/#website","url":"https:\/\/feelmypaint.com\/it\/","name":"FeelMyPaint - producent farb artystycznych","description":"","potentialAction":[{"@type":"SearchAction","target":{"@type":"EntryPoint","urlTemplate":"https:\/\/feelmypaint.com\/it\/?s={search_term_string}"},"query-input":{"@type":"PropertyValueSpecification","valueRequired":true,"valueName":"search_term_string"}}],"inLanguage":"it-IT"}]}},"_links":{"self":[{"href":"https:\/\/feelmypaint.com\/it\/wp-json\/wp\/v2\/pages\/2927","targetHints":{"allow":["GET"]}}],"collection":[{"href":"https:\/\/feelmypaint.com\/it\/wp-json\/wp\/v2\/pages"}],"about":[{"href":"https:\/\/feelmypaint.com\/it\/wp-json\/wp\/v2\/types\/page"}],"author":[{"embeddable":true,"href":"https:\/\/feelmypaint.com\/it\/wp-json\/wp\/v2\/users\/1"}],"replies":[{"embeddable":true,"href":"https:\/\/feelmypaint.com\/it\/wp-json\/wp\/v2\/comments?post=2927"}],"version-history":[{"count":1,"href":"https:\/\/feelmypaint.com\/it\/wp-json\/wp\/v2\/pages\/2927\/revisions"}],"predecessor-version":[{"id":2928,"href":"https:\/\/feelmypaint.com\/it\/wp-json\/wp\/v2\/pages\/2927\/revisions\/2928"}],"wp:attachment":[{"href":"https:\/\/feelmypaint.com\/it\/wp-json\/wp\/v2\/media?parent=2927"}],"curies":[{"name":"wp","href":"https:\/\/api.w.org\/{rel}","templated":true}]}}