{"id":2554,"date":"2023-11-19T21:53:34","date_gmt":"2023-11-19T20:53:34","guid":{"rendered":"https:\/\/feelmypaint.com\/ako\/"},"modified":"2025-07-30T10:22:25","modified_gmt":"2025-07-30T09:22:25","slug":"ako","status":"publish","type":"page","link":"https:\/\/feelmypaint.com\/sk\/ako\/","title":{"rendered":"ako"},"content":{"rendered":"\t\t<div data-elementor-type=\"wp-page\" data-elementor-id=\"2554\" class=\"elementor elementor-2554 elementor-160\" data-elementor-post-type=\"page\">\n\t\t\t\t<div class=\"elementor-element elementor-element-5772526 e-con-full e-flex e-con e-parent\" data-id=\"5772526\" data-element_type=\"container\" data-settings=\"{&quot;background_background&quot;:&quot;classic&quot;}\">\n\t\t<div class=\"elementor-element elementor-element-9c02133 e-con-full e-flex e-con e-child\" data-id=\"9c02133\" data-element_type=\"container\">\n\t\t<div class=\"elementor-element elementor-element-5014360 e-flex e-con-boxed e-con e-child\" data-id=\"5014360\" data-element_type=\"container\">\n\t\t\t\t\t<div class=\"e-con-inner\">\n\t\t\t\t<div class=\"elementor-element elementor-element-e2dfb06 elementor-widget elementor-widget-text-editor\" data-id=\"e2dfb06\" data-element_type=\"widget\" data-widget_type=\"text-editor.default\">\n\t\t\t\t<div class=\"elementor-widget-container\">\n\t\t\t\t\t\t\t\t\t<p style=\"text-align: left;\"><strong>AKO<\/strong><\/p>\n\t\t\t\t\t\t\t\t<\/div>\n\t\t\t\t<\/div>\n\t\t\t\t\t<\/div>\n\t\t\t\t<\/div>\n\t\t\t\t<div class=\"elementor-element elementor-element-3e5ae3a elementor-widget elementor-widget-text-editor\" data-id=\"3e5ae3a\" data-element_type=\"widget\" data-widget_type=\"text-editor.default\">\n\t\t\t\t<div class=\"elementor-widget-container\">\n\t\t\t\t\t\t\t\t\t<h1 style=\"text-align: left;\"><strong>Ako to rob\u00edme?<\/strong><\/h1>\n<p style=\"text-align: left;\">Proces v\u00fdroby na\u0161ich akrylov\u00fdch farieb je kombin\u00e1ciou presnosti, sk\u00fasenost\u00ed a ru\u010dn\u00e9ho doh\u013eadu v ka\u017edej f\u00e1ze. V\u0161etko sa deje v na\u0161om ateli\u00e9ri v Krakove &#8211; krok za krokom: <\/p>\n\t\t\t\t\t\t\t\t<\/div>\n\t\t\t\t<\/div>\n\t\t\t\t<\/div>\n\t\t\t\t<\/div>\n\t\t<div class=\"elementor-element elementor-element-a3da2f7 e-con-full e-flex e-con e-parent\" data-id=\"a3da2f7\" data-element_type=\"container\" data-settings=\"{&quot;background_background&quot;:&quot;classic&quot;}\">\n\t\t<div class=\"elementor-element elementor-element-6a177ab e-con-full e-flex e-con e-child\" data-id=\"6a177ab\" data-element_type=\"container\">\n\t\t\t\t<div class=\"elementor-element elementor-element-0b1017f elementor-widget__width-initial elementor-widget elementor-widget-image\" data-id=\"0b1017f\" data-element_type=\"widget\" data-widget_type=\"image.default\">\n\t\t\t\t<div class=\"elementor-widget-container\">\n\t\t\t\t\t\t\t\t\t\t\t\t\t\t\t<img fetchpriority=\"high\" decoding=\"async\" width=\"505\" height=\"419\" src=\"https:\/\/feelmypaint.com\/wp-content\/uploads\/2024\/02\/Capture.png\" class=\"attachment-large size-large wp-image-2559\" alt=\"\" srcset=\"https:\/\/feelmypaint.com\/wp-content\/uploads\/2024\/02\/Capture.png 505w, https:\/\/feelmypaint.com\/wp-content\/uploads\/2024\/02\/Capture-300x249.png 300w\" sizes=\"(max-width: 505px) 100vw, 505px\" \/>\t\t\t\t\t\t\t\t\t\t\t\t\t\t\t<\/div>\n\t\t\t\t<\/div>\n\t\t\t\t<\/div>\n\t\t<div class=\"elementor-element elementor-element-7de7756 e-con-full e-flex e-con e-child\" data-id=\"7de7756\" data-element_type=\"container\">\n\t\t\t\t<div class=\"elementor-element elementor-element-7d3c322 elementor-widget elementor-widget-text-editor\" data-id=\"7d3c322\" data-element_type=\"widget\" data-widget_type=\"text-editor.default\">\n\t\t\t\t<div class=\"elementor-widget-container\">\n\t\t\t\t\t\t\t\t\t<h1>PRV\u00c1 ETAPA<\/h1>\n\t\t\t\t\t\t\t\t<\/div>\n\t\t\t\t<\/div>\n\t\t\t\t<div class=\"elementor-element elementor-element-a741762 elementor-widget__width-initial elementor-widget elementor-widget-text-editor\" data-id=\"a741762\" data-element_type=\"widget\" data-widget_type=\"text-editor.default\">\n\t\t\t\t<div class=\"elementor-widget-container\">\n\t\t\t\t\t\t\t\t\t<p data-start=\"691\" data-end=\"826\">Za\u010d\u00edname pr\u00edpravou k\u013e\u00fa\u010dov\u00fdch zlo\u017eiek:<br data-start=\"740\" data-end=\"743\">\u2714 akrylov\u00e1 disperzia,<br data-start=\"781\" data-end=\"784\">\u2714 pigmenty,<br data-start=\"796\" data-end=\"799\">\u2714 plniv\u00e1 a pr\u00edsady.<\/p>\n<p data-start=\"828\" data-end=\"912\">Ka\u017ed\u00e1 zlo\u017eka sa presne v\u00e1\u017ei, aby sa zachovala opakovate\u013enos\u0165 recept\u00fary a kvalita.<\/p>\n\t\t\t\t\t\t\t\t<\/div>\n\t\t\t\t<\/div>\n\t\t\t\t<\/div>\n\t\t\t\t<\/div>\n\t\t<div class=\"elementor-element elementor-element-fd65b94 e-con-full e-flex e-con e-parent\" data-id=\"fd65b94\" data-element_type=\"container\" data-settings=\"{&quot;background_background&quot;:&quot;classic&quot;}\">\n\t\t<div class=\"elementor-element elementor-element-ca5a861 e-con-full e-flex e-con e-child\" data-id=\"ca5a861\" data-element_type=\"container\">\n\t\t\t\t<div class=\"elementor-element elementor-element-37af32a elementor-widget__width-initial elementor-widget elementor-widget-image\" data-id=\"37af32a\" data-element_type=\"widget\" data-widget_type=\"image.default\">\n\t\t\t\t<div class=\"elementor-widget-container\">\n\t\t\t\t\t\t\t\t\t\t\t\t\t\t\t<img decoding=\"async\" width=\"443\" height=\"477\" src=\"https:\/\/feelmypaint.com\/wp-content\/uploads\/2024\/02\/Capture2.webp\" class=\"attachment-large size-large wp-image-2560\" alt=\"\" srcset=\"https:\/\/feelmypaint.com\/wp-content\/uploads\/2024\/02\/Capture2.webp 443w, https:\/\/feelmypaint.com\/wp-content\/uploads\/2024\/02\/Capture2-279x300.webp 279w\" sizes=\"(max-width: 443px) 100vw, 443px\" \/>\t\t\t\t\t\t\t\t\t\t\t\t\t\t\t<\/div>\n\t\t\t\t<\/div>\n\t\t\t\t<\/div>\n\t\t<div class=\"elementor-element elementor-element-c5df6de e-con-full e-flex e-con e-child\" data-id=\"c5df6de\" data-element_type=\"container\">\n\t\t\t\t<div class=\"elementor-element elementor-element-e8fb13e elementor-widget elementor-widget-text-editor\" data-id=\"e8fb13e\" data-element_type=\"widget\" data-widget_type=\"text-editor.default\">\n\t\t\t\t<div class=\"elementor-widget-container\">\n\t\t\t\t\t\t\t\t\t<h1>DRUH\u00c1 ETAPA<\/h1>\n\t\t\t\t\t\t\t\t<\/div>\n\t\t\t\t<\/div>\n\t\t\t\t<div class=\"elementor-element elementor-element-9e13d5b elementor-widget__width-initial elementor-widget elementor-widget-text-editor\" data-id=\"9e13d5b\" data-element_type=\"widget\" data-widget_type=\"text-editor.default\">\n\t\t\t\t<div class=\"elementor-widget-container\">\n\t\t\t\t\t\t\t\t\t<p>Disperziu mie\u0161ame s vodou a pr\u00edsadami, a potom &#8211; pri n\u00edzkej r\u00fdchlosti &#8211; prid\u00e1vame pigment.<br \/>Ide o to, aby ka\u017ed\u00e1 \u010dastica farbiva bola rovnomerne navlh\u010den\u00e1 &#8211; to zaru\u010duje \u010distotu farby a trvanlivos\u0165 efektu.<\/p>\n\t\t\t\t\t\t\t\t<\/div>\n\t\t\t\t<\/div>\n\t\t\t\t<\/div>\n\t\t\t\t<\/div>\n\t\t<div class=\"elementor-element elementor-element-c0771ed e-con-full e-flex e-con e-parent\" data-id=\"c0771ed\" data-element_type=\"container\" data-settings=\"{&quot;background_background&quot;:&quot;classic&quot;}\">\n\t\t<div class=\"elementor-element elementor-element-938dd79 e-con-full e-flex e-con e-child\" data-id=\"938dd79\" data-element_type=\"container\">\n\t\t\t\t<div class=\"elementor-element elementor-element-fa770e5 elementor-widget__width-initial elementor-widget elementor-widget-image\" data-id=\"fa770e5\" data-element_type=\"widget\" data-widget_type=\"image.default\">\n\t\t\t\t<div class=\"elementor-widget-container\">\n\t\t\t\t\t\t\t\t\t\t\t\t\t\t\t<img decoding=\"async\" width=\"411\" height=\"353\" src=\"https:\/\/feelmypaint.com\/wp-content\/uploads\/2024\/02\/Capture3.webp\" class=\"attachment-large size-large wp-image-2561\" alt=\"\" srcset=\"https:\/\/feelmypaint.com\/wp-content\/uploads\/2024\/02\/Capture3.webp 411w, https:\/\/feelmypaint.com\/wp-content\/uploads\/2024\/02\/Capture3-300x258.webp 300w\" sizes=\"(max-width: 411px) 100vw, 411px\" \/>\t\t\t\t\t\t\t\t\t\t\t\t\t\t\t<\/div>\n\t\t\t\t<\/div>\n\t\t\t\t<\/div>\n\t\t<div class=\"elementor-element elementor-element-f52c274 e-con-full e-flex e-con e-child\" data-id=\"f52c274\" data-element_type=\"container\">\n\t\t\t\t<div class=\"elementor-element elementor-element-130fef8 elementor-widget elementor-widget-text-editor\" data-id=\"130fef8\" data-element_type=\"widget\" data-widget_type=\"text-editor.default\">\n\t\t\t\t<div class=\"elementor-widget-container\">\n\t\t\t\t\t\t\t\t\t<h1>TRETIA ETAPA<\/h1>\n\t\t\t\t\t\t\t\t<\/div>\n\t\t\t\t<\/div>\n\t\t\t\t<div class=\"elementor-element elementor-element-10b248d elementor-widget__width-initial elementor-widget elementor-widget-text-editor\" data-id=\"10b248d\" data-element_type=\"widget\" data-widget_type=\"text-editor.default\">\n\t\t\t\t<div class=\"elementor-widget-container\">\n\t\t\t\t\t\t\t\t\t<p data-start=\"1232\" data-end=\"1472\">Zvy\u0161ujeme r\u00fdchlos\u0165 mie\u0161ania, aby sme dosiahli jednotn\u00fa hmotu.<br data-start=\"1290\" data-end=\"1293\">Potom farba prech\u00e1dza trojvalcov\u00fdmi mlynmi, kde sa melie a\u017e do dosiahnutia hladkej, kr\u00e9movej konzistencie. To je ten moment, ke\u010f sa farba st\u00e1va skuto\u010dne pr\u00edjemnou pri pr\u00e1ci. <\/p>\n<p data-start=\"1474\" data-end=\"1591\">Po zomlet\u00ed odober\u00e1me vzorky a vykon\u00e1vame kontrolu kvality &#8211; kontrolujeme viskozitu, farbu, kryciu schopnos\u0165 a stabilitu.<\/p>\n\t\t\t\t\t\t\t\t<\/div>\n\t\t\t\t<\/div>\n\t\t\t\t<\/div>\n\t\t\t\t<\/div>\n\t\t<div class=\"elementor-element elementor-element-4cff758 e-con-full e-flex e-con e-parent\" data-id=\"4cff758\" data-element_type=\"container\" data-settings=\"{&quot;background_background&quot;:&quot;classic&quot;}\">\n\t\t<div class=\"elementor-element elementor-element-c7a1d15 e-con-full e-flex e-con e-child\" data-id=\"c7a1d15\" data-element_type=\"container\">\n\t\t\t\t<div class=\"elementor-element elementor-element-9ac2bac elementor-widget__width-initial elementor-widget elementor-widget-image\" data-id=\"9ac2bac\" data-element_type=\"widget\" data-widget_type=\"image.default\">\n\t\t\t\t<div class=\"elementor-widget-container\">\n\t\t\t\t\t\t\t\t\t\t\t\t\t\t\t<img loading=\"lazy\" decoding=\"async\" width=\"423\" height=\"463\" src=\"https:\/\/feelmypaint.com\/wp-content\/uploads\/2024\/02\/Capture4.webp\" class=\"attachment-large size-large wp-image-2562\" alt=\"\" srcset=\"https:\/\/feelmypaint.com\/wp-content\/uploads\/2024\/02\/Capture4.webp 423w, https:\/\/feelmypaint.com\/wp-content\/uploads\/2024\/02\/Capture4-274x300.webp 274w\" sizes=\"(max-width: 423px) 100vw, 423px\" \/>\t\t\t\t\t\t\t\t\t\t\t\t\t\t\t<\/div>\n\t\t\t\t<\/div>\n\t\t\t\t<\/div>\n\t\t<div class=\"elementor-element elementor-element-34abc17 e-con-full e-flex e-con e-child\" data-id=\"34abc17\" data-element_type=\"container\">\n\t\t\t\t<div class=\"elementor-element elementor-element-7b1d906 elementor-widget elementor-widget-text-editor\" data-id=\"7b1d906\" data-element_type=\"widget\" data-widget_type=\"text-editor.default\">\n\t\t\t\t<div class=\"elementor-widget-container\">\n\t\t\t\t\t\t\t\t\t<h1>\u0160TVRT\u00c1 ETAPA<\/h1>\n\t\t\t\t\t\t\t\t<\/div>\n\t\t\t\t<\/div>\n\t\t\t\t<div class=\"elementor-element elementor-element-3904b40 elementor-widget__width-initial elementor-widget elementor-widget-text-editor\" data-id=\"3904b40\" data-element_type=\"widget\" data-widget_type=\"text-editor.default\">\n\t\t\t\t<div class=\"elementor-widget-container\">\n\t\t\t\t\t\t\t\t\t<p>Iba farby, ktor\u00e9 pre\u0161li kontrolou kvality, sa plnia do t\u00fab a poh\u00e1rov.<br data-start=\"1695\" data-end=\"1698\">Uzatv\u00e1rame ich hermeticky, aby boli pripraven\u00e9 na odoslanie &#8211; \u010derstv\u00e9, \u010dist\u00e9 a pripraven\u00e9 na ma\u013eovanie.<\/p>\n<\/p>\n<p>Ka\u017ed\u00e1 d\u00e1vka farby sa vyr\u00e1ba s starostlivos\u0165ou a kontrolou &#8211; nie hromadne, ale v premyslen\u00fdch, mal\u00fdch s\u00e9ri\u00e1ch.<br data-start=\"1907\" data-end=\"1910\">V\u010faka tomu si m\u00f4\u017eete by\u0165 ist\u00ed, \u017ee tuba, ktor\u00fa dr\u017e\u00edte v ruke, bola naozaj &#8218;pod doh\u013eadom&#8216; od za\u010diatku a\u017e do konca.<\/p>\n\t\t\t\t\t\t\t\t<\/div>\n\t\t\t\t<\/div>\n\t\t\t\t<\/div>\n\t\t\t\t<\/div>\n\t\t<div class=\"elementor-element elementor-element-5f2c290 e-flex e-con-boxed e-con e-parent\" data-id=\"5f2c290\" data-element_type=\"container\">\n\t\t\t\t\t<div class=\"e-con-inner\">\n\t\t\t\t\t<\/div>\n\t\t\t\t<\/div>\n\t\t<div class=\"elementor-element elementor-element-965b67a e-flex e-con-boxed e-con e-parent\" data-id=\"965b67a\" data-element_type=\"container\">\n\t\t\t\t\t<div class=\"e-con-inner\">\n\t\t\t\t\t<\/div>\n\t\t\t\t<\/div>\n\t\t\t\t<\/div>\n\t\t","protected":false},"excerpt":{"rendered":"<p>AKO Ako to rob\u00edme? Proces v\u00fdroby na\u0161ich akrylov\u00fdch farieb je kombin\u00e1ciou presnosti, sk\u00fasenost\u00ed a ru\u010dn\u00e9ho doh\u013eadu v ka\u017edej f\u00e1ze. V\u0161etko sa deje v na\u0161om ateli\u00e9ri v Krakove &#8211; krok za krokom: PRV\u00c1 ETAPA Za\u010d\u00edname pr\u00edpravou k\u013e\u00fa\u010dov\u00fdch zlo\u017eiek:\u2714 akrylov\u00e1 disperzia,\u2714 pigmenty,\u2714 plniv\u00e1 a pr\u00edsady. Ka\u017ed\u00e1 zlo\u017eka sa presne v\u00e1\u017ei, aby sa zachovala opakovate\u013enos\u0165 recept\u00fary a kvalita. [&hellip;]<\/p>\n","protected":false},"author":1,"featured_media":0,"parent":0,"menu_order":0,"comment_status":"closed","ping_status":"closed","template":"","meta":{"footnotes":""},"class_list":["post-2554","page","type-page","status-publish","hentry"],"yoast_head":"<!-- This site is optimized with the Yoast SEO plugin v26.5 - https:\/\/yoast.com\/wordpress\/plugins\/seo\/ -->\n<title>ako - FeelMyPaint<\/title>\n<meta name=\"robots\" content=\"index, follow, max-snippet:-1, max-image-preview:large, max-video-preview:-1\" \/>\n<link rel=\"canonical\" href=\"https:\/\/feelmypaint.com\/sk\/ako\/\" \/>\n<meta property=\"og:locale\" content=\"sk_SK\" \/>\n<meta property=\"og:type\" content=\"article\" \/>\n<meta property=\"og:title\" content=\"ako - FeelMyPaint\" \/>\n<meta property=\"og:description\" content=\"AKO Ako to rob\u00edme? Proces v\u00fdroby na\u0161ich akrylov\u00fdch farieb je kombin\u00e1ciou presnosti, sk\u00fasenost\u00ed a ru\u010dn\u00e9ho doh\u013eadu v ka\u017edej f\u00e1ze. V\u0161etko sa deje v na\u0161om ateli\u00e9ri v Krakove &#8211; krok za krokom: PRV\u00c1 ETAPA Za\u010d\u00edname pr\u00edpravou k\u013e\u00fa\u010dov\u00fdch zlo\u017eiek:\u2714 akrylov\u00e1 disperzia,\u2714 pigmenty,\u2714 plniv\u00e1 a pr\u00edsady. Ka\u017ed\u00e1 zlo\u017eka sa presne v\u00e1\u017ei, aby sa zachovala opakovate\u013enos\u0165 recept\u00fary a kvalita. [&hellip;]\" \/>\n<meta property=\"og:url\" content=\"https:\/\/feelmypaint.com\/sk\/ako\/\" \/>\n<meta property=\"og:site_name\" content=\"FeelMyPaint\" \/>\n<meta property=\"article:publisher\" content=\"https:\/\/www.facebook.com\/feelmypaintpl\" \/>\n<meta property=\"article:modified_time\" content=\"2025-07-30T09:22:25+00:00\" \/>\n<meta property=\"og:image\" content=\"https:\/\/feelmypaint.com\/wp-content\/uploads\/2024\/02\/Capture.png\" \/>\n\t<meta property=\"og:image:width\" content=\"505\" \/>\n\t<meta property=\"og:image:height\" content=\"419\" \/>\n\t<meta property=\"og:image:type\" content=\"image\/png\" \/>\n<meta name=\"twitter:card\" content=\"summary_large_image\" \/>\n<meta name=\"twitter:label1\" content=\"Predpokladan\u00fd \u010das \u010d\u00edtania\" \/>\n\t<meta name=\"twitter:data1\" content=\"1 min\u00fata\" \/>\n<script type=\"application\/ld+json\" class=\"yoast-schema-graph\">{\"@context\":\"https:\/\/schema.org\",\"@graph\":[{\"@type\":\"WebPage\",\"@id\":\"https:\/\/feelmypaint.com\/sk\/ako\/\",\"url\":\"https:\/\/feelmypaint.com\/sk\/ako\/\",\"name\":\"ako - FeelMyPaint\",\"isPartOf\":{\"@id\":\"https:\/\/feelmypaint.com\/sk\/#website\"},\"primaryImageOfPage\":{\"@id\":\"https:\/\/feelmypaint.com\/sk\/ako\/#primaryimage\"},\"image\":{\"@id\":\"https:\/\/feelmypaint.com\/sk\/ako\/#primaryimage\"},\"thumbnailUrl\":\"https:\/\/feelmypaint.com\/wp-content\/uploads\/2024\/02\/Capture.png\",\"datePublished\":\"2023-11-19T20:53:34+00:00\",\"dateModified\":\"2025-07-30T09:22:25+00:00\",\"breadcrumb\":{\"@id\":\"https:\/\/feelmypaint.com\/sk\/ako\/#breadcrumb\"},\"inLanguage\":\"sk-SK\",\"potentialAction\":[{\"@type\":\"ReadAction\",\"target\":[\"https:\/\/feelmypaint.com\/sk\/ako\/\"]}]},{\"@type\":\"ImageObject\",\"inLanguage\":\"sk-SK\",\"@id\":\"https:\/\/feelmypaint.com\/sk\/ako\/#primaryimage\",\"url\":\"https:\/\/feelmypaint.com\/wp-content\/uploads\/2024\/02\/Capture.png\",\"contentUrl\":\"https:\/\/feelmypaint.com\/wp-content\/uploads\/2024\/02\/Capture.png\"},{\"@type\":\"BreadcrumbList\",\"@id\":\"https:\/\/feelmypaint.com\/sk\/ako\/#breadcrumb\",\"itemListElement\":[{\"@type\":\"ListItem\",\"position\":1,\"name\":\"Strona g\u0142\u00f3wna\",\"item\":\"https:\/\/feelmypaint.com\/sk\/\"},{\"@type\":\"ListItem\",\"position\":2,\"name\":\"ako\"}]},{\"@type\":\"WebSite\",\"@id\":\"https:\/\/feelmypaint.com\/sk\/#website\",\"url\":\"https:\/\/feelmypaint.com\/sk\/\",\"name\":\"FeelMyPaint - producent farb artystycznych\",\"description\":\"\",\"potentialAction\":[{\"@type\":\"SearchAction\",\"target\":{\"@type\":\"EntryPoint\",\"urlTemplate\":\"https:\/\/feelmypaint.com\/sk\/?s={search_term_string}\"},\"query-input\":{\"@type\":\"PropertyValueSpecification\",\"valueRequired\":true,\"valueName\":\"search_term_string\"}}],\"inLanguage\":\"sk-SK\"}]}<\/script>\n<!-- \/ Yoast SEO plugin. -->","yoast_head_json":{"title":"ako - FeelMyPaint","robots":{"index":"index","follow":"follow","max-snippet":"max-snippet:-1","max-image-preview":"max-image-preview:large","max-video-preview":"max-video-preview:-1"},"canonical":"https:\/\/feelmypaint.com\/sk\/ako\/","og_locale":"sk_SK","og_type":"article","og_title":"ako - FeelMyPaint","og_description":"AKO Ako to rob\u00edme? Proces v\u00fdroby na\u0161ich akrylov\u00fdch farieb je kombin\u00e1ciou presnosti, sk\u00fasenost\u00ed a ru\u010dn\u00e9ho doh\u013eadu v ka\u017edej f\u00e1ze. V\u0161etko sa deje v na\u0161om ateli\u00e9ri v Krakove &#8211; krok za krokom: PRV\u00c1 ETAPA Za\u010d\u00edname pr\u00edpravou k\u013e\u00fa\u010dov\u00fdch zlo\u017eiek:\u2714 akrylov\u00e1 disperzia,\u2714 pigmenty,\u2714 plniv\u00e1 a pr\u00edsady. Ka\u017ed\u00e1 zlo\u017eka sa presne v\u00e1\u017ei, aby sa zachovala opakovate\u013enos\u0165 recept\u00fary a kvalita. [&hellip;]","og_url":"https:\/\/feelmypaint.com\/sk\/ako\/","og_site_name":"FeelMyPaint","article_publisher":"https:\/\/www.facebook.com\/feelmypaintpl","article_modified_time":"2025-07-30T09:22:25+00:00","og_image":[{"width":505,"height":419,"url":"https:\/\/feelmypaint.com\/wp-content\/uploads\/2024\/02\/Capture.png","type":"image\/png"}],"twitter_card":"summary_large_image","twitter_misc":{"Predpokladan\u00fd \u010das \u010d\u00edtania":"1 min\u00fata"},"schema":{"@context":"https:\/\/schema.org","@graph":[{"@type":"WebPage","@id":"https:\/\/feelmypaint.com\/sk\/ako\/","url":"https:\/\/feelmypaint.com\/sk\/ako\/","name":"ako - FeelMyPaint","isPartOf":{"@id":"https:\/\/feelmypaint.com\/sk\/#website"},"primaryImageOfPage":{"@id":"https:\/\/feelmypaint.com\/sk\/ako\/#primaryimage"},"image":{"@id":"https:\/\/feelmypaint.com\/sk\/ako\/#primaryimage"},"thumbnailUrl":"https:\/\/feelmypaint.com\/wp-content\/uploads\/2024\/02\/Capture.png","datePublished":"2023-11-19T20:53:34+00:00","dateModified":"2025-07-30T09:22:25+00:00","breadcrumb":{"@id":"https:\/\/feelmypaint.com\/sk\/ako\/#breadcrumb"},"inLanguage":"sk-SK","potentialAction":[{"@type":"ReadAction","target":["https:\/\/feelmypaint.com\/sk\/ako\/"]}]},{"@type":"ImageObject","inLanguage":"sk-SK","@id":"https:\/\/feelmypaint.com\/sk\/ako\/#primaryimage","url":"https:\/\/feelmypaint.com\/wp-content\/uploads\/2024\/02\/Capture.png","contentUrl":"https:\/\/feelmypaint.com\/wp-content\/uploads\/2024\/02\/Capture.png"},{"@type":"BreadcrumbList","@id":"https:\/\/feelmypaint.com\/sk\/ako\/#breadcrumb","itemListElement":[{"@type":"ListItem","position":1,"name":"Strona g\u0142\u00f3wna","item":"https:\/\/feelmypaint.com\/sk\/"},{"@type":"ListItem","position":2,"name":"ako"}]},{"@type":"WebSite","@id":"https:\/\/feelmypaint.com\/sk\/#website","url":"https:\/\/feelmypaint.com\/sk\/","name":"FeelMyPaint - producent farb artystycznych","description":"","potentialAction":[{"@type":"SearchAction","target":{"@type":"EntryPoint","urlTemplate":"https:\/\/feelmypaint.com\/sk\/?s={search_term_string}"},"query-input":{"@type":"PropertyValueSpecification","valueRequired":true,"valueName":"search_term_string"}}],"inLanguage":"sk-SK"}]}},"_links":{"self":[{"href":"https:\/\/feelmypaint.com\/sk\/wp-json\/wp\/v2\/pages\/2554","targetHints":{"allow":["GET"]}}],"collection":[{"href":"https:\/\/feelmypaint.com\/sk\/wp-json\/wp\/v2\/pages"}],"about":[{"href":"https:\/\/feelmypaint.com\/sk\/wp-json\/wp\/v2\/types\/page"}],"author":[{"embeddable":true,"href":"https:\/\/feelmypaint.com\/sk\/wp-json\/wp\/v2\/users\/1"}],"replies":[{"embeddable":true,"href":"https:\/\/feelmypaint.com\/sk\/wp-json\/wp\/v2\/comments?post=2554"}],"version-history":[{"count":3,"href":"https:\/\/feelmypaint.com\/sk\/wp-json\/wp\/v2\/pages\/2554\/revisions"}],"predecessor-version":[{"id":3166,"href":"https:\/\/feelmypaint.com\/sk\/wp-json\/wp\/v2\/pages\/2554\/revisions\/3166"}],"wp:attachment":[{"href":"https:\/\/feelmypaint.com\/sk\/wp-json\/wp\/v2\/media?parent=2554"}],"curies":[{"name":"wp","href":"https:\/\/api.w.org\/{rel}","templated":true}]}}