{"id":2568,"date":"2023-11-20T18:43:38","date_gmt":"2023-11-20T17:43:38","guid":{"rendered":"https:\/\/feelmypaint.com\/o-spolocnosti\/"},"modified":"2025-07-22T14:22:55","modified_gmt":"2025-07-22T13:22:55","slug":"o-spolocnosti","status":"publish","type":"page","link":"https:\/\/feelmypaint.com\/sk\/o-spolocnosti\/","title":{"rendered":"o spolo\u010dnosti"},"content":{"rendered":"\t\t<div data-elementor-type=\"wp-page\" data-elementor-id=\"2568\" class=\"elementor elementor-2568 elementor-346\" data-elementor-post-type=\"page\">\n\t\t\t\t<div class=\"elementor-element elementor-element-a05dc97 e-flex e-con-boxed e-con e-parent\" data-id=\"a05dc97\" data-element_type=\"container\" data-settings=\"{&quot;background_background&quot;:&quot;classic&quot;}\">\n\t\t\t\t\t<div class=\"e-con-inner\">\n\t\t\t\t<div class=\"elementor-element elementor-element-b517f20 elementor-widget elementor-widget-text-editor\" data-id=\"b517f20\" data-element_type=\"widget\" data-widget_type=\"text-editor.default\">\n\t\t\t\t<div class=\"elementor-widget-container\">\n\t\t\t\t\t\t\t\t\t<p><strong>O<\/strong><\/p>\n\t\t\t\t\t\t\t\t<\/div>\n\t\t\t\t<\/div>\n\t\t\t\t\t<\/div>\n\t\t\t\t<\/div>\n\t\t<div class=\"elementor-element elementor-element-5b9d5b9 e-flex e-con-boxed e-con e-parent\" data-id=\"5b9d5b9\" data-element_type=\"container\" data-settings=\"{&quot;background_background&quot;:&quot;classic&quot;}\">\n\t\t\t\t\t<div class=\"e-con-inner\">\n\t\t<div class=\"elementor-element elementor-element-fb71b5b e-con-full e-flex e-con e-child\" data-id=\"fb71b5b\" data-element_type=\"container\">\n\t\t\t\t<div class=\"elementor-element elementor-element-dc37507 elementor-widget elementor-widget-image\" data-id=\"dc37507\" data-element_type=\"widget\" data-widget_type=\"image.default\">\n\t\t\t\t<div class=\"elementor-widget-container\">\n\t\t\t\t\t\t\t\t\t\t\t\t\t\t\t<img decoding=\"async\" width=\"196\" height=\"85\" src=\"https:\/\/feelmypaint.com\/wp-content\/uploads\/2023\/11\/FMP_logo_black-2.png\" class=\"attachment-large size-large wp-image-2569\" alt=\"\" \/>\t\t\t\t\t\t\t\t\t\t\t\t\t\t\t<\/div>\n\t\t\t\t<\/div>\n\t\t\t\t<\/div>\n\t\t<div class=\"elementor-element elementor-element-a86dbb5 e-con-full e-flex e-con e-child\" data-id=\"a86dbb5\" data-element_type=\"container\">\n\t\t\t\t<div class=\"elementor-element elementor-element-d3c8583 elementor-widget elementor-widget-text-editor\" data-id=\"d3c8583\" data-element_type=\"widget\" data-widget_type=\"text-editor.default\">\n\t\t\t\t<div class=\"elementor-widget-container\">\n\t\t\t\t\t\t\t\t\t<p data-start=\"218\" data-end=\"511\"><strong data-start=\"218\" data-end=\"296\">FeelMyPaint je rodinn\u00e1 manufakt\u00fara akrylov\u00fdch farieb so s\u00eddlom v Krakove.<\/strong><\/p>\n<p data-start=\"218\" data-end=\"511\">Od roku 2022 s v\u00e1\u0161\u0148ou vytv\u00e1rame vysokokvalitn\u00e9 farby, ktor\u00e9 sp\u00e1jaj\u00fa umeleck\u00fa slobodu s technologickou presnos\u0165ou. V\u00fdroba v mal\u00fdch d\u00e1vkach n\u00e1m umo\u017e\u0148uje zachova\u0165 \u010derstvos\u0165 a pln\u00fa kontrolu nad kvalitou ka\u017edej s\u00e9rie.<\/p>\n<p data-start=\"513\" data-end=\"767\">Na\u0161ou misiou je dod\u00e1va\u0165 \u010derstv\u00e9, bezpe\u010dn\u00e9 a in\u0161piruj\u00face farby pre cel\u00fa Eur\u00f3pu \u2014 pre profesion\u00e1lov aj hobby umelcov. Preto na\u0161e produkty vytv\u00e1rame v\u00fdlu\u010dne z vysokokvalitn\u00fdch pigmentov a 100% akrylovej disperzie \u2014 bez kompromisov.<\/p>\n<h4 data-start=\"769\" data-end=\"790\">\u010co n\u00e1s odli\u0161uje?<\/h4>\n<ul data-start=\"792\" data-end=\"1469\">\n<li data-start=\"792\" data-end=\"905\">\n<p data-start=\"794\" data-end=\"905\"><strong data-start=\"794\" data-end=\"815\">V\u00fdrazn\u00e9 farby:<\/strong> farby sa vyzna\u010duj\u00fa vysokou intenzitou, svetlost\u00e1los\u0165ou a \u013eahkos\u0165ou mie\u0161ania.<\/p>\n<\/li>\n<li data-start=\"906\" data-end=\"1081\">\n<p data-start=\"908\" data-end=\"1081\"><strong data-start=\"908\" data-end=\"933\">Dve produktov\u00e9 l\u00ednie:<\/strong><br data-start=\"933\" data-end=\"936\">\u2022 tuby 120 ml \u2013 21 farieb pre individu\u00e1lnych tvorcov,<br data-start=\"993\" data-end=\"996\">\u2022 n\u00e1doby 500 ml \u2013 10 univerz\u00e1lnych odtie\u0148ov ide\u00e1lnych pre ateli\u00e9ry, \u0161koly a \u0161t\u00fadi\u00e1.<\/p>\n<\/li>\n<li data-start=\"1082\" data-end=\"1183\">\n<p data-start=\"1084\" data-end=\"1183\"><strong data-start=\"1084\" data-end=\"1108\">Reakcia na trendy:<\/strong> neust\u00e1le roz\u0161irujeme na\u0161u paletu, sleduj\u00fac potreby umelcov a kreat\u00edvneho priemyslu.<\/p>\n<\/li>\n<li data-start=\"1184\" data-end=\"1296\">\n<p data-start=\"1186\" data-end=\"1296\"><strong data-start=\"1186\" data-end=\"1205\">Bezpe\u010dnos\u0165:<\/strong> sme v procese certifik\u00e1cie EN 71\u20113, ktor\u00e1 potvrdzuje s\u00falad s eur\u00f3pskymi normami.<\/p>\n<\/li>\n<li data-start=\"1297\" data-end=\"1469\">\n<p data-start=\"1299\" data-end=\"1469\"><strong data-start=\"1299\" data-end=\"1328\">Bl\u00edzkos\u0165 k pou\u017e\u00edvate\u013eom:<\/strong> ka\u017ed\u00fd mesiac rozd\u00e1vame tis\u00edce vzoriek na\u0161im partnerom a z\u00e1kazn\u00edkom v celej Eur\u00f3pe \u2014 preto\u017ee ver\u00edme, \u017ee farby treba c\u00edti\u0165, ne\u017e si ich zamilujete.<\/p>\n<\/li>\n<\/ul>\n\t\t\t\t\t\t\t\t<\/div>\n\t\t\t\t<\/div>\n\t\t\t\t<\/div>\n\t\t\t\t\t<\/div>\n\t\t\t\t<\/div>\n\t\t\t\t<\/div>\n\t\t","protected":false},"excerpt":{"rendered":"<p>O FeelMyPaint je rodinn\u00e1 manufakt\u00fara akrylov\u00fdch farieb so s\u00eddlom v Krakove. Od roku 2022 s v\u00e1\u0161\u0148ou vytv\u00e1rame vysokokvalitn\u00e9 farby, ktor\u00e9 sp\u00e1jaj\u00fa umeleck\u00fa slobodu s technologickou presnos\u0165ou. V\u00fdroba v mal\u00fdch d\u00e1vkach n\u00e1m umo\u017e\u0148uje zachova\u0165 \u010derstvos\u0165 a pln\u00fa kontrolu nad kvalitou ka\u017edej s\u00e9rie. Na\u0161ou misiou je dod\u00e1va\u0165 \u010derstv\u00e9, bezpe\u010dn\u00e9 a in\u0161piruj\u00face farby pre cel\u00fa Eur\u00f3pu \u2014 pre [&hellip;]<\/p>\n","protected":false},"author":1,"featured_media":0,"parent":0,"menu_order":0,"comment_status":"closed","ping_status":"closed","template":"","meta":{"footnotes":""},"class_list":["post-2568","page","type-page","status-publish","hentry"],"yoast_head":"<!-- This site is optimized with the Yoast SEO plugin v26.5 - https:\/\/yoast.com\/wordpress\/plugins\/seo\/ -->\n<title>o spolo\u010dnosti - FeelMyPaint<\/title>\n<meta name=\"robots\" content=\"index, follow, max-snippet:-1, max-image-preview:large, max-video-preview:-1\" \/>\n<link rel=\"canonical\" href=\"https:\/\/feelmypaint.com\/sk\/o-spolocnosti\/\" \/>\n<meta property=\"og:locale\" content=\"sk_SK\" \/>\n<meta property=\"og:type\" content=\"article\" \/>\n<meta property=\"og:title\" content=\"o spolo\u010dnosti - FeelMyPaint\" \/>\n<meta property=\"og:description\" content=\"O FeelMyPaint je rodinn\u00e1 manufakt\u00fara akrylov\u00fdch farieb so s\u00eddlom v Krakove. Od roku 2022 s v\u00e1\u0161\u0148ou vytv\u00e1rame vysokokvalitn\u00e9 farby, ktor\u00e9 sp\u00e1jaj\u00fa umeleck\u00fa slobodu s technologickou presnos\u0165ou. V\u00fdroba v mal\u00fdch d\u00e1vkach n\u00e1m umo\u017e\u0148uje zachova\u0165 \u010derstvos\u0165 a pln\u00fa kontrolu nad kvalitou ka\u017edej s\u00e9rie. Na\u0161ou misiou je dod\u00e1va\u0165 \u010derstv\u00e9, bezpe\u010dn\u00e9 a in\u0161piruj\u00face farby pre cel\u00fa Eur\u00f3pu \u2014 pre [&hellip;]\" \/>\n<meta property=\"og:url\" content=\"https:\/\/feelmypaint.com\/sk\/o-spolocnosti\/\" \/>\n<meta property=\"og:site_name\" content=\"FeelMyPaint\" \/>\n<meta property=\"article:publisher\" content=\"https:\/\/www.facebook.com\/feelmypaintpl\" \/>\n<meta property=\"article:modified_time\" content=\"2025-07-22T13:22:55+00:00\" \/>\n<meta property=\"og:image\" content=\"https:\/\/feelmypaint.com\/wp-content\/uploads\/2023\/11\/FMP_logo_black-2.png\" \/>\n\t<meta property=\"og:image:width\" content=\"196\" \/>\n\t<meta property=\"og:image:height\" content=\"85\" \/>\n\t<meta property=\"og:image:type\" content=\"image\/png\" \/>\n<meta name=\"twitter:card\" content=\"summary_large_image\" \/>\n<meta name=\"twitter:label1\" content=\"Predpokladan\u00fd \u010das \u010d\u00edtania\" \/>\n\t<meta name=\"twitter:data1\" content=\"1 min\u00fata\" \/>\n<script type=\"application\/ld+json\" class=\"yoast-schema-graph\">{\"@context\":\"https:\/\/schema.org\",\"@graph\":[{\"@type\":\"WebPage\",\"@id\":\"https:\/\/feelmypaint.com\/sk\/o-spolocnosti\/\",\"url\":\"https:\/\/feelmypaint.com\/sk\/o-spolocnosti\/\",\"name\":\"o spolo\u010dnosti - FeelMyPaint\",\"isPartOf\":{\"@id\":\"https:\/\/feelmypaint.com\/sk\/#website\"},\"primaryImageOfPage\":{\"@id\":\"https:\/\/feelmypaint.com\/sk\/o-spolocnosti\/#primaryimage\"},\"image\":{\"@id\":\"https:\/\/feelmypaint.com\/sk\/o-spolocnosti\/#primaryimage\"},\"thumbnailUrl\":\"https:\/\/feelmypaint.com\/wp-content\/uploads\/2023\/11\/FMP_logo_black-2.png\",\"datePublished\":\"2023-11-20T17:43:38+00:00\",\"dateModified\":\"2025-07-22T13:22:55+00:00\",\"breadcrumb\":{\"@id\":\"https:\/\/feelmypaint.com\/sk\/o-spolocnosti\/#breadcrumb\"},\"inLanguage\":\"sk-SK\",\"potentialAction\":[{\"@type\":\"ReadAction\",\"target\":[\"https:\/\/feelmypaint.com\/sk\/o-spolocnosti\/\"]}]},{\"@type\":\"ImageObject\",\"inLanguage\":\"sk-SK\",\"@id\":\"https:\/\/feelmypaint.com\/sk\/o-spolocnosti\/#primaryimage\",\"url\":\"https:\/\/feelmypaint.com\/wp-content\/uploads\/2023\/11\/FMP_logo_black-2.png\",\"contentUrl\":\"https:\/\/feelmypaint.com\/wp-content\/uploads\/2023\/11\/FMP_logo_black-2.png\"},{\"@type\":\"BreadcrumbList\",\"@id\":\"https:\/\/feelmypaint.com\/sk\/o-spolocnosti\/#breadcrumb\",\"itemListElement\":[{\"@type\":\"ListItem\",\"position\":1,\"name\":\"Strona g\u0142\u00f3wna\",\"item\":\"https:\/\/feelmypaint.com\/sk\/\"},{\"@type\":\"ListItem\",\"position\":2,\"name\":\"o spolo\u010dnosti\"}]},{\"@type\":\"WebSite\",\"@id\":\"https:\/\/feelmypaint.com\/sk\/#website\",\"url\":\"https:\/\/feelmypaint.com\/sk\/\",\"name\":\"FeelMyPaint - producent farb artystycznych\",\"description\":\"\",\"potentialAction\":[{\"@type\":\"SearchAction\",\"target\":{\"@type\":\"EntryPoint\",\"urlTemplate\":\"https:\/\/feelmypaint.com\/sk\/?s={search_term_string}\"},\"query-input\":{\"@type\":\"PropertyValueSpecification\",\"valueRequired\":true,\"valueName\":\"search_term_string\"}}],\"inLanguage\":\"sk-SK\"}]}<\/script>\n<!-- \/ Yoast SEO plugin. -->","yoast_head_json":{"title":"o spolo\u010dnosti - FeelMyPaint","robots":{"index":"index","follow":"follow","max-snippet":"max-snippet:-1","max-image-preview":"max-image-preview:large","max-video-preview":"max-video-preview:-1"},"canonical":"https:\/\/feelmypaint.com\/sk\/o-spolocnosti\/","og_locale":"sk_SK","og_type":"article","og_title":"o spolo\u010dnosti - FeelMyPaint","og_description":"O FeelMyPaint je rodinn\u00e1 manufakt\u00fara akrylov\u00fdch farieb so s\u00eddlom v Krakove. Od roku 2022 s v\u00e1\u0161\u0148ou vytv\u00e1rame vysokokvalitn\u00e9 farby, ktor\u00e9 sp\u00e1jaj\u00fa umeleck\u00fa slobodu s technologickou presnos\u0165ou. V\u00fdroba v mal\u00fdch d\u00e1vkach n\u00e1m umo\u017e\u0148uje zachova\u0165 \u010derstvos\u0165 a pln\u00fa kontrolu nad kvalitou ka\u017edej s\u00e9rie. Na\u0161ou misiou je dod\u00e1va\u0165 \u010derstv\u00e9, bezpe\u010dn\u00e9 a in\u0161piruj\u00face farby pre cel\u00fa Eur\u00f3pu \u2014 pre [&hellip;]","og_url":"https:\/\/feelmypaint.com\/sk\/o-spolocnosti\/","og_site_name":"FeelMyPaint","article_publisher":"https:\/\/www.facebook.com\/feelmypaintpl","article_modified_time":"2025-07-22T13:22:55+00:00","og_image":[{"width":196,"height":85,"url":"https:\/\/feelmypaint.com\/wp-content\/uploads\/2023\/11\/FMP_logo_black-2.png","type":"image\/png"}],"twitter_card":"summary_large_image","twitter_misc":{"Predpokladan\u00fd \u010das \u010d\u00edtania":"1 min\u00fata"},"schema":{"@context":"https:\/\/schema.org","@graph":[{"@type":"WebPage","@id":"https:\/\/feelmypaint.com\/sk\/o-spolocnosti\/","url":"https:\/\/feelmypaint.com\/sk\/o-spolocnosti\/","name":"o spolo\u010dnosti - FeelMyPaint","isPartOf":{"@id":"https:\/\/feelmypaint.com\/sk\/#website"},"primaryImageOfPage":{"@id":"https:\/\/feelmypaint.com\/sk\/o-spolocnosti\/#primaryimage"},"image":{"@id":"https:\/\/feelmypaint.com\/sk\/o-spolocnosti\/#primaryimage"},"thumbnailUrl":"https:\/\/feelmypaint.com\/wp-content\/uploads\/2023\/11\/FMP_logo_black-2.png","datePublished":"2023-11-20T17:43:38+00:00","dateModified":"2025-07-22T13:22:55+00:00","breadcrumb":{"@id":"https:\/\/feelmypaint.com\/sk\/o-spolocnosti\/#breadcrumb"},"inLanguage":"sk-SK","potentialAction":[{"@type":"ReadAction","target":["https:\/\/feelmypaint.com\/sk\/o-spolocnosti\/"]}]},{"@type":"ImageObject","inLanguage":"sk-SK","@id":"https:\/\/feelmypaint.com\/sk\/o-spolocnosti\/#primaryimage","url":"https:\/\/feelmypaint.com\/wp-content\/uploads\/2023\/11\/FMP_logo_black-2.png","contentUrl":"https:\/\/feelmypaint.com\/wp-content\/uploads\/2023\/11\/FMP_logo_black-2.png"},{"@type":"BreadcrumbList","@id":"https:\/\/feelmypaint.com\/sk\/o-spolocnosti\/#breadcrumb","itemListElement":[{"@type":"ListItem","position":1,"name":"Strona g\u0142\u00f3wna","item":"https:\/\/feelmypaint.com\/sk\/"},{"@type":"ListItem","position":2,"name":"o spolo\u010dnosti"}]},{"@type":"WebSite","@id":"https:\/\/feelmypaint.com\/sk\/#website","url":"https:\/\/feelmypaint.com\/sk\/","name":"FeelMyPaint - producent farb artystycznych","description":"","potentialAction":[{"@type":"SearchAction","target":{"@type":"EntryPoint","urlTemplate":"https:\/\/feelmypaint.com\/sk\/?s={search_term_string}"},"query-input":{"@type":"PropertyValueSpecification","valueRequired":true,"valueName":"search_term_string"}}],"inLanguage":"sk-SK"}]}},"_links":{"self":[{"href":"https:\/\/feelmypaint.com\/sk\/wp-json\/wp\/v2\/pages\/2568","targetHints":{"allow":["GET"]}}],"collection":[{"href":"https:\/\/feelmypaint.com\/sk\/wp-json\/wp\/v2\/pages"}],"about":[{"href":"https:\/\/feelmypaint.com\/sk\/wp-json\/wp\/v2\/types\/page"}],"author":[{"embeddable":true,"href":"https:\/\/feelmypaint.com\/sk\/wp-json\/wp\/v2\/users\/1"}],"replies":[{"embeddable":true,"href":"https:\/\/feelmypaint.com\/sk\/wp-json\/wp\/v2\/comments?post=2568"}],"version-history":[{"count":4,"href":"https:\/\/feelmypaint.com\/sk\/wp-json\/wp\/v2\/pages\/2568\/revisions"}],"predecessor-version":[{"id":3153,"href":"https:\/\/feelmypaint.com\/sk\/wp-json\/wp\/v2\/pages\/2568\/revisions\/3153"}],"wp:attachment":[{"href":"https:\/\/feelmypaint.com\/sk\/wp-json\/wp\/v2\/media?parent=2568"}],"curies":[{"name":"wp","href":"https:\/\/api.w.org\/{rel}","templated":true}]}}