{"id":2593,"date":"2025-01-25T19:53:18","date_gmt":"2025-01-25T18:53:18","guid":{"rendered":"https:\/\/feelmypaint.com\/velkoobchodna-ponuka\/"},"modified":"2025-12-11T03:33:12","modified_gmt":"2025-12-11T02:33:12","slug":"velkoobchodna-ponuka","status":"publish","type":"page","link":"https:\/\/feelmypaint.com\/sk\/velkoobchodna-ponuka\/","title":{"rendered":"Ve\u013ekoobchodn\u00e1 ponuka"},"content":{"rendered":"\t\t<div data-elementor-type=\"wp-page\" data-elementor-id=\"2593\" class=\"elementor elementor-2593 elementor-2444\" data-elementor-post-type=\"page\">\n\t\t\t\t<div class=\"elementor-element elementor-element-166f35b2 e-flex e-con-boxed e-con e-parent\" data-id=\"166f35b2\" data-element_type=\"container\" data-settings=\"{&quot;background_background&quot;:&quot;classic&quot;}\">\n\t\t\t\t\t<div class=\"e-con-inner\">\n\t\t<div class=\"elementor-element elementor-element-75768b2 e-con-full e-flex e-con e-child\" data-id=\"75768b2\" data-element_type=\"container\">\n\t\t\t\t<\/div>\n\t\t\t\t<div class=\"elementor-element elementor-element-74b8d2e2 elementor-widget elementor-widget-text-editor\" data-id=\"74b8d2e2\" data-element_type=\"widget\" data-widget_type=\"text-editor.default\">\n\t\t\t\t<div class=\"elementor-widget-container\">\n\t\t\t\t\t\t\t\t\t<h4>Poz\u00fdvame v\u00e1s na ve\u013ekoobchodn\u00fa spolupr\u00e1cu s FeelMyPaint!<\/h4><p><br>Sme v\u00fdrobcom vysokokvalitn\u00fdch akrylov\u00fdch farieb so s\u00eddlom v Krakove (Po\u013esko). Od roku 2022 dod\u00e1vame na\u0161e produkty umelcom a nad\u0161encom po celej Eur\u00f3pe, z\u00edskavaj\u00fac si d\u00f4veru ako spo\u013eahliv\u00fd a flexibiln\u00fd obchodn\u00fd partner. <\/p><ul><li>\u010co pon\u00fakame:<br>Tuby 120 ml: 31 intenz\u00edvnych, naj\u010dastej\u0161ie vyberan\u00fdch odtie\u0148ov \u2014 ide\u00e1lnych pre maloobchodn\u00fd predaj.<\/li><li>N\u00e1doby 500 ml: 10 univerz\u00e1lnych farieb \u2014 ide\u00e1lnych pre ateli\u00e9ry, umeleck\u00e9 \u0161koly a v\u00e4\u010d\u0161ie projekty.<\/li><li>Vysok\u00e1 kvalita: farby s\u00fa vyroben\u00e9 na b\u00e1ze 100% akrylovej disperzie a svetlost\u00e1lych pigmentov. V\u00fdroba v mal\u00fdch d\u00e1vkach zabezpe\u010duje \u010derstvos\u0165 a konzistenciu. <\/li><li>Odoslanie zo skladu: v\u00e4\u010d\u0161inu objedn\u00e1vok vybav\u00edme do 24 hod\u00edn a dod\u00e1vky v E\u00da trvaj\u00fa zvy\u010dajne 2-5 dn\u00ed.<\/li><\/ul><h4>Pre\u010do spolupracova\u0165 s nami?<\/h4><ul><li>Bezprobl\u00e9mov\u00e1 logistika: zasielame do celej E\u00da a mimo nej (vr\u00e1tane Ve\u013ekej Brit\u00e1nie, \u0160vaj\u010diarska, N\u00f3rska).<\/li><li>Bezplatn\u00e9 vzorky: radi v\u00e1m za\u0161leme vzorky na\u0161ich farieb na testovanie kvality.<\/li><li>Flexibiln\u00e9 podmienky: pre st\u00e1lych z\u00e1kazn\u00edkov pon\u00fakame odlo\u017een\u00e9 platobn\u00e9 term\u00edny a z\u013eavy z\u00e1visl\u00e9 od ve\u013ekosti objedn\u00e1vok.<\/li><li>Bezpe\u010dnos\u0165: sme v procese certifik\u00e1cie EN 71-3, potvrdzuj\u00facej s\u00falad s eur\u00f3pskymi bezpe\u010dnostn\u00fdmi normami.<\/li><\/ul><h4>Koho h\u013ead\u00e1me:<\/h4><ul><li>Ve\u013ekoobchodn\u00fdch distrib\u00fatorov a siet\u00ed obchodov s umeleck\u00fdmi potrebami.<\/li><li>Umeleck\u00fdch ateli\u00e9rov, akad\u00e9mi\u00ed v\u00fdtvarn\u00fdch umen\u00ed a vzdel\u00e1vac\u00edch in\u0161tit\u00faci\u00ed.<\/li><li>Firiem zauj\u00edmz\u00e1ujmom o dlhodob\u00fa spolupr\u00e1cu v oblasti z\u00e1sobovania akrylov\u00fdmi farbami.<\/li><\/ul><p> <\/p><p>Chcete pozna\u0165 podmienky spolupr\u00e1ce? Kontaktujte n\u00e1s \u2014 s pote\u0161en\u00edm odpovieme na v\u0161etky ot\u00e1zky a priprav\u00edme individu\u00e1lnu ponuku. <\/p><p>\ud83d\udce7 E-mail: jerzy@feelmypaint.com<\/p>\t\t\t\t\t\t\t\t<\/div>\n\t\t\t\t<\/div>\n\t\t\t\t\t<\/div>\n\t\t\t\t<\/div>\n\t\t\t\t<\/div>\n\t\t","protected":false},"excerpt":{"rendered":"<p>Poz\u00fdvame v\u00e1s na ve\u013ekoobchodn\u00fa spolupr\u00e1cu s FeelMyPaint! Sme v\u00fdrobcom vysokokvalitn\u00fdch akrylov\u00fdch farieb so s\u00eddlom v Krakove (Po\u013esko). Od roku 2022 dod\u00e1vame na\u0161e produkty umelcom a nad\u0161encom po celej Eur\u00f3pe, z\u00edskavaj\u00fac si d\u00f4veru ako spo\u013eahliv\u00fd a flexibiln\u00fd obchodn\u00fd partner. \u010co pon\u00fakame:Tuby 120 ml: 31 intenz\u00edvnych, naj\u010dastej\u0161ie vyberan\u00fdch odtie\u0148ov \u2014 ide\u00e1lnych pre maloobchodn\u00fd predaj. N\u00e1doby 500 ml: [&hellip;]<\/p>\n","protected":false},"author":1,"featured_media":0,"parent":0,"menu_order":0,"comment_status":"closed","ping_status":"closed","template":"","meta":{"footnotes":""},"class_list":["post-2593","page","type-page","status-publish","hentry"],"yoast_head":"<!-- This site is optimized with the Yoast SEO plugin v26.5 - https:\/\/yoast.com\/wordpress\/plugins\/seo\/ -->\n<title>Ve\u013ekoobchodn\u00e1 spolupr\u00e1ca - FeelMyPaint akrylov\u00e9 farby<\/title>\n<meta name=\"robots\" content=\"index, follow, max-snippet:-1, max-image-preview:large, max-video-preview:-1\" \/>\n<link rel=\"canonical\" href=\"https:\/\/feelmypaint.com\/sk\/velkoobchodna-ponuka\/\" \/>\n<meta property=\"og:locale\" content=\"sk_SK\" \/>\n<meta property=\"og:type\" content=\"article\" \/>\n<meta property=\"og:title\" content=\"Ve\u013ekoobchodn\u00e1 spolupr\u00e1ca - FeelMyPaint akrylov\u00e9 farby\" \/>\n<meta property=\"og:description\" content=\"Poz\u00fdvame v\u00e1s na ve\u013ekoobchodn\u00fa spolupr\u00e1cu s FeelMyPaint! Sme v\u00fdrobcom vysokokvalitn\u00fdch akrylov\u00fdch farieb so s\u00eddlom v Krakove (Po\u013esko). Od roku 2022 dod\u00e1vame na\u0161e produkty umelcom a nad\u0161encom po celej Eur\u00f3pe, z\u00edskavaj\u00fac si d\u00f4veru ako spo\u013eahliv\u00fd a flexibiln\u00fd obchodn\u00fd partner. \u010co pon\u00fakame:Tuby 120 ml: 31 intenz\u00edvnych, naj\u010dastej\u0161ie vyberan\u00fdch odtie\u0148ov \u2014 ide\u00e1lnych pre maloobchodn\u00fd predaj. N\u00e1doby 500 ml: [&hellip;]\" \/>\n<meta property=\"og:url\" content=\"https:\/\/feelmypaint.com\/sk\/velkoobchodna-ponuka\/\" \/>\n<meta property=\"og:site_name\" content=\"FeelMyPaint\" \/>\n<meta property=\"article:publisher\" content=\"https:\/\/www.facebook.com\/feelmypaintpl\" \/>\n<meta property=\"article:modified_time\" content=\"2025-12-11T02:33:12+00:00\" \/>\n<meta name=\"twitter:card\" content=\"summary_large_image\" \/>\n<meta name=\"twitter:label1\" content=\"Predpokladan\u00fd \u010das \u010d\u00edtania\" \/>\n\t<meta name=\"twitter:data1\" content=\"1 min\u00fata\" \/>\n<script type=\"application\/ld+json\" class=\"yoast-schema-graph\">{\"@context\":\"https:\/\/schema.org\",\"@graph\":[{\"@type\":\"WebPage\",\"@id\":\"https:\/\/feelmypaint.com\/sk\/velkoobchodna-ponuka\/\",\"url\":\"https:\/\/feelmypaint.com\/sk\/velkoobchodna-ponuka\/\",\"name\":\"Ve\u013ekoobchodn\u00e1 spolupr\u00e1ca - FeelMyPaint akrylov\u00e9 farby\",\"isPartOf\":{\"@id\":\"https:\/\/feelmypaint.com\/sk\/#website\"},\"datePublished\":\"2025-01-25T18:53:18+00:00\",\"dateModified\":\"2025-12-11T02:33:12+00:00\",\"breadcrumb\":{\"@id\":\"https:\/\/feelmypaint.com\/sk\/velkoobchodna-ponuka\/#breadcrumb\"},\"inLanguage\":\"sk-SK\",\"potentialAction\":[{\"@type\":\"ReadAction\",\"target\":[\"https:\/\/feelmypaint.com\/sk\/velkoobchodna-ponuka\/\"]}]},{\"@type\":\"BreadcrumbList\",\"@id\":\"https:\/\/feelmypaint.com\/sk\/velkoobchodna-ponuka\/#breadcrumb\",\"itemListElement\":[{\"@type\":\"ListItem\",\"position\":1,\"name\":\"Strona g\u0142\u00f3wna\",\"item\":\"https:\/\/feelmypaint.com\/sk\/\"},{\"@type\":\"ListItem\",\"position\":2,\"name\":\"Ve\u013ekoobchodn\u00e1 ponuka\"}]},{\"@type\":\"WebSite\",\"@id\":\"https:\/\/feelmypaint.com\/sk\/#website\",\"url\":\"https:\/\/feelmypaint.com\/sk\/\",\"name\":\"FeelMyPaint - producent farb artystycznych\",\"description\":\"\",\"potentialAction\":[{\"@type\":\"SearchAction\",\"target\":{\"@type\":\"EntryPoint\",\"urlTemplate\":\"https:\/\/feelmypaint.com\/sk\/?s={search_term_string}\"},\"query-input\":{\"@type\":\"PropertyValueSpecification\",\"valueRequired\":true,\"valueName\":\"search_term_string\"}}],\"inLanguage\":\"sk-SK\"}]}<\/script>\n<!-- \/ Yoast SEO plugin. -->","yoast_head_json":{"title":"Ve\u013ekoobchodn\u00e1 spolupr\u00e1ca - FeelMyPaint akrylov\u00e9 farby","robots":{"index":"index","follow":"follow","max-snippet":"max-snippet:-1","max-image-preview":"max-image-preview:large","max-video-preview":"max-video-preview:-1"},"canonical":"https:\/\/feelmypaint.com\/sk\/velkoobchodna-ponuka\/","og_locale":"sk_SK","og_type":"article","og_title":"Ve\u013ekoobchodn\u00e1 spolupr\u00e1ca - FeelMyPaint akrylov\u00e9 farby","og_description":"Poz\u00fdvame v\u00e1s na ve\u013ekoobchodn\u00fa spolupr\u00e1cu s FeelMyPaint! Sme v\u00fdrobcom vysokokvalitn\u00fdch akrylov\u00fdch farieb so s\u00eddlom v Krakove (Po\u013esko). Od roku 2022 dod\u00e1vame na\u0161e produkty umelcom a nad\u0161encom po celej Eur\u00f3pe, z\u00edskavaj\u00fac si d\u00f4veru ako spo\u013eahliv\u00fd a flexibiln\u00fd obchodn\u00fd partner. \u010co pon\u00fakame:Tuby 120 ml: 31 intenz\u00edvnych, naj\u010dastej\u0161ie vyberan\u00fdch odtie\u0148ov \u2014 ide\u00e1lnych pre maloobchodn\u00fd predaj. N\u00e1doby 500 ml: [&hellip;]","og_url":"https:\/\/feelmypaint.com\/sk\/velkoobchodna-ponuka\/","og_site_name":"FeelMyPaint","article_publisher":"https:\/\/www.facebook.com\/feelmypaintpl","article_modified_time":"2025-12-11T02:33:12+00:00","twitter_card":"summary_large_image","twitter_misc":{"Predpokladan\u00fd \u010das \u010d\u00edtania":"1 min\u00fata"},"schema":{"@context":"https:\/\/schema.org","@graph":[{"@type":"WebPage","@id":"https:\/\/feelmypaint.com\/sk\/velkoobchodna-ponuka\/","url":"https:\/\/feelmypaint.com\/sk\/velkoobchodna-ponuka\/","name":"Ve\u013ekoobchodn\u00e1 spolupr\u00e1ca - FeelMyPaint akrylov\u00e9 farby","isPartOf":{"@id":"https:\/\/feelmypaint.com\/sk\/#website"},"datePublished":"2025-01-25T18:53:18+00:00","dateModified":"2025-12-11T02:33:12+00:00","breadcrumb":{"@id":"https:\/\/feelmypaint.com\/sk\/velkoobchodna-ponuka\/#breadcrumb"},"inLanguage":"sk-SK","potentialAction":[{"@type":"ReadAction","target":["https:\/\/feelmypaint.com\/sk\/velkoobchodna-ponuka\/"]}]},{"@type":"BreadcrumbList","@id":"https:\/\/feelmypaint.com\/sk\/velkoobchodna-ponuka\/#breadcrumb","itemListElement":[{"@type":"ListItem","position":1,"name":"Strona g\u0142\u00f3wna","item":"https:\/\/feelmypaint.com\/sk\/"},{"@type":"ListItem","position":2,"name":"Ve\u013ekoobchodn\u00e1 ponuka"}]},{"@type":"WebSite","@id":"https:\/\/feelmypaint.com\/sk\/#website","url":"https:\/\/feelmypaint.com\/sk\/","name":"FeelMyPaint - producent farb artystycznych","description":"","potentialAction":[{"@type":"SearchAction","target":{"@type":"EntryPoint","urlTemplate":"https:\/\/feelmypaint.com\/sk\/?s={search_term_string}"},"query-input":{"@type":"PropertyValueSpecification","valueRequired":true,"valueName":"search_term_string"}}],"inLanguage":"sk-SK"}]}},"_links":{"self":[{"href":"https:\/\/feelmypaint.com\/sk\/wp-json\/wp\/v2\/pages\/2593","targetHints":{"allow":["GET"]}}],"collection":[{"href":"https:\/\/feelmypaint.com\/sk\/wp-json\/wp\/v2\/pages"}],"about":[{"href":"https:\/\/feelmypaint.com\/sk\/wp-json\/wp\/v2\/types\/page"}],"author":[{"embeddable":true,"href":"https:\/\/feelmypaint.com\/sk\/wp-json\/wp\/v2\/users\/1"}],"replies":[{"embeddable":true,"href":"https:\/\/feelmypaint.com\/sk\/wp-json\/wp\/v2\/comments?post=2593"}],"version-history":[{"count":4,"href":"https:\/\/feelmypaint.com\/sk\/wp-json\/wp\/v2\/pages\/2593\/revisions"}],"predecessor-version":[{"id":3292,"href":"https:\/\/feelmypaint.com\/sk\/wp-json\/wp\/v2\/pages\/2593\/revisions\/3292"}],"wp:attachment":[{"href":"https:\/\/feelmypaint.com\/sk\/wp-json\/wp\/v2\/media?parent=2593"}],"curies":[{"name":"wp","href":"https:\/\/api.w.org\/{rel}","templated":true}]}}