{"id":2747,"date":"2025-02-02T16:21:02","date_gmt":"2025-02-02T15:21:02","guid":{"rendered":"https:\/\/feelmypaint.com\/karta-bezpecnostnych-udajov\/"},"modified":"2025-02-02T16:24:00","modified_gmt":"2025-02-02T15:24:00","slug":"karta-bezpecnostnych-udajov","status":"publish","type":"page","link":"https:\/\/feelmypaint.com\/sk\/karta-bezpecnostnych-udajov\/","title":{"rendered":"Karta bezpe\u010dnostn\u00fdch \u00fadajov"},"content":{"rendered":"\n<p>Anglick\u00fa verziu karty bezpe\u010dnostn\u00fdch \u00fadajov si m\u00f4\u017eete stiahnu\u0165 na tejto str\u00e1nke.<\/p>\n\n<div class=\"wp-block-file\"><a id=\"wp-block-file--media-0bb84880-dfd6-4002-a3c6-0e50dd0a60c8\" href=\"https:\/\/feelmypaint.com\/wp-content\/uploads\/2025\/02\/FeelMyPaint-2_0_SDS_ENG.pdf\">FeelMyPaint 2_0_SDS_ENG<\/a><a href=\"https:\/\/feelmypaint.com\/wp-content\/uploads\/2025\/02\/FeelMyPaint-2_0_SDS_ENG.pdf\" class=\"wp-block-file__button wp-element-button\" download=\"\" aria-describedby=\"wp-block-file--media-0bb84880-dfd6-4002-a3c6-0e50dd0a60c8\">Stiahnite si<\/a><\/div>\n\n<p><\/p>\n","protected":false},"excerpt":{"rendered":"<p>Anglick\u00fa verziu karty bezpe\u010dnostn\u00fdch \u00fadajov si m\u00f4\u017eete stiahnu\u0165 na tejto str\u00e1nke.<\/p>\n","protected":false},"author":1,"featured_media":0,"parent":0,"menu_order":0,"comment_status":"closed","ping_status":"closed","template":"","meta":{"footnotes":""},"class_list":["post-2747","page","type-page","status-publish","hentry"],"yoast_head":"<!-- This site is optimized with the Yoast SEO plugin v26.5 - https:\/\/yoast.com\/wordpress\/plugins\/seo\/ -->\n<title>Karta bezpe\u010dnostn\u00fdch \u00fadajov - FeelMyPaint<\/title>\n<meta name=\"robots\" content=\"index, follow, max-snippet:-1, max-image-preview:large, max-video-preview:-1\" \/>\n<link rel=\"canonical\" href=\"https:\/\/feelmypaint.com\/sk\/karta-bezpecnostnych-udajov\/\" \/>\n<meta property=\"og:locale\" content=\"sk_SK\" \/>\n<meta property=\"og:type\" content=\"article\" \/>\n<meta property=\"og:title\" content=\"Karta bezpe\u010dnostn\u00fdch \u00fadajov - FeelMyPaint\" \/>\n<meta property=\"og:description\" content=\"Anglick\u00fa verziu karty bezpe\u010dnostn\u00fdch \u00fadajov si m\u00f4\u017eete stiahnu\u0165 na tejto str\u00e1nke.\" \/>\n<meta property=\"og:url\" content=\"https:\/\/feelmypaint.com\/sk\/karta-bezpecnostnych-udajov\/\" \/>\n<meta property=\"og:site_name\" content=\"FeelMyPaint\" \/>\n<meta property=\"article:publisher\" content=\"https:\/\/www.facebook.com\/feelmypaintpl\" \/>\n<meta property=\"article:modified_time\" content=\"2025-02-02T15:24:00+00:00\" \/>\n<meta name=\"twitter:card\" content=\"summary_large_image\" \/>\n<script type=\"application\/ld+json\" class=\"yoast-schema-graph\">{\"@context\":\"https:\/\/schema.org\",\"@graph\":[{\"@type\":\"WebPage\",\"@id\":\"https:\/\/feelmypaint.com\/sk\/karta-bezpecnostnych-udajov\/\",\"url\":\"https:\/\/feelmypaint.com\/sk\/karta-bezpecnostnych-udajov\/\",\"name\":\"Karta bezpe\u010dnostn\u00fdch \u00fadajov - FeelMyPaint\",\"isPartOf\":{\"@id\":\"https:\/\/feelmypaint.com\/sk\/#website\"},\"datePublished\":\"2025-02-02T15:21:02+00:00\",\"dateModified\":\"2025-02-02T15:24:00+00:00\",\"breadcrumb\":{\"@id\":\"https:\/\/feelmypaint.com\/sk\/karta-bezpecnostnych-udajov\/#breadcrumb\"},\"inLanguage\":\"sk-SK\",\"potentialAction\":[{\"@type\":\"ReadAction\",\"target\":[\"https:\/\/feelmypaint.com\/sk\/karta-bezpecnostnych-udajov\/\"]}]},{\"@type\":\"BreadcrumbList\",\"@id\":\"https:\/\/feelmypaint.com\/sk\/karta-bezpecnostnych-udajov\/#breadcrumb\",\"itemListElement\":[{\"@type\":\"ListItem\",\"position\":1,\"name\":\"Strona g\u0142\u00f3wna\",\"item\":\"https:\/\/feelmypaint.com\/sk\/\"},{\"@type\":\"ListItem\",\"position\":2,\"name\":\"Karta bezpe\u010dnostn\u00fdch \u00fadajov\"}]},{\"@type\":\"WebSite\",\"@id\":\"https:\/\/feelmypaint.com\/sk\/#website\",\"url\":\"https:\/\/feelmypaint.com\/sk\/\",\"name\":\"FeelMyPaint - producent farb artystycznych\",\"description\":\"\",\"potentialAction\":[{\"@type\":\"SearchAction\",\"target\":{\"@type\":\"EntryPoint\",\"urlTemplate\":\"https:\/\/feelmypaint.com\/sk\/?s={search_term_string}\"},\"query-input\":{\"@type\":\"PropertyValueSpecification\",\"valueRequired\":true,\"valueName\":\"search_term_string\"}}],\"inLanguage\":\"sk-SK\"}]}<\/script>\n<!-- \/ Yoast SEO plugin. -->","yoast_head_json":{"title":"Karta bezpe\u010dnostn\u00fdch \u00fadajov - FeelMyPaint","robots":{"index":"index","follow":"follow","max-snippet":"max-snippet:-1","max-image-preview":"max-image-preview:large","max-video-preview":"max-video-preview:-1"},"canonical":"https:\/\/feelmypaint.com\/sk\/karta-bezpecnostnych-udajov\/","og_locale":"sk_SK","og_type":"article","og_title":"Karta bezpe\u010dnostn\u00fdch \u00fadajov - FeelMyPaint","og_description":"Anglick\u00fa verziu karty bezpe\u010dnostn\u00fdch \u00fadajov si m\u00f4\u017eete stiahnu\u0165 na tejto str\u00e1nke.","og_url":"https:\/\/feelmypaint.com\/sk\/karta-bezpecnostnych-udajov\/","og_site_name":"FeelMyPaint","article_publisher":"https:\/\/www.facebook.com\/feelmypaintpl","article_modified_time":"2025-02-02T15:24:00+00:00","twitter_card":"summary_large_image","schema":{"@context":"https:\/\/schema.org","@graph":[{"@type":"WebPage","@id":"https:\/\/feelmypaint.com\/sk\/karta-bezpecnostnych-udajov\/","url":"https:\/\/feelmypaint.com\/sk\/karta-bezpecnostnych-udajov\/","name":"Karta bezpe\u010dnostn\u00fdch \u00fadajov - FeelMyPaint","isPartOf":{"@id":"https:\/\/feelmypaint.com\/sk\/#website"},"datePublished":"2025-02-02T15:21:02+00:00","dateModified":"2025-02-02T15:24:00+00:00","breadcrumb":{"@id":"https:\/\/feelmypaint.com\/sk\/karta-bezpecnostnych-udajov\/#breadcrumb"},"inLanguage":"sk-SK","potentialAction":[{"@type":"ReadAction","target":["https:\/\/feelmypaint.com\/sk\/karta-bezpecnostnych-udajov\/"]}]},{"@type":"BreadcrumbList","@id":"https:\/\/feelmypaint.com\/sk\/karta-bezpecnostnych-udajov\/#breadcrumb","itemListElement":[{"@type":"ListItem","position":1,"name":"Strona g\u0142\u00f3wna","item":"https:\/\/feelmypaint.com\/sk\/"},{"@type":"ListItem","position":2,"name":"Karta bezpe\u010dnostn\u00fdch \u00fadajov"}]},{"@type":"WebSite","@id":"https:\/\/feelmypaint.com\/sk\/#website","url":"https:\/\/feelmypaint.com\/sk\/","name":"FeelMyPaint - producent farb artystycznych","description":"","potentialAction":[{"@type":"SearchAction","target":{"@type":"EntryPoint","urlTemplate":"https:\/\/feelmypaint.com\/sk\/?s={search_term_string}"},"query-input":{"@type":"PropertyValueSpecification","valueRequired":true,"valueName":"search_term_string"}}],"inLanguage":"sk-SK"}]}},"_links":{"self":[{"href":"https:\/\/feelmypaint.com\/sk\/wp-json\/wp\/v2\/pages\/2747","targetHints":{"allow":["GET"]}}],"collection":[{"href":"https:\/\/feelmypaint.com\/sk\/wp-json\/wp\/v2\/pages"}],"about":[{"href":"https:\/\/feelmypaint.com\/sk\/wp-json\/wp\/v2\/types\/page"}],"author":[{"embeddable":true,"href":"https:\/\/feelmypaint.com\/sk\/wp-json\/wp\/v2\/users\/1"}],"replies":[{"embeddable":true,"href":"https:\/\/feelmypaint.com\/sk\/wp-json\/wp\/v2\/comments?post=2747"}],"version-history":[{"count":1,"href":"https:\/\/feelmypaint.com\/sk\/wp-json\/wp\/v2\/pages\/2747\/revisions"}],"predecessor-version":[{"id":2748,"href":"https:\/\/feelmypaint.com\/sk\/wp-json\/wp\/v2\/pages\/2747\/revisions\/2748"}],"wp:attachment":[{"href":"https:\/\/feelmypaint.com\/sk\/wp-json\/wp\/v2\/media?parent=2747"}],"curies":[{"name":"wp","href":"https:\/\/api.w.org\/{rel}","templated":true}]}}