{"id":2925,"date":"2023-11-26T21:49:11","date_gmt":"2023-11-26T20:49:11","guid":{"rendered":"https:\/\/feelmypaint.com\/zasady-ochrany-osobnych-udajov\/"},"modified":"2025-05-29T17:18:13","modified_gmt":"2025-05-29T16:18:13","slug":"zasady-ochrany-osobnych-udajov","status":"publish","type":"page","link":"https:\/\/feelmypaint.com\/sk\/zasady-ochrany-osobnych-udajov\/","title":{"rendered":"Z\u00e1sady ochrany osobn\u00fdch \u00fadajov"},"content":{"rendered":"\t\t<div data-elementor-type=\"wp-page\" data-elementor-id=\"2925\" class=\"elementor elementor-2925 elementor-787\" data-elementor-post-type=\"page\">\n\t\t\t\t<div class=\"elementor-element elementor-element-ee5dd27 e-flex e-con-boxed e-con e-parent\" data-id=\"ee5dd27\" data-element_type=\"container\" data-settings=\"{&quot;background_background&quot;:&quot;classic&quot;}\">\n\t\t\t\t\t<div class=\"e-con-inner\">\n\t\t<div class=\"elementor-element elementor-element-f1afe19 e-flex e-con-boxed e-con e-child\" data-id=\"f1afe19\" data-element_type=\"container\">\n\t\t\t\t\t<div class=\"e-con-inner\">\n\t\t\t\t<div class=\"elementor-element elementor-element-7dd1d4f elementor-widget elementor-widget-heading\" data-id=\"7dd1d4f\" data-element_type=\"widget\" data-widget_type=\"heading.default\">\n\t\t\t\t<div class=\"elementor-widget-container\">\n\t\t\t\t\t<h1 class=\"elementor-heading-title elementor-size-default\">Z\u00e1sady ochrany osobn\u00fdch \u00fadajov<\/h1>\t\t\t\t<\/div>\n\t\t\t\t<\/div>\n\t\t\t\t\t<\/div>\n\t\t\t\t<\/div>\n\t\t\t\t<div class=\"elementor-element elementor-element-6a41129 elementor-widget elementor-widget-text-editor\" data-id=\"6a41129\" data-element_type=\"widget\" data-widget_type=\"text-editor.default\">\n\t\t\t\t<div class=\"elementor-widget-container\">\n\t\t\t\t\t\t\t\t\t<p data-start=\"229\" data-end=\"253\"><strong data-start=\"229\" data-end=\"253\">Z\u00e1sady ochrany osobn\u00fdch \u00fadajov<\/strong><\/p>\n<p data-start=\"255\" data-end=\"451\"><strong data-start=\"255\" data-end=\"282\">1. V\u0161eobecn\u00e9 ustanovenia<\/strong><br data-start=\"282\" data-end=\"285\">Tieto z\u00e1sady ochrany osobn\u00fdch \u00fadajov stanovuj\u00fa pravidl\u00e1 spracovania osobn\u00fdch \u00fadajov spr\u00e1vcom webovej str\u00e1nky <a href=\"https:\/\/store.feelmypaint.com\" target=\"_new\" rel=\"noopener\" data-start=\"403\" data-end=\"432\">https:\/\/feelmypaint.com<\/a> (\u010falej len \u201estr\u00e1nka\u201c).<\/p>\n<p data-start=\"453\" data-end=\"609\">Prev\u00e1dzkovate\u013eom \u00fadajov je:<br><strong data-start=\"482\" data-end=\"508\">FeelMyPaint Sp. z o.o. <\/strong><br data-start=\"508\" data-end=\"511\">ul. Zag\u0142oby 2F, 31-980 Krak\u00f3w<br data-start=\"540\" data-end=\"543\">NIP: 6783199623, REGON: 522825535<br data-start=\"576\" data-end=\"579\">Kontakt: <a rel=\"noopener\" data-start=\"588\" data-end=\"609\">info@feelmypaint.com<\/a> <\/p>\n<p data-start=\"611\" data-end=\"725\"><strong data-start=\"611\" data-end=\"663\">2. Rozsah zhroma\u017e\u010fovan\u00fdch \u00fadajov a \u00fa\u010dely spracovania<\/strong><br data-start=\"663\" data-end=\"666\">Spr\u00e1vca sprac\u00fava osobn\u00e9 \u00fadaje len v rozsahu:<\/p>\n<ul data-start=\"726\" data-end=\"1060\">\n<li data-start=\"726\" data-end=\"892\">\n<p data-start=\"728\" data-end=\"892\">\u00fadaje poskytnut\u00e9 prostredn\u00edctvom kontaktn\u00e9ho formul\u00e1ra (napr. meno, e-mailov\u00e1 adresa, obsah spr\u00e1vy) &#8211; s cie\u013eom odpoveda\u0165 na \u017eiados\u0165 (\u010dl\u00e1nok 6 ods. 1 p\u00edsm. f) RODO),<\/p>\n<\/li>\n<li data-start=\"893\" data-end=\"1060\">\n<p data-start=\"895\" data-end=\"1060\">\u00fadaje zhroma\u017eden\u00e9 prostredn\u00edctvom s\u00faborov cookie &#8211; na technick\u00e9, \u0161tatistick\u00e9 a &#8211; so s\u00fahlasom &#8211; marketingov\u00e9 \u00fa\u010dely (\u010dl\u00e1nok 6 ods. 1 p\u00edsm. a) a f) RODO).<\/p>\n<\/li>\n<\/ul>\n<p data-start=\"1062\" data-end=\"1310\"><strong data-start=\"1062\" data-end=\"1076\">3 S\u00fabory cookie<\/strong><br data-start=\"1076\" data-end=\"1079\">Webov\u00e1 str\u00e1nka pou\u017e\u00edva s\u00fabory cookie.<br data-start=\"1173\" data-end=\"1176\">S\u00fahlas so s\u00fabormi cookie m\u00f4\u017eete kedyko\u013evek odvola\u0165 v nastaveniach prehliada\u010da alebo kliknut\u00edm na \u201eZmeni\u0165 nastavenia ochrany osobn\u00fdch \u00fadajov\u201c v p\u00e4ti\u010dke webovej str\u00e1nky.<\/p>\n<p data-start=\"1312\" data-end=\"1475\"><strong data-start=\"1312\" data-end=\"1334\">4 Pr\u00edjemcovia \u00fadajov<\/strong><br data-start=\"1334\" data-end=\"1337\">\u00dadaje sa m\u00f4\u017eu pren\u00e1\u0161a\u0165 subjektom, ktor\u00e9 technicky podporuj\u00fa spr\u00e1vcu (napr. webhostingov\u00e9 spolo\u010dnosti, poskytovatelia formul\u00e1rov, poskytovatelia analytick\u00fdch slu\u017eieb).<\/p>\n<p data-start=\"1477\" data-end=\"1528\"><strong data-start=\"1477\" data-end=\"1501\">5. Pr\u00e1va pou\u017e\u00edvate\u013ea<\/strong><br data-start=\"1501\" data-end=\"1504\">M\u00e1te pr\u00e1vo:<\/p>\n<ul data-start=\"1529\" data-end=\"1734\">\n<li data-start=\"1529\" data-end=\"1549\">\n<p data-start=\"1531\" data-end=\"1549\">pr\u00edstup k \u00fadajom,<\/p>\n<\/li>\n<li data-start=\"1550\" data-end=\"1611\">\n<p data-start=\"1552\" data-end=\"1611\">ich opravu, vymazanie alebo obmedzenie spracovania,<\/p>\n<\/li>\n<li data-start=\"1612\" data-end=\"1655\">\n<p data-start=\"1614\" data-end=\"1655\">vznies\u0165 n\u00e1mietku proti spracovaniu,<\/p>\n<\/li>\n<li data-start=\"1656\" data-end=\"1697\">\n<p data-start=\"1658\" data-end=\"1697\">odvolanie s\u00fahlasu (ak bol dan\u00fd),<\/p>\n<\/li>\n<li data-start=\"1698\" data-end=\"1734\">\n<p data-start=\"1700\" data-end=\"1734\">poda\u0165 s\u0165a\u017enos\u0165 predsedovi UODO.<\/p>\n<\/li>\n<\/ul>\n<p data-start=\"1736\" data-end=\"1928\"><strong data-start=\"1736\" data-end=\"1764\">6 Uchov\u00e1vanie \u00fadajov<\/strong><br data-start=\"1764\" data-end=\"1767\">\u00dadaje sprac\u00favan\u00e9 na z\u00e1klade s\u00fahlasu &#8211; do jeho odvolania.<br data-start=\"1831\" data-end=\"1834\">\u00dadaje z kontaktn\u00e9ho formul\u00e1ra &#8211; do ukon\u010denia kore\u0161pondencie alebo vznesenia n\u00e1mietky.<\/p>\n<p data-start=\"1930\" data-end=\"2073\"><strong data-start=\"1930\" data-end=\"1964\">7. Dobrovo\u013enos\u0165 \u00fadajov<\/strong><br data-start=\"1964\" data-end=\"1967\">Poskytnutie osobn\u00fdch \u00fadajov v kontaktnom formul\u00e1ri je dobrovo\u013en\u00e9, ale nevyhnutn\u00e9 na z\u00edskanie odpovede.<\/p>\n<p data-start=\"2075\" data-end=\"2298\"><strong data-start=\"2075\" data-end=\"2111\">8 Prenos \u00fadajov mimo EHP<\/strong><br data-start=\"2111\" data-end=\"2114\">\u00dadaje sa m\u00f4\u017eu pren\u00e1\u0161a\u0165 mimo Eur\u00f3pskeho hospod\u00e1rskeho priestoru v s\u00favislosti s pou\u017e\u00edvan\u00edm analytick\u00fdch alebo marketingov\u00fdch n\u00e1strojov &#8211; len na z\u00e1klade v\u00e1\u0161ho s\u00fahlasu (cookies).<\/p>\n<p data-start=\"2300\" data-end=\"2444\"><strong data-start=\"2300\" data-end=\"2328\">9 Bezpe\u010dnos\u0165 \u00fadajov<\/strong><br data-start=\"2328\" data-end=\"2331\">Spr\u00e1vca uplat\u0148uje vhodn\u00e9 technick\u00e9 a organiza\u010dn\u00e9 opatrenia na ochranu \u00fadajov pred neopr\u00e1vnen\u00fdm pr\u00edstupom.<\/p>\n<p data-start=\"2446\" data-end=\"2501\">Tieto z\u00e1sady ochrany osobn\u00fdch \u00fadajov s\u00fa \u00fa\u010dinn\u00e9 od <strong data-start=\"2486\" data-end=\"2500\">29.05.2025<\/strong>.<\/p>\t\t\t\t\t\t\t\t<\/div>\n\t\t\t\t<\/div>\n\t\t\t\t\t<\/div>\n\t\t\t\t<\/div>\n\t\t\t\t<\/div>\n\t\t","protected":false},"excerpt":{"rendered":"<p>Z\u00e1sady ochrany osobn\u00fdch \u00fadajov Z\u00e1sady ochrany osobn\u00fdch \u00fadajov 1. V\u0161eobecn\u00e9 ustanoveniaTieto z\u00e1sady ochrany osobn\u00fdch \u00fadajov stanovuj\u00fa pravidl\u00e1 spracovania osobn\u00fdch \u00fadajov spr\u00e1vcom webovej str\u00e1nky https:\/\/feelmypaint.com (\u010falej len \u201estr\u00e1nka\u201c). Prev\u00e1dzkovate\u013eom \u00fadajov je:FeelMyPaint Sp. z o.o. ul. Zag\u0142oby 2F, 31-980 Krak\u00f3wNIP: 6783199623, REGON: 522825535Kontakt: info@feelmypaint.com 2. Rozsah zhroma\u017e\u010fovan\u00fdch \u00fadajov a \u00fa\u010dely spracovaniaSpr\u00e1vca sprac\u00fava osobn\u00e9 \u00fadaje len v rozsahu: [&hellip;]<\/p>\n","protected":false},"author":1,"featured_media":0,"parent":0,"menu_order":0,"comment_status":"closed","ping_status":"closed","template":"","meta":{"footnotes":""},"class_list":["post-2925","page","type-page","status-publish","hentry"],"yoast_head":"<!-- This site is optimized with the Yoast SEO plugin v26.5 - https:\/\/yoast.com\/wordpress\/plugins\/seo\/ -->\n<title>Z\u00e1sady ochrany osobn\u00fdch \u00fadajov - FeelMyPaint<\/title>\n<meta name=\"robots\" content=\"index, follow, max-snippet:-1, max-image-preview:large, max-video-preview:-1\" \/>\n<link rel=\"canonical\" href=\"https:\/\/feelmypaint.com\/sk\/zasady-ochrany-osobnych-udajov\/\" \/>\n<meta property=\"og:locale\" content=\"sk_SK\" \/>\n<meta property=\"og:type\" content=\"article\" \/>\n<meta property=\"og:title\" content=\"Z\u00e1sady ochrany osobn\u00fdch \u00fadajov - FeelMyPaint\" \/>\n<meta property=\"og:description\" content=\"Z\u00e1sady ochrany osobn\u00fdch \u00fadajov Z\u00e1sady ochrany osobn\u00fdch \u00fadajov 1. V\u0161eobecn\u00e9 ustanoveniaTieto z\u00e1sady ochrany osobn\u00fdch \u00fadajov stanovuj\u00fa pravidl\u00e1 spracovania osobn\u00fdch \u00fadajov spr\u00e1vcom webovej str\u00e1nky https:\/\/feelmypaint.com (\u010falej len \u201estr\u00e1nka\u201c). Prev\u00e1dzkovate\u013eom \u00fadajov je:FeelMyPaint Sp. z o.o. ul. Zag\u0142oby 2F, 31-980 Krak\u00f3wNIP: 6783199623, REGON: 522825535Kontakt: info@feelmypaint.com 2. Rozsah zhroma\u017e\u010fovan\u00fdch \u00fadajov a \u00fa\u010dely spracovaniaSpr\u00e1vca sprac\u00fava osobn\u00e9 \u00fadaje len v rozsahu: [&hellip;]\" \/>\n<meta property=\"og:url\" content=\"https:\/\/feelmypaint.com\/sk\/zasady-ochrany-osobnych-udajov\/\" \/>\n<meta property=\"og:site_name\" content=\"FeelMyPaint\" \/>\n<meta property=\"article:publisher\" content=\"https:\/\/www.facebook.com\/feelmypaintpl\" \/>\n<meta property=\"article:modified_time\" content=\"2025-05-29T16:18:13+00:00\" \/>\n<meta name=\"twitter:card\" content=\"summary_large_image\" \/>\n<meta name=\"twitter:label1\" content=\"Predpokladan\u00fd \u010das \u010d\u00edtania\" \/>\n\t<meta name=\"twitter:data1\" content=\"2 min\u00faty\" \/>\n<script type=\"application\/ld+json\" class=\"yoast-schema-graph\">{\"@context\":\"https:\/\/schema.org\",\"@graph\":[{\"@type\":\"WebPage\",\"@id\":\"https:\/\/feelmypaint.com\/sk\/zasady-ochrany-osobnych-udajov\/\",\"url\":\"https:\/\/feelmypaint.com\/sk\/zasady-ochrany-osobnych-udajov\/\",\"name\":\"Z\u00e1sady ochrany osobn\u00fdch \u00fadajov - FeelMyPaint\",\"isPartOf\":{\"@id\":\"https:\/\/feelmypaint.com\/sk\/#website\"},\"datePublished\":\"2023-11-26T20:49:11+00:00\",\"dateModified\":\"2025-05-29T16:18:13+00:00\",\"breadcrumb\":{\"@id\":\"https:\/\/feelmypaint.com\/sk\/zasady-ochrany-osobnych-udajov\/#breadcrumb\"},\"inLanguage\":\"sk-SK\",\"potentialAction\":[{\"@type\":\"ReadAction\",\"target\":[\"https:\/\/feelmypaint.com\/sk\/zasady-ochrany-osobnych-udajov\/\"]}]},{\"@type\":\"BreadcrumbList\",\"@id\":\"https:\/\/feelmypaint.com\/sk\/zasady-ochrany-osobnych-udajov\/#breadcrumb\",\"itemListElement\":[{\"@type\":\"ListItem\",\"position\":1,\"name\":\"Strona g\u0142\u00f3wna\",\"item\":\"https:\/\/feelmypaint.com\/sk\/\"},{\"@type\":\"ListItem\",\"position\":2,\"name\":\"Z\u00e1sady ochrany osobn\u00fdch \u00fadajov\"}]},{\"@type\":\"WebSite\",\"@id\":\"https:\/\/feelmypaint.com\/sk\/#website\",\"url\":\"https:\/\/feelmypaint.com\/sk\/\",\"name\":\"FeelMyPaint - producent farb artystycznych\",\"description\":\"\",\"potentialAction\":[{\"@type\":\"SearchAction\",\"target\":{\"@type\":\"EntryPoint\",\"urlTemplate\":\"https:\/\/feelmypaint.com\/sk\/?s={search_term_string}\"},\"query-input\":{\"@type\":\"PropertyValueSpecification\",\"valueRequired\":true,\"valueName\":\"search_term_string\"}}],\"inLanguage\":\"sk-SK\"}]}<\/script>\n<!-- \/ Yoast SEO plugin. -->","yoast_head_json":{"title":"Z\u00e1sady ochrany osobn\u00fdch \u00fadajov - FeelMyPaint","robots":{"index":"index","follow":"follow","max-snippet":"max-snippet:-1","max-image-preview":"max-image-preview:large","max-video-preview":"max-video-preview:-1"},"canonical":"https:\/\/feelmypaint.com\/sk\/zasady-ochrany-osobnych-udajov\/","og_locale":"sk_SK","og_type":"article","og_title":"Z\u00e1sady ochrany osobn\u00fdch \u00fadajov - FeelMyPaint","og_description":"Z\u00e1sady ochrany osobn\u00fdch \u00fadajov Z\u00e1sady ochrany osobn\u00fdch \u00fadajov 1. V\u0161eobecn\u00e9 ustanoveniaTieto z\u00e1sady ochrany osobn\u00fdch \u00fadajov stanovuj\u00fa pravidl\u00e1 spracovania osobn\u00fdch \u00fadajov spr\u00e1vcom webovej str\u00e1nky https:\/\/feelmypaint.com (\u010falej len \u201estr\u00e1nka\u201c). Prev\u00e1dzkovate\u013eom \u00fadajov je:FeelMyPaint Sp. z o.o. ul. Zag\u0142oby 2F, 31-980 Krak\u00f3wNIP: 6783199623, REGON: 522825535Kontakt: info@feelmypaint.com 2. Rozsah zhroma\u017e\u010fovan\u00fdch \u00fadajov a \u00fa\u010dely spracovaniaSpr\u00e1vca sprac\u00fava osobn\u00e9 \u00fadaje len v rozsahu: [&hellip;]","og_url":"https:\/\/feelmypaint.com\/sk\/zasady-ochrany-osobnych-udajov\/","og_site_name":"FeelMyPaint","article_publisher":"https:\/\/www.facebook.com\/feelmypaintpl","article_modified_time":"2025-05-29T16:18:13+00:00","twitter_card":"summary_large_image","twitter_misc":{"Predpokladan\u00fd \u010das \u010d\u00edtania":"2 min\u00faty"},"schema":{"@context":"https:\/\/schema.org","@graph":[{"@type":"WebPage","@id":"https:\/\/feelmypaint.com\/sk\/zasady-ochrany-osobnych-udajov\/","url":"https:\/\/feelmypaint.com\/sk\/zasady-ochrany-osobnych-udajov\/","name":"Z\u00e1sady ochrany osobn\u00fdch \u00fadajov - FeelMyPaint","isPartOf":{"@id":"https:\/\/feelmypaint.com\/sk\/#website"},"datePublished":"2023-11-26T20:49:11+00:00","dateModified":"2025-05-29T16:18:13+00:00","breadcrumb":{"@id":"https:\/\/feelmypaint.com\/sk\/zasady-ochrany-osobnych-udajov\/#breadcrumb"},"inLanguage":"sk-SK","potentialAction":[{"@type":"ReadAction","target":["https:\/\/feelmypaint.com\/sk\/zasady-ochrany-osobnych-udajov\/"]}]},{"@type":"BreadcrumbList","@id":"https:\/\/feelmypaint.com\/sk\/zasady-ochrany-osobnych-udajov\/#breadcrumb","itemListElement":[{"@type":"ListItem","position":1,"name":"Strona g\u0142\u00f3wna","item":"https:\/\/feelmypaint.com\/sk\/"},{"@type":"ListItem","position":2,"name":"Z\u00e1sady ochrany osobn\u00fdch \u00fadajov"}]},{"@type":"WebSite","@id":"https:\/\/feelmypaint.com\/sk\/#website","url":"https:\/\/feelmypaint.com\/sk\/","name":"FeelMyPaint - producent farb artystycznych","description":"","potentialAction":[{"@type":"SearchAction","target":{"@type":"EntryPoint","urlTemplate":"https:\/\/feelmypaint.com\/sk\/?s={search_term_string}"},"query-input":{"@type":"PropertyValueSpecification","valueRequired":true,"valueName":"search_term_string"}}],"inLanguage":"sk-SK"}]}},"_links":{"self":[{"href":"https:\/\/feelmypaint.com\/sk\/wp-json\/wp\/v2\/pages\/2925","targetHints":{"allow":["GET"]}}],"collection":[{"href":"https:\/\/feelmypaint.com\/sk\/wp-json\/wp\/v2\/pages"}],"about":[{"href":"https:\/\/feelmypaint.com\/sk\/wp-json\/wp\/v2\/types\/page"}],"author":[{"embeddable":true,"href":"https:\/\/feelmypaint.com\/sk\/wp-json\/wp\/v2\/users\/1"}],"replies":[{"embeddable":true,"href":"https:\/\/feelmypaint.com\/sk\/wp-json\/wp\/v2\/comments?post=2925"}],"version-history":[{"count":1,"href":"https:\/\/feelmypaint.com\/sk\/wp-json\/wp\/v2\/pages\/2925\/revisions"}],"predecessor-version":[{"id":2926,"href":"https:\/\/feelmypaint.com\/sk\/wp-json\/wp\/v2\/pages\/2925\/revisions\/2926"}],"wp:attachment":[{"href":"https:\/\/feelmypaint.com\/sk\/wp-json\/wp\/v2\/media?parent=2925"}],"curies":[{"name":"wp","href":"https:\/\/api.w.org\/{rel}","templated":true}]}}